{"id":321,"date":"2024-02-28T13:20:19","date_gmt":"2024-02-28T12:20:19","guid":{"rendered":"https:\/\/elektronmusikstudion.se\/?page_id=321"},"modified":"2024-12-10T08:58:14","modified_gmt":"2024-12-10T07:58:14","slug":"elektronmusihkkastudio-ems-birra-elektronmusikstudion-ems","status":"publish","type":"page","link":"https:\/\/elektronmusikstudion.se\/sm\/","title":{"rendered":"Elektronmusikstudion EMS"},"content":{"rendered":"\n\n<div class=\"w-constrained richtext\"><external-link-icon>\n<h2 class=\"wp-block-heading\">Min bargu<\/h2>\n<\/external-link-icon><\/div>\n\n<div class=\"w-constrained richtext\"><external-link-icon>\n<p>1964 r\u00e1jes mii leat ovddidan ealli elektronakusttala\u0161 musihkka ja jietnad\u00e1idda musihkkaeallima.<\/p>\n<\/external-link-icon><\/div>\n\n<div class=\"w-constrained richtext\"><external-link-icon>\n<p>Min bargu lea doarjut \u0161\u00e1\u014b\u014bera d\u00e1iddala\u0161 ovd\u00e1neami ja l\u00e1h\u010dit vejola\u0161vuo\u0111aid ovttasbargui ja oahppamii.<\/p>\n<\/external-link-icon><\/div>\n\n<div class=\"w-constrained richtext\"><external-link-icon>\n<h2 class=\"wp-block-heading\">Studiot main lea njunu\u0161 teknihkka<\/h2>\n<\/external-link-icon><\/div>\n\n<div class=\"w-constrained richtext\"><external-link-icon>\n<p>Juohke jagi mii v\u00e1ldit vuoste \u010duohten\u00e1ri ruo\u0167a ja riikkaidgaskasa\u0161 \u0161uok\u014badahkkiid ja jietnad\u00e1idd\u00e1riid min lusa S\u00f6der M\u00e4larstrandii Stockholmmas. Min studioin lea njunu\u0161 teknihkka ja lea rabas birra j\u00e1ndora, birra jagi.<\/p>\n<\/external-link-icon><\/div>\n\n<div class=\"w-constrained richtext\"><external-link-icon>\n<p><a href=\"https:\/\/elektronmusikstudion.se\/vara-studior\/\">Don gii leat EMS-geavaheaddji s\u00e1ht\u00e1t v\u00e1rret \u00e1iggi d\u00e1s.<\/a><\/p>\n<\/external-link-icon><\/div>\n\n<div class=\"w-constrained richtext\"><external-link-icon>\n<h2 class=\"wp-block-heading\">Gursset ja oahput<\/h2>\n<\/external-link-icon><\/div>\n\n<div class=\"w-constrained richtext\"><external-link-icon>\n<p>Gurssaid bokte mii rahpat studioid o\u0111\u0111a ja \u00e1mm\u00e1t d\u00e1idd\u00e1riidda geat h\u00e1liidit \u0161\u00e1\u014b\u014beris ovd\u00e1nit ja oahppat eanet.<\/p>\n<\/external-link-icon><\/div>\n\n<div class=\"w-constrained richtext\"><external-link-icon>\n<p><a href=\"https:\/\/elektronmusikstudion.se\/kurser\/\">\u00c1igeguovdilisgursset, geah\u010da ja oza d\u00e1s.<\/a><\/p>\n<\/external-link-icon><\/div>\n\n<div class=\"w-constrained richtext\"><external-link-icon>\n<h2 class=\"wp-block-heading\">Resideansa ja studiogeavaheaddji<\/h2>\n<\/external-link-icon><\/div>\n\n<div class=\"w-constrained richtext\"><external-link-icon>\n<p>Min riikkaidgaskasa\u0161 resideansaprogr\u00e1mmain o\u017e\u017eot jietnadahkkit mieht\u00e1 m\u00e1ilmmi vejola\u0161vuo\u0111a bargat min studios. Mii v\u00e1ldit vuoste riikkaidgaskasa\u0161 ohcamu\u0161aid oktii jahk\u00e1i.<\/p>\n<\/external-link-icon><\/div>\n\n<div class=\"w-constrained richtext\"><external-link-icon>\n<p><a href=\"https:\/\/elektronmusikstudion.se\/vara-studior\/bli-studioanvandare\/\">Jietnadahkkit geat orrut Ruo\u0167as s\u00e1htte ohcat d\u00e1s jus h\u00e1liidit \u0161addat studiogeavaheaddjit.<\/a><\/p>\n<\/external-link-icon><\/div>\n\n<div class=\"w-constrained richtext\"><external-link-icon>\n<h2 class=\"wp-block-heading\">Historjj\u00e1 ja boahtte\u00e1igi deaivvadeaba<\/h2>\n<\/external-link-icon><\/div>\n\n<div class=\"w-constrained richtext\"><external-link-icon>\n<p>Go EMS vuo\u0111\u0111uduvvui 60 jagi \u00e1igi lei studio d\u00e1iddala\u0161 ja teknihkala\u0161 ovddasmannipro\u0161eakta \u2013 m\u00e1ilmmi erenom\u00e1\u0161 dan \u00e1igge. Dan r\u00e1jes lea EMS leama\u0161 riikkaidgaskasa\u0161 guovdd\u00e1\u0161sadji jietnadahkkiide ja d\u00e1idd\u00e1riidda geat barget jienain.<\/p>\n<\/external-link-icon><\/div>","protected":false},"excerpt":{"rendered":"<p>Min bargu 1964 r\u00e1jes mii leat ovddidan ealli elektronakusttala\u0161 musihkka ja jietnad\u00e1idda musihkkaeallima. Min bargu lea doarjut \u0161\u00e1\u014b\u014bera d\u00e1iddala\u0161 ovd\u00e1neami ja l\u00e1h\u010dit vejola\u0161vuo\u0111aid ovttasbargui ja oahppamii. Studiot main lea njunu\u0161 teknihkka Juohke jagi mii v\u00e1ldit vuoste \u010duohten\u00e1ri ruo\u0167a ja riikkaidgaskasa\u0161 \u0161uok\u014badahkkiid ja jietnad\u00e1idd\u00e1riid min lusa S\u00f6der M\u00e4larstrandii Stockholmmas. Min studioin lea njunu\u0161 teknihkka ja lea [&hellip;]<\/p>\n","protected":false},"author":2,"featured_media":0,"parent":0,"menu_order":-100,"comment_status":"closed","ping_status":"open","template":"","meta":{"_acf_changed":false,"footnotes":""},"class_list":["post-321","page","type-page","status-publish","hentry"],"acf":[],"yoast_head":"<!-- This site is optimized with the Yoast SEO plugin v25.8 - https:\/\/yoast.com\/wordpress\/plugins\/seo\/ -->\n<title>Elektronmusikstudion EMS - Elektronmusikstudion<\/title>\n<meta name=\"robots\" content=\"index, follow, max-snippet:-1, max-image-preview:large, max-video-preview:-1\" \/>\n<link rel=\"canonical\" href=\"https:\/\/elektronmusikstudion.se\/\" \/>\n<meta property=\"og:locale\" content=\"en_US\" \/>\n<meta property=\"og:type\" content=\"article\" \/>\n<meta property=\"og:title\" content=\"Elektronmusikstudion EMS - Elektronmusikstudion\" \/>\n<meta property=\"og:description\" content=\"Min bargu 1964 r\u00e1jes mii leat ovddidan ealli elektronakusttala\u0161 musihkka ja jietnad\u00e1idda musihkkaeallima. Min bargu lea doarjut \u0161\u00e1\u014b\u014bera d\u00e1iddala\u0161 ovd\u00e1neami ja l\u00e1h\u010dit vejola\u0161vuo\u0111aid ovttasbargui ja oahppamii. Studiot main lea njunu\u0161 teknihkka Juohke jagi mii v\u00e1ldit vuoste \u010duohten\u00e1ri ruo\u0167a ja riikkaidgaskasa\u0161 \u0161uok\u014badahkkiid ja jietnad\u00e1idd\u00e1riid min lusa S\u00f6der M\u00e4larstrandii Stockholmmas. Min studioin lea njunu\u0161 teknihkka ja lea [&hellip;]\" \/>\n<meta property=\"og:url\" content=\"https:\/\/elektronmusikstudion.se\/\" \/>\n<meta property=\"og:site_name\" content=\"Elektronmusikstudion\" \/>\n<meta property=\"article:modified_time\" content=\"2024-12-10T07:58:14+00:00\" \/>\n<meta name=\"twitter:card\" content=\"summary_large_image\" \/>\n<meta name=\"twitter:label1\" content=\"Est. reading time\" \/>\n\t<meta name=\"twitter:data1\" content=\"1 minute\" \/>\n<script type=\"application\/ld+json\" class=\"yoast-schema-graph\">{\"@context\":\"https:\/\/schema.org\",\"@graph\":[{\"@type\":\"WebPage\",\"@id\":\"https:\/\/elektronmusikstudion.se\/\",\"url\":\"https:\/\/elektronmusikstudion.se\/\",\"name\":\"Elektronmusikstudion EMS - Elektronmusikstudion\",\"isPartOf\":{\"@id\":\"https:\/\/elektronmusikstudion.se\/#website\"},\"datePublished\":\"2024-02-28T12:20:19+00:00\",\"dateModified\":\"2024-12-10T07:58:14+00:00\",\"breadcrumb\":{\"@id\":\"https:\/\/elektronmusikstudion.se\/#breadcrumb\"},\"inLanguage\":\"sm\",\"potentialAction\":[{\"@type\":\"ReadAction\",\"target\":[\"https:\/\/elektronmusikstudion.se\/\"]}]},{\"@type\":\"BreadcrumbList\",\"@id\":\"https:\/\/elektronmusikstudion.se\/#breadcrumb\",\"itemListElement\":[{\"@type\":\"ListItem\",\"position\":1,\"name\":\"Home\",\"item\":\"https:\/\/elektronmusikstudion.se\/\"},{\"@type\":\"ListItem\",\"position\":2,\"name\":\"Elektronmusikstudion EMS\"}]},{\"@type\":\"WebSite\",\"@id\":\"https:\/\/elektronmusikstudion.se\/#website\",\"url\":\"https:\/\/elektronmusikstudion.se\/\",\"name\":\"Elektronmusikstudion\",\"description\":\"\",\"potentialAction\":[{\"@type\":\"SearchAction\",\"target\":{\"@type\":\"EntryPoint\",\"urlTemplate\":\"https:\/\/elektronmusikstudion.se\/?s={search_term_string}\"},\"query-input\":{\"@type\":\"PropertyValueSpecification\",\"valueRequired\":true,\"valueName\":\"search_term_string\"}}],\"inLanguage\":\"sm\"}]}<\/script>\n<!-- \/ Yoast SEO plugin. -->","yoast_head_json":{"title":"Elektronmusikstudion EMS - Elektronmusikstudion","robots":{"index":"index","follow":"follow","max-snippet":"max-snippet:-1","max-image-preview":"max-image-preview:large","max-video-preview":"max-video-preview:-1"},"canonical":"https:\/\/elektronmusikstudion.se\/","og_locale":"en_US","og_type":"article","og_title":"Elektronmusikstudion EMS - Elektronmusikstudion","og_description":"Min bargu 1964 r\u00e1jes mii leat ovddidan ealli elektronakusttala\u0161 musihkka ja jietnad\u00e1idda musihkkaeallima. Min bargu lea doarjut \u0161\u00e1\u014b\u014bera d\u00e1iddala\u0161 ovd\u00e1neami ja l\u00e1h\u010dit vejola\u0161vuo\u0111aid ovttasbargui ja oahppamii. Studiot main lea njunu\u0161 teknihkka Juohke jagi mii v\u00e1ldit vuoste \u010duohten\u00e1ri ruo\u0167a ja riikkaidgaskasa\u0161 \u0161uok\u014badahkkiid ja jietnad\u00e1idd\u00e1riid min lusa S\u00f6der M\u00e4larstrandii Stockholmmas. Min studioin lea njunu\u0161 teknihkka ja lea [&hellip;]","og_url":"https:\/\/elektronmusikstudion.se\/","og_site_name":"Elektronmusikstudion","article_modified_time":"2024-12-10T07:58:14+00:00","twitter_card":"summary_large_image","twitter_misc":{"Est. reading time":"1 minute"},"schema":{"@context":"https:\/\/schema.org","@graph":[{"@type":"WebPage","@id":"https:\/\/elektronmusikstudion.se\/","url":"https:\/\/elektronmusikstudion.se\/","name":"Elektronmusikstudion EMS - Elektronmusikstudion","isPartOf":{"@id":"https:\/\/elektronmusikstudion.se\/#website"},"datePublished":"2024-02-28T12:20:19+00:00","dateModified":"2024-12-10T07:58:14+00:00","breadcrumb":{"@id":"https:\/\/elektronmusikstudion.se\/#breadcrumb"},"inLanguage":"sm","potentialAction":[{"@type":"ReadAction","target":["https:\/\/elektronmusikstudion.se\/"]}]},{"@type":"BreadcrumbList","@id":"https:\/\/elektronmusikstudion.se\/#breadcrumb","itemListElement":[{"@type":"ListItem","position":1,"name":"Home","item":"https:\/\/elektronmusikstudion.se\/"},{"@type":"ListItem","position":2,"name":"Elektronmusikstudion EMS"}]},{"@type":"WebSite","@id":"https:\/\/elektronmusikstudion.se\/#website","url":"https:\/\/elektronmusikstudion.se\/","name":"Elektronmusikstudion","description":"","potentialAction":[{"@type":"SearchAction","target":{"@type":"EntryPoint","urlTemplate":"https:\/\/elektronmusikstudion.se\/?s={search_term_string}"},"query-input":{"@type":"PropertyValueSpecification","valueRequired":true,"valueName":"search_term_string"}}],"inLanguage":"sm"}]}},"_links":{"self":[{"href":"https:\/\/elektronmusikstudion.se\/sm\/wp-json\/wp\/v2\/pages\/321","targetHints":{"allow":["GET"]}}],"collection":[{"href":"https:\/\/elektronmusikstudion.se\/sm\/wp-json\/wp\/v2\/pages"}],"about":[{"href":"https:\/\/elektronmusikstudion.se\/sm\/wp-json\/wp\/v2\/types\/page"}],"author":[{"embeddable":true,"href":"https:\/\/elektronmusikstudion.se\/sm\/wp-json\/wp\/v2\/users\/2"}],"replies":[{"embeddable":true,"href":"https:\/\/elektronmusikstudion.se\/sm\/wp-json\/wp\/v2\/comments?post=321"}],"version-history":[{"count":2,"href":"https:\/\/elektronmusikstudion.se\/sm\/wp-json\/wp\/v2\/pages\/321\/revisions"}],"predecessor-version":[{"id":951,"href":"https:\/\/elektronmusikstudion.se\/sm\/wp-json\/wp\/v2\/pages\/321\/revisions\/951"}],"wp:attachment":[{"href":"https:\/\/elektronmusikstudion.se\/sm\/wp-json\/wp\/v2\/media?parent=321"}],"curies":[{"name":"wp","href":"https:\/\/api.w.org\/{rel}","templated":true}]}}