{"id":317,"date":"2024-02-28T13:20:19","date_gmt":"2024-02-28T12:20:19","guid":{"rendered":"https:\/\/elektronmusikstudion.se\/?page_id=317"},"modified":"2024-12-10T08:55:19","modified_gmt":"2024-12-10T07:55:19","slug":"elektroonimusikkistyytiosta-ems-elektronmusikstudion-ems","status":"publish","type":"page","link":"https:\/\/elektronmusikstudion.se\/fit\/","title":{"rendered":"Elektronmusikstudion EMS"},"content":{"rendered":"\n\n<div class=\"w-constrained richtext\"><external-link-icon>\n<h2 class=\"wp-block-heading\">Me\u00e4n teht\u00e4v\u00e4 &nbsp;<\/h2>\n<\/external-link-icon><\/div>\n\n<div class=\"w-constrained richtext\"><external-link-icon>\n<p>Vuelta 1964 l\u00e4htien met olema eesauttanheet el\u00e4hv\u00e4\u00e4n musikkiel\u00e4hm\u00e4\u00e4n elektroakystisessa musikissa ja \u00e4\u00e4nitaitheessa.<\/p>\n<\/external-link-icon><\/div>\n\n<div class=\"w-constrained richtext\"><external-link-icon>\n<p>Me\u00e4n teht\u00e4v\u00e4 oon ette tukea taitheelista kehityst\u00e4 genress\u00e4 ja ette lua maholisuuksia niin yhtheisty\u00f6le ja oppimiselle.<\/p>\n<\/external-link-icon><\/div>\n\n<div class=\"w-constrained richtext\"><external-link-icon>\n<h2 class=\"wp-block-heading\">Stytioita joilako oon mailmanlaatunen tekniikka<\/h2>\n<\/external-link-icon><\/div>\n\n<div class=\"w-constrained richtext\"><external-link-icon>\n<p>Met tervehtimm\u00e4 joka vuosi monta sattaa ruottalaista ja kansanv\u00e4list\u00e4 s\u00e4velt\u00e4ij\u00e4\u00e4 ja \u00e4\u00e4nitaiteelioita meile S\u00f6der M\u00e4larstrandile Stokholmissa. Me\u00e4n styytioissa oon mailmanlaatusta tekniikkaa ja net oon auki ymp\u00e4ri vuorokauet ja vuet.<\/p>\n<\/external-link-icon><\/div>\n\n<div class=\"w-constrained richtext\"><external-link-icon>\n<p><a href=\"https:\/\/elektronmusikstudion.se\/vara-studior\/\">Sie joka olet EMS-k\u00e4ytt\u00e4j\u00e4 saatat varata me\u00e4n styytioita t\u00e4ss\u00e4.<\/a><\/p>\n<\/external-link-icon><\/div>\n\n<div class=\"w-constrained richtext\"><external-link-icon>\n<h2 class=\"wp-block-heading\">Kursia ja koulutuksia<\/h2>\n<\/external-link-icon><\/div>\n\n<div class=\"w-constrained richtext\"><external-link-icon>\n<p>Me\u00e4n kursitten kautta met aukasemma styytiot niin uusile ko etapleeratuile taiteelioile jokka halvaavat kehitty\u00e4 ja oppia liss\u00e4\u00e4 genrest\u00e4. &nbsp;<\/p>\n<\/external-link-icon><\/div>\n\n<div class=\"w-constrained richtext\"><external-link-icon>\n<p><a href=\"https:\/\/elektronmusikstudion.se\/kurser\/\">Katto me\u00e4n aktyelli\u00e4 kursia ja hae t\u00e4ss\u00e4.<\/a><\/p>\n<\/external-link-icon><\/div>\n\n<div class=\"w-constrained richtext\"><external-link-icon>\n<h2 class=\"wp-block-heading\">Resitensi ja styytiok\u00e4ytt\u00e4j\u00e4t<\/h2>\n<\/external-link-icon><\/div>\n\n<div class=\"w-constrained richtext\"><external-link-icon>\n<p>Me\u00e4n kansanv\u00e4lisen resitensiohjelman kautta met annama s\u00e4velt\u00e4jille koko mailmasta maholisuuen olla t\u00f6iss\u00e4 me\u00e4n styytioissa. Met otama vasthaan kansanv\u00e4lisi\u00e4 hakemuksia kerran vuessa.<\/p>\n<\/external-link-icon><\/div>\n\n<div class=\"w-constrained richtext\"><external-link-icon>\n<p><a href=\"https:\/\/elektronmusikstudion.se\/vara-studior\/bli-studioanvandare\/\">Ruottissa siotetut s\u00e4velt\u00e4j\u00e4t saattavat hakea styytiok\u00e4ytt\u00e4jiksi t\u00e4ss\u00e4.<\/a><\/p>\n<\/external-link-icon><\/div>\n\n<div class=\"w-constrained richtext\"><external-link-icon>\n<h2 class=\"wp-block-heading\">Histuuria ja tulevaisuus kohtaavat&nbsp;<\/h2>\n<\/external-link-icon><\/div>\n\n<div class=\"w-constrained richtext\"><external-link-icon>\n<p>Ko EMS vihithiin k\u00e4yth\u00f6\u00f6n yli 60 vuotta aikaa styytio oli taitheelinen ja tekninen piunj\u00e4\u00e4riprojekti \u2013 mailmanynikki siin\u00e4 laajissa. Sen j\u00e4lkhiin EMS oon ollu kansanv\u00e4linen liittym\u00e4kohta s\u00e4velt\u00e4jille ja taiteelioile jokka oon t\u00f6iss\u00e4 \u00e4\u00e4nen kansa.<\/p>\n<\/external-link-icon><\/div>","protected":false},"excerpt":{"rendered":"<p>Me\u00e4n teht\u00e4v\u00e4 &nbsp; Vuelta 1964 l\u00e4htien met olema eesauttanheet el\u00e4hv\u00e4\u00e4n musikkiel\u00e4hm\u00e4\u00e4n elektroakystisessa musikissa ja \u00e4\u00e4nitaitheessa. Me\u00e4n teht\u00e4v\u00e4 oon ette tukea taitheelista kehityst\u00e4 genress\u00e4 ja ette lua maholisuuksia niin yhtheisty\u00f6le ja oppimiselle. Stytioita joilako oon mailmanlaatunen tekniikka Met tervehtimm\u00e4 joka vuosi monta sattaa ruottalaista ja kansanv\u00e4list\u00e4 s\u00e4velt\u00e4ij\u00e4\u00e4 ja \u00e4\u00e4nitaiteelioita meile S\u00f6der M\u00e4larstrandile Stokholmissa. Me\u00e4n styytioissa oon [&hellip;]<\/p>\n","protected":false},"author":2,"featured_media":0,"parent":0,"menu_order":-100,"comment_status":"closed","ping_status":"open","template":"","meta":{"_acf_changed":false,"footnotes":""},"class_list":["post-317","page","type-page","status-publish","hentry"],"acf":[],"yoast_head":"<!-- This site is optimized with the Yoast SEO plugin v25.8 - https:\/\/yoast.com\/wordpress\/plugins\/seo\/ -->\n<title>Elektronmusikstudion EMS - Elektronmusikstudion<\/title>\n<meta name=\"robots\" content=\"index, follow, max-snippet:-1, max-image-preview:large, max-video-preview:-1\" \/>\n<link rel=\"canonical\" href=\"https:\/\/elektronmusikstudion.se\/\" \/>\n<meta property=\"og:locale\" content=\"fi_FI\" \/>\n<meta property=\"og:type\" content=\"article\" \/>\n<meta property=\"og:title\" content=\"Elektronmusikstudion EMS - Elektronmusikstudion\" \/>\n<meta property=\"og:description\" content=\"Me\u00e4n teht\u00e4v\u00e4 &nbsp; Vuelta 1964 l\u00e4htien met olema eesauttanheet el\u00e4hv\u00e4\u00e4n musikkiel\u00e4hm\u00e4\u00e4n elektroakystisessa musikissa ja \u00e4\u00e4nitaitheessa. Me\u00e4n teht\u00e4v\u00e4 oon ette tukea taitheelista kehityst\u00e4 genress\u00e4 ja ette lua maholisuuksia niin yhtheisty\u00f6le ja oppimiselle. Stytioita joilako oon mailmanlaatunen tekniikka Met tervehtimm\u00e4 joka vuosi monta sattaa ruottalaista ja kansanv\u00e4list\u00e4 s\u00e4velt\u00e4ij\u00e4\u00e4 ja \u00e4\u00e4nitaiteelioita meile S\u00f6der M\u00e4larstrandile Stokholmissa. Me\u00e4n styytioissa oon [&hellip;]\" \/>\n<meta property=\"og:url\" content=\"https:\/\/elektronmusikstudion.se\/\" \/>\n<meta property=\"og:site_name\" content=\"Elektronmusikstudion\" \/>\n<meta property=\"article:modified_time\" content=\"2024-12-10T07:55:19+00:00\" \/>\n<meta name=\"twitter:card\" content=\"summary_large_image\" \/>\n<meta name=\"twitter:label1\" content=\"Est. reading time\" \/>\n\t<meta name=\"twitter:data1\" content=\"1 minute\" \/>\n<script type=\"application\/ld+json\" class=\"yoast-schema-graph\">{\"@context\":\"https:\/\/schema.org\",\"@graph\":[{\"@type\":\"WebPage\",\"@id\":\"https:\/\/elektronmusikstudion.se\/\",\"url\":\"https:\/\/elektronmusikstudion.se\/\",\"name\":\"Elektronmusikstudion EMS - Elektronmusikstudion\",\"isPartOf\":{\"@id\":\"https:\/\/elektronmusikstudion.se\/#website\"},\"datePublished\":\"2024-02-28T12:20:19+00:00\",\"dateModified\":\"2024-12-10T07:55:19+00:00\",\"breadcrumb\":{\"@id\":\"https:\/\/elektronmusikstudion.se\/#breadcrumb\"},\"inLanguage\":\"fit\",\"potentialAction\":[{\"@type\":\"ReadAction\",\"target\":[\"https:\/\/elektronmusikstudion.se\/\"]}]},{\"@type\":\"BreadcrumbList\",\"@id\":\"https:\/\/elektronmusikstudion.se\/#breadcrumb\",\"itemListElement\":[{\"@type\":\"ListItem\",\"position\":1,\"name\":\"Home\",\"item\":\"https:\/\/elektronmusikstudion.se\/\"},{\"@type\":\"ListItem\",\"position\":2,\"name\":\"Elektronmusikstudion EMS\"}]},{\"@type\":\"WebSite\",\"@id\":\"https:\/\/elektronmusikstudion.se\/#website\",\"url\":\"https:\/\/elektronmusikstudion.se\/\",\"name\":\"Elektronmusikstudion\",\"description\":\"\",\"potentialAction\":[{\"@type\":\"SearchAction\",\"target\":{\"@type\":\"EntryPoint\",\"urlTemplate\":\"https:\/\/elektronmusikstudion.se\/?s={search_term_string}\"},\"query-input\":{\"@type\":\"PropertyValueSpecification\",\"valueRequired\":true,\"valueName\":\"search_term_string\"}}],\"inLanguage\":\"fit\"}]}<\/script>\n<!-- \/ Yoast SEO plugin. -->","yoast_head_json":{"title":"Elektronmusikstudion EMS - Elektronmusikstudion","robots":{"index":"index","follow":"follow","max-snippet":"max-snippet:-1","max-image-preview":"max-image-preview:large","max-video-preview":"max-video-preview:-1"},"canonical":"https:\/\/elektronmusikstudion.se\/","og_locale":"fi_FI","og_type":"article","og_title":"Elektronmusikstudion EMS - Elektronmusikstudion","og_description":"Me\u00e4n teht\u00e4v\u00e4 &nbsp; Vuelta 1964 l\u00e4htien met olema eesauttanheet el\u00e4hv\u00e4\u00e4n musikkiel\u00e4hm\u00e4\u00e4n elektroakystisessa musikissa ja \u00e4\u00e4nitaitheessa. Me\u00e4n teht\u00e4v\u00e4 oon ette tukea taitheelista kehityst\u00e4 genress\u00e4 ja ette lua maholisuuksia niin yhtheisty\u00f6le ja oppimiselle. Stytioita joilako oon mailmanlaatunen tekniikka Met tervehtimm\u00e4 joka vuosi monta sattaa ruottalaista ja kansanv\u00e4list\u00e4 s\u00e4velt\u00e4ij\u00e4\u00e4 ja \u00e4\u00e4nitaiteelioita meile S\u00f6der M\u00e4larstrandile Stokholmissa. Me\u00e4n styytioissa oon [&hellip;]","og_url":"https:\/\/elektronmusikstudion.se\/","og_site_name":"Elektronmusikstudion","article_modified_time":"2024-12-10T07:55:19+00:00","twitter_card":"summary_large_image","twitter_misc":{"Est. reading time":"1 minute"},"schema":{"@context":"https:\/\/schema.org","@graph":[{"@type":"WebPage","@id":"https:\/\/elektronmusikstudion.se\/","url":"https:\/\/elektronmusikstudion.se\/","name":"Elektronmusikstudion EMS - Elektronmusikstudion","isPartOf":{"@id":"https:\/\/elektronmusikstudion.se\/#website"},"datePublished":"2024-02-28T12:20:19+00:00","dateModified":"2024-12-10T07:55:19+00:00","breadcrumb":{"@id":"https:\/\/elektronmusikstudion.se\/#breadcrumb"},"inLanguage":"fit","potentialAction":[{"@type":"ReadAction","target":["https:\/\/elektronmusikstudion.se\/"]}]},{"@type":"BreadcrumbList","@id":"https:\/\/elektronmusikstudion.se\/#breadcrumb","itemListElement":[{"@type":"ListItem","position":1,"name":"Home","item":"https:\/\/elektronmusikstudion.se\/"},{"@type":"ListItem","position":2,"name":"Elektronmusikstudion EMS"}]},{"@type":"WebSite","@id":"https:\/\/elektronmusikstudion.se\/#website","url":"https:\/\/elektronmusikstudion.se\/","name":"Elektronmusikstudion","description":"","potentialAction":[{"@type":"SearchAction","target":{"@type":"EntryPoint","urlTemplate":"https:\/\/elektronmusikstudion.se\/?s={search_term_string}"},"query-input":{"@type":"PropertyValueSpecification","valueRequired":true,"valueName":"search_term_string"}}],"inLanguage":"fit"}]}},"_links":{"self":[{"href":"https:\/\/elektronmusikstudion.se\/fit\/wp-json\/wp\/v2\/pages\/317","targetHints":{"allow":["GET"]}}],"collection":[{"href":"https:\/\/elektronmusikstudion.se\/fit\/wp-json\/wp\/v2\/pages"}],"about":[{"href":"https:\/\/elektronmusikstudion.se\/fit\/wp-json\/wp\/v2\/types\/page"}],"author":[{"embeddable":true,"href":"https:\/\/elektronmusikstudion.se\/fit\/wp-json\/wp\/v2\/users\/2"}],"replies":[{"embeddable":true,"href":"https:\/\/elektronmusikstudion.se\/fit\/wp-json\/wp\/v2\/comments?post=317"}],"version-history":[{"count":4,"href":"https:\/\/elektronmusikstudion.se\/fit\/wp-json\/wp\/v2\/pages\/317\/revisions"}],"predecessor-version":[{"id":946,"href":"https:\/\/elektronmusikstudion.se\/fit\/wp-json\/wp\/v2\/pages\/317\/revisions\/946"}],"wp:attachment":[{"href":"https:\/\/elektronmusikstudion.se\/fit\/wp-json\/wp\/v2\/media?parent=317"}],"curies":[{"name":"wp","href":"https:\/\/api.w.org\/{rel}","templated":true}]}}