{"id":312,"date":"2024-02-28T13:20:19","date_gmt":"2024-02-28T12:20:19","guid":{"rendered":"https:\/\/elektronmusikstudion.se\/?page_id=312"},"modified":"2024-12-10T09:04:17","modified_gmt":"2024-12-10T08:04:17","slug":"tietoa-elektronimusiikkistudio-emssta-elektronmusikstudion-ems","status":"publish","type":"page","link":"https:\/\/elektronmusikstudion.se\/fi\/","title":{"rendered":"Elektronmusikstudion EMS"},"content":{"rendered":"\n\n<div class=\"w-constrained richtext\"><external-link-icon>\n<h2 class=\"wp-block-heading\">Teht\u00e4v\u00e4mme&nbsp;<\/h2>\n<\/external-link-icon><\/div>\n\n<div class=\"w-constrained richtext\"><external-link-icon>\n<p>Olemme vuodesta 1964 l\u00e4htien tukeneet musiikkiel\u00e4m\u00e4\u00e4 elektroakustisen musiikin ja \u00e4\u00e4nitaiteen saralla.<\/p>\n<\/external-link-icon><\/div>\n\n<div class=\"w-constrained richtext\"><external-link-icon>\n<p>Teht\u00e4v\u00e4mme on tukea alan taiteellista kehityst\u00e4 ja luoda mahdollisuuksia sek\u00e4 yhteisty\u00f6lle ett\u00e4 oppimiselle.&nbsp;<\/p>\n<\/external-link-icon><\/div>\n\n<div class=\"w-constrained richtext\"><external-link-icon>\n<h2 class=\"wp-block-heading\">Studioissa maailmanluokan tekniikkaa&nbsp;<\/h2>\n<\/external-link-icon><\/div>\n\n<div class=\"w-constrained richtext\"><external-link-icon>\n<p>Toivotamme joka vuosi useita satoja ruotsalaisia ja kansainv\u00e4lisi\u00e4 s\u00e4velt\u00e4ji\u00e4 ja \u00e4\u00e4nitaiteilijoita studioihimme S\u00f6der M\u00e4larstrandiin Tukholmaan. Studioissamme on maailmanluokan tekniikkaa, ja ne ovat avoinna vuorokauden ymp\u00e4ri, l\u00e4pi vuoden.<\/p>\n<\/external-link-icon><\/div>\n\n<div class=\"w-constrained richtext\"><external-link-icon>\n<p><a href=\"https:\/\/elektronmusikstudion.se\/vara-studior\/\">EMS-k\u00e4ytt\u00e4j\u00e4n\u00e4 voit varata studion t\u00e4\u00e4ll\u00e4.<\/a><\/p>\n<\/external-link-icon><\/div>\n\n<div class=\"w-constrained richtext\"><external-link-icon>\n<h2 class=\"wp-block-heading\">Kurssit ja koulutukset&nbsp;<\/h2>\n<\/external-link-icon><\/div>\n\n<div class=\"w-constrained richtext\"><external-link-icon>\n<p>Avaamme kursseillamme studiomme sek\u00e4 uusille ett\u00e4 vakiintuneille taiteilijoille, jotka haluavat kehitty\u00e4 ja oppia lis\u00e4\u00e4 alasta.<\/p>\n<\/external-link-icon><\/div>\n\n<div class=\"w-constrained richtext\"><external-link-icon>\n<p><a href=\"https:\/\/elektronmusikstudion.se\/kurser\/\">Tutustu ajankohtaisiin kursseihimme ja hae t\u00e4\u00e4ll\u00e4.<\/a><\/p>\n<\/external-link-icon><\/div>\n\n<div class=\"w-constrained richtext\"><external-link-icon>\n<h2 class=\"wp-block-heading\">Residenssi ja studiok\u00e4ytt\u00e4j\u00e4t<\/h2>\n<\/external-link-icon><\/div>\n\n<div class=\"w-constrained richtext\"><external-link-icon>\n<p>Annamme kansainv\u00e4lisen residenssiohjelmamme kautta eri puolilta maailmaa tuleville s\u00e4velt\u00e4jille mahdollisuuden ty\u00f6skennell\u00e4 studioissamme.&nbsp;Otamme vastaan kansainv\u00e4lisi\u00e4 hakemuksia kerran vuodessa.<\/p>\n<\/external-link-icon><\/div>\n\n<div class=\"w-constrained richtext\"><external-link-icon>\n<p><a href=\"https:\/\/elektronmusikstudion.se\/vara-studior\/bli-studioanvandare\/\">Ruotsissa toimivat s\u00e4velt\u00e4j\u00e4t voivat hakea studiok\u00e4ytt\u00e4jiksi t\u00e4\u00e4ll\u00e4.<\/a><\/p>\n<\/external-link-icon><\/div>\n\n<div class=\"w-constrained richtext\"><external-link-icon>\n<h2 class=\"wp-block-heading\">Historia ja tulevaisuus kohtaavat&nbsp;<\/h2>\n<\/external-link-icon><\/div>\n\n<div class=\"w-constrained richtext\"><external-link-icon>\n<p>Kun EMS perustettiin yli 60 vuotta sitten, studio oli taiteellisesti ja teknisesti uraauurtava projekti \u2013 ainutlaatuinen maailmassa. Siit\u00e4 l\u00e4htien EMS on ollut kansainv\u00e4linen kohtauspaikka \u00e4\u00e4nen parissa ty\u00f6skenteleville s\u00e4velt\u00e4jille ja taiteilijoille.&nbsp;<\/p>\n<\/external-link-icon><\/div>","protected":false},"excerpt":{"rendered":"<p>Teht\u00e4v\u00e4mme&nbsp; Olemme vuodesta 1964 l\u00e4htien tukeneet musiikkiel\u00e4m\u00e4\u00e4 elektroakustisen musiikin ja \u00e4\u00e4nitaiteen saralla. Teht\u00e4v\u00e4mme on tukea alan taiteellista kehityst\u00e4 ja luoda mahdollisuuksia sek\u00e4 yhteisty\u00f6lle ett\u00e4 oppimiselle.&nbsp; Studioissa maailmanluokan tekniikkaa&nbsp; Toivotamme joka vuosi useita satoja ruotsalaisia ja kansainv\u00e4lisi\u00e4 s\u00e4velt\u00e4ji\u00e4 ja \u00e4\u00e4nitaiteilijoita studioihimme S\u00f6der M\u00e4larstrandiin Tukholmaan. Studioissamme on maailmanluokan tekniikkaa, ja ne ovat avoinna vuorokauden ymp\u00e4ri, l\u00e4pi vuoden. [&hellip;]<\/p>\n","protected":false},"author":2,"featured_media":0,"parent":0,"menu_order":-100,"comment_status":"closed","ping_status":"open","template":"","meta":{"_acf_changed":false,"footnotes":""},"class_list":["post-312","page","type-page","status-publish","hentry"],"acf":[],"yoast_head":"<!-- This site is optimized with the Yoast SEO plugin v25.8 - https:\/\/yoast.com\/wordpress\/plugins\/seo\/ -->\n<title>Elektronmusikstudion EMS - Elektronmusikstudion<\/title>\n<meta name=\"robots\" content=\"index, follow, max-snippet:-1, max-image-preview:large, max-video-preview:-1\" \/>\n<link rel=\"canonical\" href=\"https:\/\/elektronmusikstudion.se\/\" \/>\n<meta property=\"og:locale\" content=\"fi_FI\" \/>\n<meta property=\"og:type\" content=\"article\" \/>\n<meta property=\"og:title\" content=\"Elektronmusikstudion EMS - Elektronmusikstudion\" \/>\n<meta property=\"og:description\" content=\"Teht\u00e4v\u00e4mme&nbsp; Olemme vuodesta 1964 l\u00e4htien tukeneet musiikkiel\u00e4m\u00e4\u00e4 elektroakustisen musiikin ja \u00e4\u00e4nitaiteen saralla. Teht\u00e4v\u00e4mme on tukea alan taiteellista kehityst\u00e4 ja luoda mahdollisuuksia sek\u00e4 yhteisty\u00f6lle ett\u00e4 oppimiselle.&nbsp; Studioissa maailmanluokan tekniikkaa&nbsp; Toivotamme joka vuosi useita satoja ruotsalaisia ja kansainv\u00e4lisi\u00e4 s\u00e4velt\u00e4ji\u00e4 ja \u00e4\u00e4nitaiteilijoita studioihimme S\u00f6der M\u00e4larstrandiin Tukholmaan. Studioissamme on maailmanluokan tekniikkaa, ja ne ovat avoinna vuorokauden ymp\u00e4ri, l\u00e4pi vuoden. [&hellip;]\" \/>\n<meta property=\"og:url\" content=\"https:\/\/elektronmusikstudion.se\/\" \/>\n<meta property=\"og:site_name\" content=\"Elektronmusikstudion\" \/>\n<meta property=\"article:modified_time\" content=\"2024-12-10T08:04:17+00:00\" \/>\n<meta name=\"twitter:card\" content=\"summary_large_image\" \/>\n<meta name=\"twitter:label1\" content=\"Est. reading time\" \/>\n\t<meta name=\"twitter:data1\" content=\"1 minute\" \/>\n<script type=\"application\/ld+json\" class=\"yoast-schema-graph\">{\"@context\":\"https:\/\/schema.org\",\"@graph\":[{\"@type\":\"WebPage\",\"@id\":\"https:\/\/elektronmusikstudion.se\/\",\"url\":\"https:\/\/elektronmusikstudion.se\/\",\"name\":\"Elektronmusikstudion EMS - Elektronmusikstudion\",\"isPartOf\":{\"@id\":\"https:\/\/elektronmusikstudion.se\/#website\"},\"datePublished\":\"2024-02-28T12:20:19+00:00\",\"dateModified\":\"2024-12-10T08:04:17+00:00\",\"breadcrumb\":{\"@id\":\"https:\/\/elektronmusikstudion.se\/#breadcrumb\"},\"inLanguage\":\"fi\",\"potentialAction\":[{\"@type\":\"ReadAction\",\"target\":[\"https:\/\/elektronmusikstudion.se\/\"]}]},{\"@type\":\"BreadcrumbList\",\"@id\":\"https:\/\/elektronmusikstudion.se\/#breadcrumb\",\"itemListElement\":[{\"@type\":\"ListItem\",\"position\":1,\"name\":\"Home\",\"item\":\"https:\/\/elektronmusikstudion.se\/\"},{\"@type\":\"ListItem\",\"position\":2,\"name\":\"Elektronmusikstudion EMS\"}]},{\"@type\":\"WebSite\",\"@id\":\"https:\/\/elektronmusikstudion.se\/#website\",\"url\":\"https:\/\/elektronmusikstudion.se\/\",\"name\":\"Elektronmusikstudion\",\"description\":\"\",\"potentialAction\":[{\"@type\":\"SearchAction\",\"target\":{\"@type\":\"EntryPoint\",\"urlTemplate\":\"https:\/\/elektronmusikstudion.se\/?s={search_term_string}\"},\"query-input\":{\"@type\":\"PropertyValueSpecification\",\"valueRequired\":true,\"valueName\":\"search_term_string\"}}],\"inLanguage\":\"fi\"}]}<\/script>\n<!-- \/ Yoast SEO plugin. -->","yoast_head_json":{"title":"Elektronmusikstudion EMS - Elektronmusikstudion","robots":{"index":"index","follow":"follow","max-snippet":"max-snippet:-1","max-image-preview":"max-image-preview:large","max-video-preview":"max-video-preview:-1"},"canonical":"https:\/\/elektronmusikstudion.se\/","og_locale":"fi_FI","og_type":"article","og_title":"Elektronmusikstudion EMS - Elektronmusikstudion","og_description":"Teht\u00e4v\u00e4mme&nbsp; Olemme vuodesta 1964 l\u00e4htien tukeneet musiikkiel\u00e4m\u00e4\u00e4 elektroakustisen musiikin ja \u00e4\u00e4nitaiteen saralla. Teht\u00e4v\u00e4mme on tukea alan taiteellista kehityst\u00e4 ja luoda mahdollisuuksia sek\u00e4 yhteisty\u00f6lle ett\u00e4 oppimiselle.&nbsp; Studioissa maailmanluokan tekniikkaa&nbsp; Toivotamme joka vuosi useita satoja ruotsalaisia ja kansainv\u00e4lisi\u00e4 s\u00e4velt\u00e4ji\u00e4 ja \u00e4\u00e4nitaiteilijoita studioihimme S\u00f6der M\u00e4larstrandiin Tukholmaan. Studioissamme on maailmanluokan tekniikkaa, ja ne ovat avoinna vuorokauden ymp\u00e4ri, l\u00e4pi vuoden. [&hellip;]","og_url":"https:\/\/elektronmusikstudion.se\/","og_site_name":"Elektronmusikstudion","article_modified_time":"2024-12-10T08:04:17+00:00","twitter_card":"summary_large_image","twitter_misc":{"Est. reading time":"1 minute"},"schema":{"@context":"https:\/\/schema.org","@graph":[{"@type":"WebPage","@id":"https:\/\/elektronmusikstudion.se\/","url":"https:\/\/elektronmusikstudion.se\/","name":"Elektronmusikstudion EMS - Elektronmusikstudion","isPartOf":{"@id":"https:\/\/elektronmusikstudion.se\/#website"},"datePublished":"2024-02-28T12:20:19+00:00","dateModified":"2024-12-10T08:04:17+00:00","breadcrumb":{"@id":"https:\/\/elektronmusikstudion.se\/#breadcrumb"},"inLanguage":"fi","potentialAction":[{"@type":"ReadAction","target":["https:\/\/elektronmusikstudion.se\/"]}]},{"@type":"BreadcrumbList","@id":"https:\/\/elektronmusikstudion.se\/#breadcrumb","itemListElement":[{"@type":"ListItem","position":1,"name":"Home","item":"https:\/\/elektronmusikstudion.se\/"},{"@type":"ListItem","position":2,"name":"Elektronmusikstudion EMS"}]},{"@type":"WebSite","@id":"https:\/\/elektronmusikstudion.se\/#website","url":"https:\/\/elektronmusikstudion.se\/","name":"Elektronmusikstudion","description":"","potentialAction":[{"@type":"SearchAction","target":{"@type":"EntryPoint","urlTemplate":"https:\/\/elektronmusikstudion.se\/?s={search_term_string}"},"query-input":{"@type":"PropertyValueSpecification","valueRequired":true,"valueName":"search_term_string"}}],"inLanguage":"fi"}]}},"_links":{"self":[{"href":"https:\/\/elektronmusikstudion.se\/fi\/wp-json\/wp\/v2\/pages\/312","targetHints":{"allow":["GET"]}}],"collection":[{"href":"https:\/\/elektronmusikstudion.se\/fi\/wp-json\/wp\/v2\/pages"}],"about":[{"href":"https:\/\/elektronmusikstudion.se\/fi\/wp-json\/wp\/v2\/types\/page"}],"author":[{"embeddable":true,"href":"https:\/\/elektronmusikstudion.se\/fi\/wp-json\/wp\/v2\/users\/2"}],"replies":[{"embeddable":true,"href":"https:\/\/elektronmusikstudion.se\/fi\/wp-json\/wp\/v2\/comments?post=312"}],"version-history":[{"count":5,"href":"https:\/\/elektronmusikstudion.se\/fi\/wp-json\/wp\/v2\/pages\/312\/revisions"}],"predecessor-version":[{"id":954,"href":"https:\/\/elektronmusikstudion.se\/fi\/wp-json\/wp\/v2\/pages\/312\/revisions\/954"}],"wp:attachment":[{"href":"https:\/\/elektronmusikstudion.se\/fi\/wp-json\/wp\/v2\/media?parent=312"}],"curies":[{"name":"wp","href":"https:\/\/api.w.org\/{rel}","templated":true}]}}