{"id":9286,"date":"2025-03-17T09:34:44","date_gmt":"2025-03-17T08:34:44","guid":{"rendered":"https:\/\/elektronmusikstudion.se\/?page_id=9286"},"modified":"2025-03-17T09:34:44","modified_gmt":"2025-03-17T08:34:44","slug":"oguz-buyukberber","status":"publish","type":"page","link":"https:\/\/elektronmusikstudion.se\/en\/guest-composers\/guest-composers-2025\/oguz-buyukberber\/","title":{"rendered":"O\u011fuz B\u00fcy\u00fckberber"},"content":{"rendered":"<div class=\"w-constrained\">\n\t<p class=\"mb-4 font-light font-text-font text-large-text leading-large-text md:mb-10\">At EMS 11-20 August, 2025<\/p>\n<\/div>\n\n\n<div class=\"richtext w-constrained\">\n<figure class=\"wp-block-image size-full\"><img loading=\"lazy\" decoding=\"async\" width=\"1024\" height=\"768\" src=\"https:\/\/elektronmusikstudion.se\/wp-content\/uploads\/sites\/6\/2025\/03\/oguz-1.jpg\" alt=\"\" class=\"wp-image-9287\" srcset=\"https:\/\/elektronmusikstudion.se\/wp-content\/uploads\/sites\/6\/2025\/03\/oguz-1.jpg 1024w, https:\/\/elektronmusikstudion.se\/wp-content\/uploads\/sites\/6\/2025\/03\/oguz-1-300x225.jpg 300w, https:\/\/elektronmusikstudion.se\/wp-content\/uploads\/sites\/6\/2025\/03\/oguz-1-768x576.jpg 768w\" sizes=\"auto, (max-width: 1024px) 100vw, 1024px\" \/><figcaption class=\"wp-element-caption\">O\u011fuz B\u00fcy\u00fckberber at Erica Synths Residency in Riga\/Latvia<\/figcaption><\/figure>\n<\/div>\n\n<div class=\"w-constrained richtext\"><external-link-icon>\n<p>O\u011fuz B\u00fcy\u00fckberber is an Amsterdam based performer\/composer who\u2019s specialized in clarinets, modular synthesizers and visuals. His style merges contemporary music, jazz and influences from his Turkish background. His activities as a modular synthesizer artist is often presented under his alter ego artist name OX Barber.<\/p>\n<\/external-link-icon><\/div>\n\n<div class=\"w-constrained richtext\"><external-link-icon>\n<p>His body of work includes over 60 albums including releases on ECM and Blue Note, a detailed method book explaining his own improvisational systems, exhibitions of his visual art, university lectures and dozens of commissions he received to compose ensemble music as well as electro-acoustic and audio-visual pieces. &nbsp;<\/p>\n<\/external-link-icon><\/div>\n\n<div class=\"w-constrained richtext\"><external-link-icon>\n<p>He studied bass clarinet with Harry Sparnaay at Amsterdam Conservatory and took composition lessons from Theo Loevendie. Also holding another degree in fine arts, he incorporates his own visual art in his music work. His activities as a modular synthesizer artist is often presented under his alter ego artist name OX Barber.<\/p>\n<\/external-link-icon><\/div>\n\n<div class=\"w-constrained richtext\"><external-link-icon>\n<p>Composing and Improvising in a cutting edge avant-garde setting is where he feels most at home. Be it all acoustic, all electronic or anything in between.<\/p>\n<\/external-link-icon><\/div>\n\n<div class=\"w-constrained richtext\"><external-link-icon>\n<p><\/p>\n<\/external-link-icon><\/div>","protected":false},"excerpt":{"rendered":"<p>O\u011fuz B\u00fcy\u00fckberber is an Amsterdam based performer\/composer who\u2019s specialized in clarinets, modular synthesizers and visuals. His style merges contemporary music, jazz and influences from his Turkish background. His activities as a modular synthesizer artist is often presented under his alter ego artist name OX Barber. His body of work includes over 60 albums including releases [&hellip;]<\/p>\n","protected":false},"author":12,"featured_media":0,"parent":684,"menu_order":0,"comment_status":"closed","ping_status":"closed","template":"","meta":{"_acf_changed":false,"footnotes":""},"class_list":["post-9286","page","type-page","status-publish","hentry"],"acf":[],"yoast_head":"<!-- This site is optimized with the Yoast SEO plugin v25.8 - https:\/\/yoast.com\/wordpress\/plugins\/seo\/ -->\n<title>O\u011fuz B\u00fcy\u00fckberber - Elektronmusikstudion<\/title>\n<meta name=\"robots\" content=\"index, follow, max-snippet:-1, max-image-preview:large, max-video-preview:-1\" \/>\n<link rel=\"canonical\" href=\"https:\/\/elektronmusikstudion.se\/en\/guest-composers\/guest-composers-2025\/oguz-buyukberber\/\" \/>\n<meta property=\"og:locale\" content=\"en_US\" \/>\n<meta property=\"og:type\" content=\"article\" \/>\n<meta property=\"og:title\" content=\"O\u011fuz B\u00fcy\u00fckberber - Elektronmusikstudion\" \/>\n<meta property=\"og:description\" content=\"O\u011fuz B\u00fcy\u00fckberber is an Amsterdam based performer\/composer who\u2019s specialized in clarinets, modular synthesizers and visuals. His style merges contemporary music, jazz and influences from his Turkish background. His activities as a modular synthesizer artist is often presented under his alter ego artist name OX Barber. His body of work includes over 60 albums including releases [&hellip;]\" \/>\n<meta property=\"og:url\" content=\"https:\/\/elektronmusikstudion.se\/en\/guest-composers\/guest-composers-2025\/oguz-buyukberber\/\" \/>\n<meta property=\"og:site_name\" content=\"Elektronmusikstudion\" \/>\n<meta property=\"og:image\" content=\"https:\/\/elektronmusikstudion.se\/wp-content\/uploads\/sites\/6\/2025\/03\/oguz-1.jpg\" \/>\n\t<meta property=\"og:image:width\" content=\"1024\" \/>\n\t<meta property=\"og:image:height\" content=\"768\" \/>\n\t<meta property=\"og:image:type\" content=\"image\/jpeg\" \/>\n<meta name=\"twitter:card\" content=\"summary_large_image\" \/>\n<meta name=\"twitter:label1\" content=\"Est. reading time\" \/>\n\t<meta name=\"twitter:data1\" content=\"2 minutes\" \/>\n<script type=\"application\/ld+json\" class=\"yoast-schema-graph\">{\"@context\":\"https:\/\/schema.org\",\"@graph\":[{\"@type\":\"WebPage\",\"@id\":\"https:\/\/elektronmusikstudion.se\/en\/guest-composers\/guest-composers-2025\/oguz-buyukberber\/\",\"url\":\"https:\/\/elektronmusikstudion.se\/en\/guest-composers\/guest-composers-2025\/oguz-buyukberber\/\",\"name\":\"O\u011fuz B\u00fcy\u00fckberber - Elektronmusikstudion\",\"isPartOf\":{\"@id\":\"https:\/\/elektronmusikstudion.se\/#website\"},\"primaryImageOfPage\":{\"@id\":\"https:\/\/elektronmusikstudion.se\/en\/guest-composers\/guest-composers-2025\/oguz-buyukberber\/#primaryimage\"},\"image\":{\"@id\":\"https:\/\/elektronmusikstudion.se\/en\/guest-composers\/guest-composers-2025\/oguz-buyukberber\/#primaryimage\"},\"thumbnailUrl\":\"https:\/\/elektronmusikstudion.se\/wp-content\/uploads\/sites\/6\/2025\/03\/oguz-1.jpg\",\"datePublished\":\"2025-03-17T08:34:44+00:00\",\"breadcrumb\":{\"@id\":\"https:\/\/elektronmusikstudion.se\/en\/guest-composers\/guest-composers-2025\/oguz-buyukberber\/#breadcrumb\"},\"inLanguage\":\"en-US\",\"potentialAction\":[{\"@type\":\"ReadAction\",\"target\":[\"https:\/\/elektronmusikstudion.se\/en\/guest-composers\/guest-composers-2025\/oguz-buyukberber\/\"]}]},{\"@type\":\"ImageObject\",\"inLanguage\":\"en-US\",\"@id\":\"https:\/\/elektronmusikstudion.se\/en\/guest-composers\/guest-composers-2025\/oguz-buyukberber\/#primaryimage\",\"url\":\"https:\/\/elektronmusikstudion.se\/wp-content\/uploads\/sites\/6\/2025\/03\/oguz-1.jpg\",\"contentUrl\":\"https:\/\/elektronmusikstudion.se\/wp-content\/uploads\/sites\/6\/2025\/03\/oguz-1.jpg\"},{\"@type\":\"BreadcrumbList\",\"@id\":\"https:\/\/elektronmusikstudion.se\/en\/guest-composers\/guest-composers-2025\/oguz-buyukberber\/#breadcrumb\",\"itemListElement\":[{\"@type\":\"ListItem\",\"position\":1,\"name\":\"Home\",\"item\":\"https:\/\/elektronmusikstudion.se\/en\/\"},{\"@type\":\"ListItem\",\"position\":2,\"name\":\"Guest Composers\",\"item\":\"https:\/\/elektronmusikstudion.se\/en\/guest-composers\/\"},{\"@type\":\"ListItem\",\"position\":3,\"name\":\"Guest Composers 2025\",\"item\":\"https:\/\/elektronmusikstudion.se\/en\/guest-composers\/guest-composers-2025\/\"},{\"@type\":\"ListItem\",\"position\":4,\"name\":\"O\u011fuz B\u00fcy\u00fckberber\"}]},{\"@type\":\"WebSite\",\"@id\":\"https:\/\/elektronmusikstudion.se\/#website\",\"url\":\"https:\/\/elektronmusikstudion.se\/\",\"name\":\"Elektronmusikstudion\",\"description\":\"\",\"potentialAction\":[{\"@type\":\"SearchAction\",\"target\":{\"@type\":\"EntryPoint\",\"urlTemplate\":\"https:\/\/elektronmusikstudion.se\/?s={search_term_string}\"},\"query-input\":{\"@type\":\"PropertyValueSpecification\",\"valueRequired\":true,\"valueName\":\"search_term_string\"}}],\"inLanguage\":\"en-US\"}]}<\/script>\n<!-- \/ Yoast SEO plugin. -->","yoast_head_json":{"title":"O\u011fuz B\u00fcy\u00fckberber - Elektronmusikstudion","robots":{"index":"index","follow":"follow","max-snippet":"max-snippet:-1","max-image-preview":"max-image-preview:large","max-video-preview":"max-video-preview:-1"},"canonical":"https:\/\/elektronmusikstudion.se\/en\/guest-composers\/guest-composers-2025\/oguz-buyukberber\/","og_locale":"en_US","og_type":"article","og_title":"O\u011fuz B\u00fcy\u00fckberber - Elektronmusikstudion","og_description":"O\u011fuz B\u00fcy\u00fckberber is an Amsterdam based performer\/composer who\u2019s specialized in clarinets, modular synthesizers and visuals. His style merges contemporary music, jazz and influences from his Turkish background. His activities as a modular synthesizer artist is often presented under his alter ego artist name OX Barber. His body of work includes over 60 albums including releases [&hellip;]","og_url":"https:\/\/elektronmusikstudion.se\/en\/guest-composers\/guest-composers-2025\/oguz-buyukberber\/","og_site_name":"Elektronmusikstudion","og_image":[{"width":1024,"height":768,"url":"https:\/\/elektronmusikstudion.se\/wp-content\/uploads\/sites\/6\/2025\/03\/oguz-1.jpg","type":"image\/jpeg"}],"twitter_card":"summary_large_image","twitter_misc":{"Est. reading time":"2 minutes"},"schema":{"@context":"https:\/\/schema.org","@graph":[{"@type":"WebPage","@id":"https:\/\/elektronmusikstudion.se\/en\/guest-composers\/guest-composers-2025\/oguz-buyukberber\/","url":"https:\/\/elektronmusikstudion.se\/en\/guest-composers\/guest-composers-2025\/oguz-buyukberber\/","name":"O\u011fuz B\u00fcy\u00fckberber - Elektronmusikstudion","isPartOf":{"@id":"https:\/\/elektronmusikstudion.se\/#website"},"primaryImageOfPage":{"@id":"https:\/\/elektronmusikstudion.se\/en\/guest-composers\/guest-composers-2025\/oguz-buyukberber\/#primaryimage"},"image":{"@id":"https:\/\/elektronmusikstudion.se\/en\/guest-composers\/guest-composers-2025\/oguz-buyukberber\/#primaryimage"},"thumbnailUrl":"https:\/\/elektronmusikstudion.se\/wp-content\/uploads\/sites\/6\/2025\/03\/oguz-1.jpg","datePublished":"2025-03-17T08:34:44+00:00","breadcrumb":{"@id":"https:\/\/elektronmusikstudion.se\/en\/guest-composers\/guest-composers-2025\/oguz-buyukberber\/#breadcrumb"},"inLanguage":"en-US","potentialAction":[{"@type":"ReadAction","target":["https:\/\/elektronmusikstudion.se\/en\/guest-composers\/guest-composers-2025\/oguz-buyukberber\/"]}]},{"@type":"ImageObject","inLanguage":"en-US","@id":"https:\/\/elektronmusikstudion.se\/en\/guest-composers\/guest-composers-2025\/oguz-buyukberber\/#primaryimage","url":"https:\/\/elektronmusikstudion.se\/wp-content\/uploads\/sites\/6\/2025\/03\/oguz-1.jpg","contentUrl":"https:\/\/elektronmusikstudion.se\/wp-content\/uploads\/sites\/6\/2025\/03\/oguz-1.jpg"},{"@type":"BreadcrumbList","@id":"https:\/\/elektronmusikstudion.se\/en\/guest-composers\/guest-composers-2025\/oguz-buyukberber\/#breadcrumb","itemListElement":[{"@type":"ListItem","position":1,"name":"Home","item":"https:\/\/elektronmusikstudion.se\/en\/"},{"@type":"ListItem","position":2,"name":"Guest Composers","item":"https:\/\/elektronmusikstudion.se\/en\/guest-composers\/"},{"@type":"ListItem","position":3,"name":"Guest Composers 2025","item":"https:\/\/elektronmusikstudion.se\/en\/guest-composers\/guest-composers-2025\/"},{"@type":"ListItem","position":4,"name":"O\u011fuz B\u00fcy\u00fckberber"}]},{"@type":"WebSite","@id":"https:\/\/elektronmusikstudion.se\/#website","url":"https:\/\/elektronmusikstudion.se\/","name":"Elektronmusikstudion","description":"","potentialAction":[{"@type":"SearchAction","target":{"@type":"EntryPoint","urlTemplate":"https:\/\/elektronmusikstudion.se\/?s={search_term_string}"},"query-input":{"@type":"PropertyValueSpecification","valueRequired":true,"valueName":"search_term_string"}}],"inLanguage":"en-US"}]}},"_links":{"self":[{"href":"https:\/\/elektronmusikstudion.se\/en\/wp-json\/wp\/v2\/pages\/9286","targetHints":{"allow":["GET"]}}],"collection":[{"href":"https:\/\/elektronmusikstudion.se\/en\/wp-json\/wp\/v2\/pages"}],"about":[{"href":"https:\/\/elektronmusikstudion.se\/en\/wp-json\/wp\/v2\/types\/page"}],"author":[{"embeddable":true,"href":"https:\/\/elektronmusikstudion.se\/en\/wp-json\/wp\/v2\/users\/12"}],"replies":[{"embeddable":true,"href":"https:\/\/elektronmusikstudion.se\/en\/wp-json\/wp\/v2\/comments?post=9286"}],"version-history":[{"count":3,"href":"https:\/\/elektronmusikstudion.se\/en\/wp-json\/wp\/v2\/pages\/9286\/revisions"}],"predecessor-version":[{"id":9296,"href":"https:\/\/elektronmusikstudion.se\/en\/wp-json\/wp\/v2\/pages\/9286\/revisions\/9296"}],"up":[{"embeddable":true,"href":"https:\/\/elektronmusikstudion.se\/en\/wp-json\/wp\/v2\/pages\/684"}],"wp:attachment":[{"href":"https:\/\/elektronmusikstudion.se\/en\/wp-json\/wp\/v2\/media?parent=9286"}],"curies":[{"name":"wp","href":"https:\/\/api.w.org\/{rel}","templated":true}]}}