{"id":8855,"date":"2025-02-11T13:15:14","date_gmt":"2025-02-11T12:15:14","guid":{"rendered":"https:\/\/elektronmusikstudion.se\/?page_id=8855"},"modified":"2025-07-22T16:35:00","modified_gmt":"2025-07-22T14:35:00","slug":"vicente-yanez","status":"publish","type":"page","link":"https:\/\/elektronmusikstudion.se\/en\/guest-composers\/guest-composers-2025\/vicente-yanez\/","title":{"rendered":"Vicente Y\u00e1\u00f1ez"},"content":{"rendered":"<div class=\"w-constrained\">\n\t<p class=\"mb-4 font-light font-text-font text-large-text leading-large-text md:mb-10\">EMS September 1&ndash;21, 2025<\/p>\n<\/div>\n\n\n<div class=\"richtext w-constrained\">\n<figure class=\"wp-block-image size-large\"><img loading=\"lazy\" decoding=\"async\" width=\"1024\" height=\"768\" src=\"https:\/\/elektronmusikstudion.se\/wp-content\/uploads\/sites\/6\/2025\/07\/VicenteYanez2-1024x768.jpg\" alt=\"\" class=\"wp-image-10747\" srcset=\"https:\/\/elektronmusikstudion.se\/wp-content\/uploads\/sites\/6\/2025\/07\/VicenteYanez2-1024x768.jpg 1024w, https:\/\/elektronmusikstudion.se\/wp-content\/uploads\/sites\/6\/2025\/07\/VicenteYanez2-300x225.jpg 300w, https:\/\/elektronmusikstudion.se\/wp-content\/uploads\/sites\/6\/2025\/07\/VicenteYanez2-768x576.jpg 768w, https:\/\/elektronmusikstudion.se\/wp-content\/uploads\/sites\/6\/2025\/07\/VicenteYanez2-1536x1152.jpg 1536w, https:\/\/elektronmusikstudion.se\/wp-content\/uploads\/sites\/6\/2025\/07\/VicenteYanez2-2048x1536.jpg 2048w\" sizes=\"auto, (max-width: 1024px) 100vw, 1024px\" \/><figcaption class=\"wp-element-caption\">Photo by Pablo O\u2019Ryan&nbsp;<\/figcaption><\/figure>\n<\/div>\n\n<div class=\"w-constrained richtext\"><external-link-icon>\n<p>Vicente Y\u00e1\u00f1ez is a Chilean artist based in Berlin. His body of work comprises music for contemporary dance, film and string orchestra to sound installations, 3D virtual animated environments and Ambisonics. As a musician, he has produced\/mixed\/performed with renowned Chilean independent musicians and dancers over the last ten years, performing in Brazil, Argentina, Uruguay, Spain and Germany. He graduated from conservatory (Universidad de Chile) and currently pursues a Master in Arts (Sound Studies) at Universit\u00e4t der K\u00fcnste Berlin.&nbsp;<\/p>\n<\/external-link-icon><\/div>\n\n<div class=\"w-constrained richtext\"><external-link-icon>\n<p>Recent projects are focused on spatial sound and virtual realities. In pursuit of interactions with field recordings, ambisonics and neural models, he attempts to summon spaces that leave traces for individual\/collective narratives to emerge. <br>His interest in immersive media stems from questions posed around materiality, subjectivities and attentive listening.\u00a0<\/p>\n<\/external-link-icon><\/div>\n\n<div class=\"w-constrained richtext\"><external-link-icon>\n<p>Some of his recent work: [2025] Generative ambisonics installation for Altrememorie Residency (LeSerre Udine, IT) \/ PiNA (Koper, SI);[2024] Fulldome piece for Zeiss Gro\u00dfPlanetarium (Berlin, DE) and Festival Sous d\u00f4me(Paris, FR); 4DSound piece for Monom (Berlin, DE), Ambisonics installation for UdK Rundgang 24\u2019 (Berlin, DE).&nbsp;<\/p>\n<\/external-link-icon><\/div>\n\n<div class=\"w-constrained richtext\"><external-link-icon>\n<p>As a producer\/musician, he co-produced I.O.&#8217;s awarded <em>Altar <\/em>and Xatarra\u2019s debut <em>Cuadros. <\/em>Between 2015 and 2020 he was resident composer for Colectivo La Vitrina, and worked as assistant teacher and musician for the Dance department at Universidad de Chile, teaching and researching on sound and performative arts\/film.<\/p>\n<\/external-link-icon><\/div>\n\n<div class=\"w-constrained richtext\"><external-link-icon>\n<p>His debut E.P. \u2018<em>YZEN\u2019<\/em> was released in August 2025 under the Chilean label 11:11 (@sello11_11).&nbsp;<\/p>\n<\/external-link-icon><\/div>","protected":false},"excerpt":{"rendered":"<p>Vicente Y\u00e1\u00f1ez is a Chilean artist based in Berlin. His body of work comprises music for contemporary dance, film and string orchestra to sound installations, 3D virtual animated environments and Ambisonics. As a musician, he has produced\/mixed\/performed with renowned Chilean independent musicians and dancers over the last ten years, performing in Brazil, Argentina, Uruguay, Spain [&hellip;]<\/p>\n","protected":false},"author":4,"featured_media":0,"parent":684,"menu_order":0,"comment_status":"closed","ping_status":"closed","template":"","meta":{"_acf_changed":false,"footnotes":""},"class_list":["post-8855","page","type-page","status-publish","hentry"],"acf":[],"yoast_head":"<!-- This site is optimized with the Yoast SEO plugin v25.8 - https:\/\/yoast.com\/wordpress\/plugins\/seo\/ -->\n<title>Vicente Y\u00e1\u00f1ez - Elektronmusikstudion<\/title>\n<meta name=\"robots\" content=\"index, follow, max-snippet:-1, max-image-preview:large, max-video-preview:-1\" \/>\n<link rel=\"canonical\" href=\"https:\/\/elektronmusikstudion.se\/en\/guest-composers\/guest-composers-2025\/vicente-yanez\/\" \/>\n<meta property=\"og:locale\" content=\"en_US\" \/>\n<meta property=\"og:type\" content=\"article\" \/>\n<meta property=\"og:title\" content=\"Vicente Y\u00e1\u00f1ez - Elektronmusikstudion\" \/>\n<meta property=\"og:description\" content=\"Vicente Y\u00e1\u00f1ez is a Chilean artist based in Berlin. His body of work comprises music for contemporary dance, film and string orchestra to sound installations, 3D virtual animated environments and Ambisonics. As a musician, he has produced\/mixed\/performed with renowned Chilean independent musicians and dancers over the last ten years, performing in Brazil, Argentina, Uruguay, Spain [&hellip;]\" \/>\n<meta property=\"og:url\" content=\"https:\/\/elektronmusikstudion.se\/en\/guest-composers\/guest-composers-2025\/vicente-yanez\/\" \/>\n<meta property=\"og:site_name\" content=\"Elektronmusikstudion\" \/>\n<meta property=\"article:modified_time\" content=\"2025-07-22T14:35:00+00:00\" \/>\n<meta property=\"og:image\" content=\"https:\/\/elektronmusikstudion.se\/wp-content\/uploads\/sites\/6\/2025\/07\/VicenteYanez2-scaled.jpg\" \/>\n\t<meta property=\"og:image:width\" content=\"2560\" \/>\n\t<meta property=\"og:image:height\" content=\"1920\" \/>\n\t<meta property=\"og:image:type\" content=\"image\/jpeg\" \/>\n<meta name=\"twitter:card\" content=\"summary_large_image\" \/>\n<meta name=\"twitter:label1\" content=\"Est. reading time\" \/>\n\t<meta name=\"twitter:data1\" content=\"2 minutes\" \/>\n<script type=\"application\/ld+json\" class=\"yoast-schema-graph\">{\"@context\":\"https:\/\/schema.org\",\"@graph\":[{\"@type\":\"WebPage\",\"@id\":\"https:\/\/elektronmusikstudion.se\/en\/guest-composers\/guest-composers-2025\/vicente-yanez\/\",\"url\":\"https:\/\/elektronmusikstudion.se\/en\/guest-composers\/guest-composers-2025\/vicente-yanez\/\",\"name\":\"Vicente Y\u00e1\u00f1ez - Elektronmusikstudion\",\"isPartOf\":{\"@id\":\"https:\/\/elektronmusikstudion.se\/#website\"},\"primaryImageOfPage\":{\"@id\":\"https:\/\/elektronmusikstudion.se\/en\/guest-composers\/guest-composers-2025\/vicente-yanez\/#primaryimage\"},\"image\":{\"@id\":\"https:\/\/elektronmusikstudion.se\/en\/guest-composers\/guest-composers-2025\/vicente-yanez\/#primaryimage\"},\"thumbnailUrl\":\"https:\/\/elektronmusikstudion.se\/wp-content\/uploads\/sites\/6\/2025\/07\/VicenteYanez2-1024x768.jpg\",\"datePublished\":\"2025-02-11T12:15:14+00:00\",\"dateModified\":\"2025-07-22T14:35:00+00:00\",\"breadcrumb\":{\"@id\":\"https:\/\/elektronmusikstudion.se\/en\/guest-composers\/guest-composers-2025\/vicente-yanez\/#breadcrumb\"},\"inLanguage\":\"en-US\",\"potentialAction\":[{\"@type\":\"ReadAction\",\"target\":[\"https:\/\/elektronmusikstudion.se\/en\/guest-composers\/guest-composers-2025\/vicente-yanez\/\"]}]},{\"@type\":\"ImageObject\",\"inLanguage\":\"en-US\",\"@id\":\"https:\/\/elektronmusikstudion.se\/en\/guest-composers\/guest-composers-2025\/vicente-yanez\/#primaryimage\",\"url\":\"https:\/\/elektronmusikstudion.se\/wp-content\/uploads\/sites\/6\/2025\/07\/VicenteYanez2-1024x768.jpg\",\"contentUrl\":\"https:\/\/elektronmusikstudion.se\/wp-content\/uploads\/sites\/6\/2025\/07\/VicenteYanez2-1024x768.jpg\"},{\"@type\":\"BreadcrumbList\",\"@id\":\"https:\/\/elektronmusikstudion.se\/en\/guest-composers\/guest-composers-2025\/vicente-yanez\/#breadcrumb\",\"itemListElement\":[{\"@type\":\"ListItem\",\"position\":1,\"name\":\"Home\",\"item\":\"https:\/\/elektronmusikstudion.se\/en\/\"},{\"@type\":\"ListItem\",\"position\":2,\"name\":\"Guest Composers\",\"item\":\"https:\/\/elektronmusikstudion.se\/en\/guest-composers\/\"},{\"@type\":\"ListItem\",\"position\":3,\"name\":\"Guest Composers 2025\",\"item\":\"https:\/\/elektronmusikstudion.se\/en\/guest-composers\/guest-composers-2025\/\"},{\"@type\":\"ListItem\",\"position\":4,\"name\":\"Vicente Y\u00e1\u00f1ez\"}]},{\"@type\":\"WebSite\",\"@id\":\"https:\/\/elektronmusikstudion.se\/#website\",\"url\":\"https:\/\/elektronmusikstudion.se\/\",\"name\":\"Elektronmusikstudion\",\"description\":\"\",\"potentialAction\":[{\"@type\":\"SearchAction\",\"target\":{\"@type\":\"EntryPoint\",\"urlTemplate\":\"https:\/\/elektronmusikstudion.se\/?s={search_term_string}\"},\"query-input\":{\"@type\":\"PropertyValueSpecification\",\"valueRequired\":true,\"valueName\":\"search_term_string\"}}],\"inLanguage\":\"en-US\"}]}<\/script>\n<!-- \/ Yoast SEO plugin. -->","yoast_head_json":{"title":"Vicente Y\u00e1\u00f1ez - Elektronmusikstudion","robots":{"index":"index","follow":"follow","max-snippet":"max-snippet:-1","max-image-preview":"max-image-preview:large","max-video-preview":"max-video-preview:-1"},"canonical":"https:\/\/elektronmusikstudion.se\/en\/guest-composers\/guest-composers-2025\/vicente-yanez\/","og_locale":"en_US","og_type":"article","og_title":"Vicente Y\u00e1\u00f1ez - Elektronmusikstudion","og_description":"Vicente Y\u00e1\u00f1ez is a Chilean artist based in Berlin. His body of work comprises music for contemporary dance, film and string orchestra to sound installations, 3D virtual animated environments and Ambisonics. As a musician, he has produced\/mixed\/performed with renowned Chilean independent musicians and dancers over the last ten years, performing in Brazil, Argentina, Uruguay, Spain [&hellip;]","og_url":"https:\/\/elektronmusikstudion.se\/en\/guest-composers\/guest-composers-2025\/vicente-yanez\/","og_site_name":"Elektronmusikstudion","article_modified_time":"2025-07-22T14:35:00+00:00","og_image":[{"width":2560,"height":1920,"url":"https:\/\/elektronmusikstudion.se\/wp-content\/uploads\/sites\/6\/2025\/07\/VicenteYanez2-scaled.jpg","type":"image\/jpeg"}],"twitter_card":"summary_large_image","twitter_misc":{"Est. reading time":"2 minutes"},"schema":{"@context":"https:\/\/schema.org","@graph":[{"@type":"WebPage","@id":"https:\/\/elektronmusikstudion.se\/en\/guest-composers\/guest-composers-2025\/vicente-yanez\/","url":"https:\/\/elektronmusikstudion.se\/en\/guest-composers\/guest-composers-2025\/vicente-yanez\/","name":"Vicente Y\u00e1\u00f1ez - Elektronmusikstudion","isPartOf":{"@id":"https:\/\/elektronmusikstudion.se\/#website"},"primaryImageOfPage":{"@id":"https:\/\/elektronmusikstudion.se\/en\/guest-composers\/guest-composers-2025\/vicente-yanez\/#primaryimage"},"image":{"@id":"https:\/\/elektronmusikstudion.se\/en\/guest-composers\/guest-composers-2025\/vicente-yanez\/#primaryimage"},"thumbnailUrl":"https:\/\/elektronmusikstudion.se\/wp-content\/uploads\/sites\/6\/2025\/07\/VicenteYanez2-1024x768.jpg","datePublished":"2025-02-11T12:15:14+00:00","dateModified":"2025-07-22T14:35:00+00:00","breadcrumb":{"@id":"https:\/\/elektronmusikstudion.se\/en\/guest-composers\/guest-composers-2025\/vicente-yanez\/#breadcrumb"},"inLanguage":"en-US","potentialAction":[{"@type":"ReadAction","target":["https:\/\/elektronmusikstudion.se\/en\/guest-composers\/guest-composers-2025\/vicente-yanez\/"]}]},{"@type":"ImageObject","inLanguage":"en-US","@id":"https:\/\/elektronmusikstudion.se\/en\/guest-composers\/guest-composers-2025\/vicente-yanez\/#primaryimage","url":"https:\/\/elektronmusikstudion.se\/wp-content\/uploads\/sites\/6\/2025\/07\/VicenteYanez2-1024x768.jpg","contentUrl":"https:\/\/elektronmusikstudion.se\/wp-content\/uploads\/sites\/6\/2025\/07\/VicenteYanez2-1024x768.jpg"},{"@type":"BreadcrumbList","@id":"https:\/\/elektronmusikstudion.se\/en\/guest-composers\/guest-composers-2025\/vicente-yanez\/#breadcrumb","itemListElement":[{"@type":"ListItem","position":1,"name":"Home","item":"https:\/\/elektronmusikstudion.se\/en\/"},{"@type":"ListItem","position":2,"name":"Guest Composers","item":"https:\/\/elektronmusikstudion.se\/en\/guest-composers\/"},{"@type":"ListItem","position":3,"name":"Guest Composers 2025","item":"https:\/\/elektronmusikstudion.se\/en\/guest-composers\/guest-composers-2025\/"},{"@type":"ListItem","position":4,"name":"Vicente Y\u00e1\u00f1ez"}]},{"@type":"WebSite","@id":"https:\/\/elektronmusikstudion.se\/#website","url":"https:\/\/elektronmusikstudion.se\/","name":"Elektronmusikstudion","description":"","potentialAction":[{"@type":"SearchAction","target":{"@type":"EntryPoint","urlTemplate":"https:\/\/elektronmusikstudion.se\/?s={search_term_string}"},"query-input":{"@type":"PropertyValueSpecification","valueRequired":true,"valueName":"search_term_string"}}],"inLanguage":"en-US"}]}},"_links":{"self":[{"href":"https:\/\/elektronmusikstudion.se\/en\/wp-json\/wp\/v2\/pages\/8855","targetHints":{"allow":["GET"]}}],"collection":[{"href":"https:\/\/elektronmusikstudion.se\/en\/wp-json\/wp\/v2\/pages"}],"about":[{"href":"https:\/\/elektronmusikstudion.se\/en\/wp-json\/wp\/v2\/types\/page"}],"author":[{"embeddable":true,"href":"https:\/\/elektronmusikstudion.se\/en\/wp-json\/wp\/v2\/users\/4"}],"replies":[{"embeddable":true,"href":"https:\/\/elektronmusikstudion.se\/en\/wp-json\/wp\/v2\/comments?post=8855"}],"version-history":[{"count":5,"href":"https:\/\/elektronmusikstudion.se\/en\/wp-json\/wp\/v2\/pages\/8855\/revisions"}],"predecessor-version":[{"id":10757,"href":"https:\/\/elektronmusikstudion.se\/en\/wp-json\/wp\/v2\/pages\/8855\/revisions\/10757"}],"up":[{"embeddable":true,"href":"https:\/\/elektronmusikstudion.se\/en\/wp-json\/wp\/v2\/pages\/684"}],"wp:attachment":[{"href":"https:\/\/elektronmusikstudion.se\/en\/wp-json\/wp\/v2\/media?parent=8855"}],"curies":[{"name":"wp","href":"https:\/\/api.w.org\/{rel}","templated":true}]}}