{"id":8828,"date":"2025-02-11T11:57:43","date_gmt":"2025-02-11T10:57:43","guid":{"rendered":"https:\/\/elektronmusikstudion.se\/?page_id=8828"},"modified":"2025-02-11T11:57:44","modified_gmt":"2025-02-11T10:57:44","slug":"vili-paakko","status":"publish","type":"page","link":"https:\/\/elektronmusikstudion.se\/en\/guest-composers\/guest-composers-2025\/vili-paakko\/","title":{"rendered":"Vili P\u00e4\u00e4kk\u00f6"},"content":{"rendered":"<div class=\"w-constrained\">\n\t<p class=\"mb-4 font-light font-text-font text-large-text leading-large-text md:mb-10\">At EMS September 8&ndash;28, 2025<\/p>\n<\/div>\n\n\n<div class=\"w-constrained richtext\"><external-link-icon>\n<p>Vili Aarre Verneri P\u00e4\u00e4kk\u00f6 is a sound-based artist working mainly in the fields of contemporary performing arts and music.&nbsp;<\/p>\n<\/external-link-icon><\/div>\n\n<div class=\"w-constrained richtext\"><external-link-icon>\n<p>Vili would like to make sound that surpasses the referential burden that all culture has. To reach for something new \u2013 to make uncertain sounds that work as premonitions on how to convey feelings, half-feelings and sensory experiences. To Vili being uncertain but still audible is to be fragile and honest in a way that can really communicate something beyond the everyday.<\/p>\n<\/external-link-icon><\/div>\n\n<div class=\"w-constrained richtext\"><external-link-icon>\n<p>Vili holds a bachelors and a masters degree in sound design from the Theatre Academy of the University of the Arts Helsinki andi has worked mainly in Helsinki with such institutions as YLE (Finnish Broadcasting Company), Finnish National Theatre, Viirus Theatre with sound designs also audible in London Contemporary Dance School, Tictac Arts Centre Brussels and HZT Berlin<\/p>\n<\/external-link-icon><\/div>\n\n<div class=\"w-constrained richtext\"><external-link-icon>\n<p>Vili dreams of art, an island, a train, and the eyes of another.<\/p>\n<\/external-link-icon><\/div>\n\n<div class=\"richtext w-constrained\">\n<figure class=\"wp-block-image size-large is-resized\"><img loading=\"lazy\" decoding=\"async\" width=\"768\" height=\"1024\" src=\"https:\/\/elektronmusikstudion.se\/wp-content\/uploads\/sites\/6\/2025\/02\/Vili-Paakko-768x1024.jpg\" alt=\"\" class=\"wp-image-8829\" style=\"width:405px;height:auto\" srcset=\"https:\/\/elektronmusikstudion.se\/wp-content\/uploads\/sites\/6\/2025\/02\/Vili-Paakko-768x1024.jpg 768w, https:\/\/elektronmusikstudion.se\/wp-content\/uploads\/sites\/6\/2025\/02\/Vili-Paakko-225x300.jpg 225w, https:\/\/elektronmusikstudion.se\/wp-content\/uploads\/sites\/6\/2025\/02\/Vili-Paakko.jpg 976w\" sizes=\"auto, (max-width: 768px) 100vw, 768px\" \/><\/figure>\n<\/div>","protected":false},"excerpt":{"rendered":"<p>Vili Aarre Verneri P\u00e4\u00e4kk\u00f6 is a sound-based artist working mainly in the fields of contemporary performing arts and music.&nbsp; Vili would like to make sound that surpasses the referential burden that all culture has. To reach for something new \u2013 to make uncertain sounds that work as premonitions on how to convey feelings, half-feelings and [&hellip;]<\/p>\n","protected":false},"author":4,"featured_media":0,"parent":684,"menu_order":0,"comment_status":"closed","ping_status":"closed","template":"","meta":{"_acf_changed":false,"footnotes":""},"class_list":["post-8828","page","type-page","status-publish","hentry"],"acf":[],"yoast_head":"<!-- This site is optimized with the Yoast SEO plugin v25.8 - https:\/\/yoast.com\/wordpress\/plugins\/seo\/ -->\n<title>Vili P\u00e4\u00e4kk\u00f6 - Elektronmusikstudion<\/title>\n<meta name=\"robots\" content=\"index, follow, max-snippet:-1, max-image-preview:large, max-video-preview:-1\" \/>\n<link rel=\"canonical\" href=\"https:\/\/elektronmusikstudion.se\/en\/guest-composers\/guest-composers-2025\/vili-paakko\/\" \/>\n<meta property=\"og:locale\" content=\"en_US\" \/>\n<meta property=\"og:type\" content=\"article\" \/>\n<meta property=\"og:title\" content=\"Vili P\u00e4\u00e4kk\u00f6 - Elektronmusikstudion\" \/>\n<meta property=\"og:description\" content=\"Vili Aarre Verneri P\u00e4\u00e4kk\u00f6 is a sound-based artist working mainly in the fields of contemporary performing arts and music.&nbsp; Vili would like to make sound that surpasses the referential burden that all culture has. To reach for something new \u2013 to make uncertain sounds that work as premonitions on how to convey feelings, half-feelings and [&hellip;]\" \/>\n<meta property=\"og:url\" content=\"https:\/\/elektronmusikstudion.se\/en\/guest-composers\/guest-composers-2025\/vili-paakko\/\" \/>\n<meta property=\"og:site_name\" content=\"Elektronmusikstudion\" \/>\n<meta property=\"article:modified_time\" content=\"2025-02-11T10:57:44+00:00\" \/>\n<meta property=\"og:image\" content=\"https:\/\/elektronmusikstudion.se\/wp-content\/uploads\/sites\/6\/2025\/02\/Vili-Paakko-768x1024.jpg\" \/>\n<meta name=\"twitter:card\" content=\"summary_large_image\" \/>\n<meta name=\"twitter:label1\" content=\"Est. reading time\" \/>\n\t<meta name=\"twitter:data1\" content=\"1 minute\" \/>\n<script type=\"application\/ld+json\" class=\"yoast-schema-graph\">{\"@context\":\"https:\/\/schema.org\",\"@graph\":[{\"@type\":\"WebPage\",\"@id\":\"https:\/\/elektronmusikstudion.se\/en\/guest-composers\/guest-composers-2025\/vili-paakko\/\",\"url\":\"https:\/\/elektronmusikstudion.se\/en\/guest-composers\/guest-composers-2025\/vili-paakko\/\",\"name\":\"Vili P\u00e4\u00e4kk\u00f6 - Elektronmusikstudion\",\"isPartOf\":{\"@id\":\"https:\/\/elektronmusikstudion.se\/#website\"},\"primaryImageOfPage\":{\"@id\":\"https:\/\/elektronmusikstudion.se\/en\/guest-composers\/guest-composers-2025\/vili-paakko\/#primaryimage\"},\"image\":{\"@id\":\"https:\/\/elektronmusikstudion.se\/en\/guest-composers\/guest-composers-2025\/vili-paakko\/#primaryimage\"},\"thumbnailUrl\":\"https:\/\/elektronmusikstudion.se\/wp-content\/uploads\/sites\/6\/2025\/02\/Vili-Paakko-768x1024.jpg\",\"datePublished\":\"2025-02-11T10:57:43+00:00\",\"dateModified\":\"2025-02-11T10:57:44+00:00\",\"breadcrumb\":{\"@id\":\"https:\/\/elektronmusikstudion.se\/en\/guest-composers\/guest-composers-2025\/vili-paakko\/#breadcrumb\"},\"inLanguage\":\"en-US\",\"potentialAction\":[{\"@type\":\"ReadAction\",\"target\":[\"https:\/\/elektronmusikstudion.se\/en\/guest-composers\/guest-composers-2025\/vili-paakko\/\"]}]},{\"@type\":\"ImageObject\",\"inLanguage\":\"en-US\",\"@id\":\"https:\/\/elektronmusikstudion.se\/en\/guest-composers\/guest-composers-2025\/vili-paakko\/#primaryimage\",\"url\":\"https:\/\/elektronmusikstudion.se\/wp-content\/uploads\/sites\/6\/2025\/02\/Vili-Paakko-768x1024.jpg\",\"contentUrl\":\"https:\/\/elektronmusikstudion.se\/wp-content\/uploads\/sites\/6\/2025\/02\/Vili-Paakko-768x1024.jpg\"},{\"@type\":\"BreadcrumbList\",\"@id\":\"https:\/\/elektronmusikstudion.se\/en\/guest-composers\/guest-composers-2025\/vili-paakko\/#breadcrumb\",\"itemListElement\":[{\"@type\":\"ListItem\",\"position\":1,\"name\":\"Home\",\"item\":\"https:\/\/elektronmusikstudion.se\/en\/\"},{\"@type\":\"ListItem\",\"position\":2,\"name\":\"Guest Composers\",\"item\":\"https:\/\/elektronmusikstudion.se\/en\/guest-composers\/\"},{\"@type\":\"ListItem\",\"position\":3,\"name\":\"Guest Composers 2025\",\"item\":\"https:\/\/elektronmusikstudion.se\/en\/guest-composers\/guest-composers-2025\/\"},{\"@type\":\"ListItem\",\"position\":4,\"name\":\"Vili P\u00e4\u00e4kk\u00f6\"}]},{\"@type\":\"WebSite\",\"@id\":\"https:\/\/elektronmusikstudion.se\/#website\",\"url\":\"https:\/\/elektronmusikstudion.se\/\",\"name\":\"Elektronmusikstudion\",\"description\":\"\",\"potentialAction\":[{\"@type\":\"SearchAction\",\"target\":{\"@type\":\"EntryPoint\",\"urlTemplate\":\"https:\/\/elektronmusikstudion.se\/?s={search_term_string}\"},\"query-input\":{\"@type\":\"PropertyValueSpecification\",\"valueRequired\":true,\"valueName\":\"search_term_string\"}}],\"inLanguage\":\"en-US\"}]}<\/script>\n<!-- \/ Yoast SEO plugin. -->","yoast_head_json":{"title":"Vili P\u00e4\u00e4kk\u00f6 - Elektronmusikstudion","robots":{"index":"index","follow":"follow","max-snippet":"max-snippet:-1","max-image-preview":"max-image-preview:large","max-video-preview":"max-video-preview:-1"},"canonical":"https:\/\/elektronmusikstudion.se\/en\/guest-composers\/guest-composers-2025\/vili-paakko\/","og_locale":"en_US","og_type":"article","og_title":"Vili P\u00e4\u00e4kk\u00f6 - Elektronmusikstudion","og_description":"Vili Aarre Verneri P\u00e4\u00e4kk\u00f6 is a sound-based artist working mainly in the fields of contemporary performing arts and music.&nbsp; Vili would like to make sound that surpasses the referential burden that all culture has. To reach for something new \u2013 to make uncertain sounds that work as premonitions on how to convey feelings, half-feelings and [&hellip;]","og_url":"https:\/\/elektronmusikstudion.se\/en\/guest-composers\/guest-composers-2025\/vili-paakko\/","og_site_name":"Elektronmusikstudion","article_modified_time":"2025-02-11T10:57:44+00:00","og_image":[{"url":"https:\/\/elektronmusikstudion.se\/wp-content\/uploads\/sites\/6\/2025\/02\/Vili-Paakko-768x1024.jpg","type":"","width":"","height":""}],"twitter_card":"summary_large_image","twitter_misc":{"Est. reading time":"1 minute"},"schema":{"@context":"https:\/\/schema.org","@graph":[{"@type":"WebPage","@id":"https:\/\/elektronmusikstudion.se\/en\/guest-composers\/guest-composers-2025\/vili-paakko\/","url":"https:\/\/elektronmusikstudion.se\/en\/guest-composers\/guest-composers-2025\/vili-paakko\/","name":"Vili P\u00e4\u00e4kk\u00f6 - Elektronmusikstudion","isPartOf":{"@id":"https:\/\/elektronmusikstudion.se\/#website"},"primaryImageOfPage":{"@id":"https:\/\/elektronmusikstudion.se\/en\/guest-composers\/guest-composers-2025\/vili-paakko\/#primaryimage"},"image":{"@id":"https:\/\/elektronmusikstudion.se\/en\/guest-composers\/guest-composers-2025\/vili-paakko\/#primaryimage"},"thumbnailUrl":"https:\/\/elektronmusikstudion.se\/wp-content\/uploads\/sites\/6\/2025\/02\/Vili-Paakko-768x1024.jpg","datePublished":"2025-02-11T10:57:43+00:00","dateModified":"2025-02-11T10:57:44+00:00","breadcrumb":{"@id":"https:\/\/elektronmusikstudion.se\/en\/guest-composers\/guest-composers-2025\/vili-paakko\/#breadcrumb"},"inLanguage":"en-US","potentialAction":[{"@type":"ReadAction","target":["https:\/\/elektronmusikstudion.se\/en\/guest-composers\/guest-composers-2025\/vili-paakko\/"]}]},{"@type":"ImageObject","inLanguage":"en-US","@id":"https:\/\/elektronmusikstudion.se\/en\/guest-composers\/guest-composers-2025\/vili-paakko\/#primaryimage","url":"https:\/\/elektronmusikstudion.se\/wp-content\/uploads\/sites\/6\/2025\/02\/Vili-Paakko-768x1024.jpg","contentUrl":"https:\/\/elektronmusikstudion.se\/wp-content\/uploads\/sites\/6\/2025\/02\/Vili-Paakko-768x1024.jpg"},{"@type":"BreadcrumbList","@id":"https:\/\/elektronmusikstudion.se\/en\/guest-composers\/guest-composers-2025\/vili-paakko\/#breadcrumb","itemListElement":[{"@type":"ListItem","position":1,"name":"Home","item":"https:\/\/elektronmusikstudion.se\/en\/"},{"@type":"ListItem","position":2,"name":"Guest Composers","item":"https:\/\/elektronmusikstudion.se\/en\/guest-composers\/"},{"@type":"ListItem","position":3,"name":"Guest Composers 2025","item":"https:\/\/elektronmusikstudion.se\/en\/guest-composers\/guest-composers-2025\/"},{"@type":"ListItem","position":4,"name":"Vili P\u00e4\u00e4kk\u00f6"}]},{"@type":"WebSite","@id":"https:\/\/elektronmusikstudion.se\/#website","url":"https:\/\/elektronmusikstudion.se\/","name":"Elektronmusikstudion","description":"","potentialAction":[{"@type":"SearchAction","target":{"@type":"EntryPoint","urlTemplate":"https:\/\/elektronmusikstudion.se\/?s={search_term_string}"},"query-input":{"@type":"PropertyValueSpecification","valueRequired":true,"valueName":"search_term_string"}}],"inLanguage":"en-US"}]}},"_links":{"self":[{"href":"https:\/\/elektronmusikstudion.se\/en\/wp-json\/wp\/v2\/pages\/8828","targetHints":{"allow":["GET"]}}],"collection":[{"href":"https:\/\/elektronmusikstudion.se\/en\/wp-json\/wp\/v2\/pages"}],"about":[{"href":"https:\/\/elektronmusikstudion.se\/en\/wp-json\/wp\/v2\/types\/page"}],"author":[{"embeddable":true,"href":"https:\/\/elektronmusikstudion.se\/en\/wp-json\/wp\/v2\/users\/4"}],"replies":[{"embeddable":true,"href":"https:\/\/elektronmusikstudion.se\/en\/wp-json\/wp\/v2\/comments?post=8828"}],"version-history":[{"count":1,"href":"https:\/\/elektronmusikstudion.se\/en\/wp-json\/wp\/v2\/pages\/8828\/revisions"}],"predecessor-version":[{"id":8836,"href":"https:\/\/elektronmusikstudion.se\/en\/wp-json\/wp\/v2\/pages\/8828\/revisions\/8836"}],"up":[{"embeddable":true,"href":"https:\/\/elektronmusikstudion.se\/en\/wp-json\/wp\/v2\/pages\/684"}],"wp:attachment":[{"href":"https:\/\/elektronmusikstudion.se\/en\/wp-json\/wp\/v2\/media?parent=8828"}],"curies":[{"name":"wp","href":"https:\/\/api.w.org\/{rel}","templated":true}]}}