{"id":8819,"date":"2025-02-11T11:54:23","date_gmt":"2025-02-11T10:54:23","guid":{"rendered":"https:\/\/elektronmusikstudion.se\/?page_id=8819"},"modified":"2025-10-01T10:40:34","modified_gmt":"2025-10-01T08:40:34","slug":"elif-gulin-soguksu","status":"publish","type":"page","link":"https:\/\/elektronmusikstudion.se\/en\/guest-composers\/guest-composers-2025\/elif-gulin-soguksu\/","title":{"rendered":"Elif G\u00fclin So\u011fuksu"},"content":{"rendered":"<div class=\"w-constrained\">\n\t<p class=\"mb-4 font-light font-text-font text-large-text leading-large-text md:mb-10\">At EMS October 8-19, 2025<\/p>\n<\/div>\n\n\n<div class=\"richtext w-constrained\">\n<figure class=\"wp-block-image size-large\"><img loading=\"lazy\" decoding=\"async\" width=\"1024\" height=\"1024\" src=\"https:\/\/elektronmusikstudion.se\/wp-content\/uploads\/sites\/6\/2025\/02\/Elif-Gulin-Soguksu-1024x1024.jpg\" alt=\"\" class=\"wp-image-8820\" srcset=\"https:\/\/elektronmusikstudion.se\/wp-content\/uploads\/sites\/6\/2025\/02\/Elif-Gulin-Soguksu-1024x1024.jpg 1024w, https:\/\/elektronmusikstudion.se\/wp-content\/uploads\/sites\/6\/2025\/02\/Elif-Gulin-Soguksu-300x300.jpg 300w, https:\/\/elektronmusikstudion.se\/wp-content\/uploads\/sites\/6\/2025\/02\/Elif-Gulin-Soguksu-150x150.jpg 150w, https:\/\/elektronmusikstudion.se\/wp-content\/uploads\/sites\/6\/2025\/02\/Elif-Gulin-Soguksu-768x768.jpg 768w, https:\/\/elektronmusikstudion.se\/wp-content\/uploads\/sites\/6\/2025\/02\/Elif-Gulin-Soguksu.jpg 1130w\" sizes=\"auto, (max-width: 1024px) 100vw, 1024px\" \/><\/figure>\n<\/div>\n\n<div class=\"w-constrained richtext\"><external-link-icon>\n<p><a href=\"https:\/\/www.elifgsoguksu.com\/\">Elif G\u00fclin So\u011fuksu <\/a>is an electroacoustic composer, sound artist, performer, and researcher born in Istanbul and currently based in Berlin. She holds her bachelor\u2019s degree in composition and audio technology at Istanbul Bilgi University Music (TR) and recently obtained her master\u2019s degree at the Institute of Sonology in The Hague (NL).<\/p>\n<\/external-link-icon><\/div>\n\n<div class=\"w-constrained richtext\"><external-link-icon>\n<p>Elif draws inspiration from the fugitive behavior and cross-modality of imagination in sound; her compositional practice grounds on catching the sounds of the mind. She researches essentially on the human voice as a potent in the formation of mentally produced sounds through the polyphony of theoretical and practical frameworks. Her electroacoustic pieces and live performances bridge algorithmic approaches, including voice-driven live electronics and creative coding, digital processing, acousmatic music, and spatial sound. She has recently released her debut EP on S\u00f8vn Records in July 2024, and released music on the labels Riforma and MIC Lithuania. <\/p>\n<\/external-link-icon><\/div>\n\n<div class=\"w-constrained richtext\"><external-link-icon>\n<p>She works as a sound designer for multidisciplinary projects and as a sound engineer and technician for live concerts. During the pandemic, she co-founded the international all womxn collective It\u2019s Us: Ophelia. They created their debut project; a digital theater experience; So, Count Mine and premiered in December 2020. <br><br>Her recent and upcoming residencies include *Topia Festival (DE), Kintai.Kitaip (LT), Sound Topographies GMEA Albi (FR), Elektronmusikstudion EMS Stockholm (SE), among others.<\/p>\n<\/external-link-icon><\/div>","protected":false},"excerpt":{"rendered":"<p>Elif G\u00fclin So\u011fuksu is an electroacoustic composer, sound artist, performer, and researcher born in Istanbul and currently based in Berlin. She holds her bachelor\u2019s degree in composition and audio technology at Istanbul Bilgi University Music (TR) and recently obtained her master\u2019s degree at the Institute of Sonology in The Hague (NL). Elif draws inspiration from [&hellip;]<\/p>\n","protected":false},"author":4,"featured_media":0,"parent":684,"menu_order":0,"comment_status":"closed","ping_status":"closed","template":"","meta":{"_acf_changed":false,"footnotes":""},"class_list":["post-8819","page","type-page","status-publish","hentry"],"acf":[],"yoast_head":"<!-- This site is optimized with the Yoast SEO plugin v25.8 - https:\/\/yoast.com\/wordpress\/plugins\/seo\/ -->\n<title>Elif G\u00fclin So\u011fuksu - Elektronmusikstudion<\/title>\n<meta name=\"robots\" content=\"index, follow, max-snippet:-1, max-image-preview:large, max-video-preview:-1\" \/>\n<link rel=\"canonical\" href=\"https:\/\/elektronmusikstudion.se\/en\/guest-composers\/guest-composers-2025\/elif-gulin-soguksu\/\" \/>\n<meta property=\"og:locale\" content=\"en_US\" \/>\n<meta property=\"og:type\" content=\"article\" \/>\n<meta property=\"og:title\" content=\"Elif G\u00fclin So\u011fuksu - Elektronmusikstudion\" \/>\n<meta property=\"og:description\" content=\"Elif G\u00fclin So\u011fuksu is an electroacoustic composer, sound artist, performer, and researcher born in Istanbul and currently based in Berlin. She holds her bachelor\u2019s degree in composition and audio technology at Istanbul Bilgi University Music (TR) and recently obtained her master\u2019s degree at the Institute of Sonology in The Hague (NL). Elif draws inspiration from [&hellip;]\" \/>\n<meta property=\"og:url\" content=\"https:\/\/elektronmusikstudion.se\/en\/guest-composers\/guest-composers-2025\/elif-gulin-soguksu\/\" \/>\n<meta property=\"og:site_name\" content=\"Elektronmusikstudion\" \/>\n<meta property=\"article:modified_time\" content=\"2025-10-01T08:40:34+00:00\" \/>\n<meta property=\"og:image\" content=\"https:\/\/elektronmusikstudion.se\/wp-content\/uploads\/sites\/6\/2025\/02\/Elif-Gulin-Soguksu.jpg\" \/>\n\t<meta property=\"og:image:width\" content=\"1130\" \/>\n\t<meta property=\"og:image:height\" content=\"1130\" \/>\n\t<meta property=\"og:image:type\" content=\"image\/jpeg\" \/>\n<meta name=\"twitter:card\" content=\"summary_large_image\" \/>\n<meta name=\"twitter:label1\" content=\"Est. reading time\" \/>\n\t<meta name=\"twitter:data1\" content=\"2 minutes\" \/>\n<script type=\"application\/ld+json\" class=\"yoast-schema-graph\">{\"@context\":\"https:\/\/schema.org\",\"@graph\":[{\"@type\":\"WebPage\",\"@id\":\"https:\/\/elektronmusikstudion.se\/en\/guest-composers\/guest-composers-2025\/elif-gulin-soguksu\/\",\"url\":\"https:\/\/elektronmusikstudion.se\/en\/guest-composers\/guest-composers-2025\/elif-gulin-soguksu\/\",\"name\":\"Elif G\u00fclin So\u011fuksu - Elektronmusikstudion\",\"isPartOf\":{\"@id\":\"https:\/\/elektronmusikstudion.se\/#website\"},\"primaryImageOfPage\":{\"@id\":\"https:\/\/elektronmusikstudion.se\/en\/guest-composers\/guest-composers-2025\/elif-gulin-soguksu\/#primaryimage\"},\"image\":{\"@id\":\"https:\/\/elektronmusikstudion.se\/en\/guest-composers\/guest-composers-2025\/elif-gulin-soguksu\/#primaryimage\"},\"thumbnailUrl\":\"https:\/\/elektronmusikstudion.se\/wp-content\/uploads\/sites\/6\/2025\/02\/Elif-Gulin-Soguksu-1024x1024.jpg\",\"datePublished\":\"2025-02-11T10:54:23+00:00\",\"dateModified\":\"2025-10-01T08:40:34+00:00\",\"breadcrumb\":{\"@id\":\"https:\/\/elektronmusikstudion.se\/en\/guest-composers\/guest-composers-2025\/elif-gulin-soguksu\/#breadcrumb\"},\"inLanguage\":\"en-US\",\"potentialAction\":[{\"@type\":\"ReadAction\",\"target\":[\"https:\/\/elektronmusikstudion.se\/en\/guest-composers\/guest-composers-2025\/elif-gulin-soguksu\/\"]}]},{\"@type\":\"ImageObject\",\"inLanguage\":\"en-US\",\"@id\":\"https:\/\/elektronmusikstudion.se\/en\/guest-composers\/guest-composers-2025\/elif-gulin-soguksu\/#primaryimage\",\"url\":\"https:\/\/elektronmusikstudion.se\/wp-content\/uploads\/sites\/6\/2025\/02\/Elif-Gulin-Soguksu-1024x1024.jpg\",\"contentUrl\":\"https:\/\/elektronmusikstudion.se\/wp-content\/uploads\/sites\/6\/2025\/02\/Elif-Gulin-Soguksu-1024x1024.jpg\"},{\"@type\":\"BreadcrumbList\",\"@id\":\"https:\/\/elektronmusikstudion.se\/en\/guest-composers\/guest-composers-2025\/elif-gulin-soguksu\/#breadcrumb\",\"itemListElement\":[{\"@type\":\"ListItem\",\"position\":1,\"name\":\"Home\",\"item\":\"https:\/\/elektronmusikstudion.se\/en\/\"},{\"@type\":\"ListItem\",\"position\":2,\"name\":\"Guest Composers\",\"item\":\"https:\/\/elektronmusikstudion.se\/en\/guest-composers\/\"},{\"@type\":\"ListItem\",\"position\":3,\"name\":\"Guest Composers 2025\",\"item\":\"https:\/\/elektronmusikstudion.se\/en\/guest-composers\/guest-composers-2025\/\"},{\"@type\":\"ListItem\",\"position\":4,\"name\":\"Elif G\u00fclin So\u011fuksu\"}]},{\"@type\":\"WebSite\",\"@id\":\"https:\/\/elektronmusikstudion.se\/#website\",\"url\":\"https:\/\/elektronmusikstudion.se\/\",\"name\":\"Elektronmusikstudion\",\"description\":\"\",\"potentialAction\":[{\"@type\":\"SearchAction\",\"target\":{\"@type\":\"EntryPoint\",\"urlTemplate\":\"https:\/\/elektronmusikstudion.se\/?s={search_term_string}\"},\"query-input\":{\"@type\":\"PropertyValueSpecification\",\"valueRequired\":true,\"valueName\":\"search_term_string\"}}],\"inLanguage\":\"en-US\"}]}<\/script>\n<!-- \/ Yoast SEO plugin. -->","yoast_head_json":{"title":"Elif G\u00fclin So\u011fuksu - Elektronmusikstudion","robots":{"index":"index","follow":"follow","max-snippet":"max-snippet:-1","max-image-preview":"max-image-preview:large","max-video-preview":"max-video-preview:-1"},"canonical":"https:\/\/elektronmusikstudion.se\/en\/guest-composers\/guest-composers-2025\/elif-gulin-soguksu\/","og_locale":"en_US","og_type":"article","og_title":"Elif G\u00fclin So\u011fuksu - Elektronmusikstudion","og_description":"Elif G\u00fclin So\u011fuksu is an electroacoustic composer, sound artist, performer, and researcher born in Istanbul and currently based in Berlin. She holds her bachelor\u2019s degree in composition and audio technology at Istanbul Bilgi University Music (TR) and recently obtained her master\u2019s degree at the Institute of Sonology in The Hague (NL). Elif draws inspiration from [&hellip;]","og_url":"https:\/\/elektronmusikstudion.se\/en\/guest-composers\/guest-composers-2025\/elif-gulin-soguksu\/","og_site_name":"Elektronmusikstudion","article_modified_time":"2025-10-01T08:40:34+00:00","og_image":[{"width":1130,"height":1130,"url":"https:\/\/elektronmusikstudion.se\/wp-content\/uploads\/sites\/6\/2025\/02\/Elif-Gulin-Soguksu.jpg","type":"image\/jpeg"}],"twitter_card":"summary_large_image","twitter_misc":{"Est. reading time":"2 minutes"},"schema":{"@context":"https:\/\/schema.org","@graph":[{"@type":"WebPage","@id":"https:\/\/elektronmusikstudion.se\/en\/guest-composers\/guest-composers-2025\/elif-gulin-soguksu\/","url":"https:\/\/elektronmusikstudion.se\/en\/guest-composers\/guest-composers-2025\/elif-gulin-soguksu\/","name":"Elif G\u00fclin So\u011fuksu - Elektronmusikstudion","isPartOf":{"@id":"https:\/\/elektronmusikstudion.se\/#website"},"primaryImageOfPage":{"@id":"https:\/\/elektronmusikstudion.se\/en\/guest-composers\/guest-composers-2025\/elif-gulin-soguksu\/#primaryimage"},"image":{"@id":"https:\/\/elektronmusikstudion.se\/en\/guest-composers\/guest-composers-2025\/elif-gulin-soguksu\/#primaryimage"},"thumbnailUrl":"https:\/\/elektronmusikstudion.se\/wp-content\/uploads\/sites\/6\/2025\/02\/Elif-Gulin-Soguksu-1024x1024.jpg","datePublished":"2025-02-11T10:54:23+00:00","dateModified":"2025-10-01T08:40:34+00:00","breadcrumb":{"@id":"https:\/\/elektronmusikstudion.se\/en\/guest-composers\/guest-composers-2025\/elif-gulin-soguksu\/#breadcrumb"},"inLanguage":"en-US","potentialAction":[{"@type":"ReadAction","target":["https:\/\/elektronmusikstudion.se\/en\/guest-composers\/guest-composers-2025\/elif-gulin-soguksu\/"]}]},{"@type":"ImageObject","inLanguage":"en-US","@id":"https:\/\/elektronmusikstudion.se\/en\/guest-composers\/guest-composers-2025\/elif-gulin-soguksu\/#primaryimage","url":"https:\/\/elektronmusikstudion.se\/wp-content\/uploads\/sites\/6\/2025\/02\/Elif-Gulin-Soguksu-1024x1024.jpg","contentUrl":"https:\/\/elektronmusikstudion.se\/wp-content\/uploads\/sites\/6\/2025\/02\/Elif-Gulin-Soguksu-1024x1024.jpg"},{"@type":"BreadcrumbList","@id":"https:\/\/elektronmusikstudion.se\/en\/guest-composers\/guest-composers-2025\/elif-gulin-soguksu\/#breadcrumb","itemListElement":[{"@type":"ListItem","position":1,"name":"Home","item":"https:\/\/elektronmusikstudion.se\/en\/"},{"@type":"ListItem","position":2,"name":"Guest Composers","item":"https:\/\/elektronmusikstudion.se\/en\/guest-composers\/"},{"@type":"ListItem","position":3,"name":"Guest Composers 2025","item":"https:\/\/elektronmusikstudion.se\/en\/guest-composers\/guest-composers-2025\/"},{"@type":"ListItem","position":4,"name":"Elif G\u00fclin So\u011fuksu"}]},{"@type":"WebSite","@id":"https:\/\/elektronmusikstudion.se\/#website","url":"https:\/\/elektronmusikstudion.se\/","name":"Elektronmusikstudion","description":"","potentialAction":[{"@type":"SearchAction","target":{"@type":"EntryPoint","urlTemplate":"https:\/\/elektronmusikstudion.se\/?s={search_term_string}"},"query-input":{"@type":"PropertyValueSpecification","valueRequired":true,"valueName":"search_term_string"}}],"inLanguage":"en-US"}]}},"_links":{"self":[{"href":"https:\/\/elektronmusikstudion.se\/en\/wp-json\/wp\/v2\/pages\/8819","targetHints":{"allow":["GET"]}}],"collection":[{"href":"https:\/\/elektronmusikstudion.se\/en\/wp-json\/wp\/v2\/pages"}],"about":[{"href":"https:\/\/elektronmusikstudion.se\/en\/wp-json\/wp\/v2\/types\/page"}],"author":[{"embeddable":true,"href":"https:\/\/elektronmusikstudion.se\/en\/wp-json\/wp\/v2\/users\/4"}],"replies":[{"embeddable":true,"href":"https:\/\/elektronmusikstudion.se\/en\/wp-json\/wp\/v2\/comments?post=8819"}],"version-history":[{"count":5,"href":"https:\/\/elektronmusikstudion.se\/en\/wp-json\/wp\/v2\/pages\/8819\/revisions"}],"predecessor-version":[{"id":11771,"href":"https:\/\/elektronmusikstudion.se\/en\/wp-json\/wp\/v2\/pages\/8819\/revisions\/11771"}],"up":[{"embeddable":true,"href":"https:\/\/elektronmusikstudion.se\/en\/wp-json\/wp\/v2\/pages\/684"}],"wp:attachment":[{"href":"https:\/\/elektronmusikstudion.se\/en\/wp-json\/wp\/v2\/media?parent=8819"}],"curies":[{"name":"wp","href":"https:\/\/api.w.org\/{rel}","templated":true}]}}