{"id":8810,"date":"2025-02-11T11:48:46","date_gmt":"2025-02-11T10:48:46","guid":{"rendered":"https:\/\/elektronmusikstudion.se\/?page_id=8810"},"modified":"2025-09-25T16:07:27","modified_gmt":"2025-09-25T14:07:27","slug":"adomas-palekas","status":"publish","type":"page","link":"https:\/\/elektronmusikstudion.se\/en\/guest-composers\/guest-composers-2025\/adomas-palekas\/","title":{"rendered":"Adomas Palekas"},"content":{"rendered":"<div class=\"richtext w-constrained\">\n<figure class=\"wp-block-image size-large is-resized\"><img loading=\"lazy\" decoding=\"async\" width=\"683\" height=\"1024\" src=\"https:\/\/elektronmusikstudion.se\/wp-content\/uploads\/sites\/6\/2025\/02\/me-by-Ugne-uma-683x1024.jpg\" alt=\"\" class=\"wp-image-8811\" style=\"width:455px;height:auto\" srcset=\"https:\/\/elektronmusikstudion.se\/wp-content\/uploads\/sites\/6\/2025\/02\/me-by-Ugne-uma-683x1024.jpg 683w, https:\/\/elektronmusikstudion.se\/wp-content\/uploads\/sites\/6\/2025\/02\/me-by-Ugne-uma-200x300.jpg 200w, https:\/\/elektronmusikstudion.se\/wp-content\/uploads\/sites\/6\/2025\/02\/me-by-Ugne-uma-768x1152.jpg 768w, https:\/\/elektronmusikstudion.se\/wp-content\/uploads\/sites\/6\/2025\/02\/me-by-Ugne-uma-1024x1536.jpg 1024w, https:\/\/elektronmusikstudion.se\/wp-content\/uploads\/sites\/6\/2025\/02\/me-by-Ugne-uma-1365x2048.jpg 1365w, https:\/\/elektronmusikstudion.se\/wp-content\/uploads\/sites\/6\/2025\/02\/me-by-Ugne-uma-scaled.jpg 1707w\" sizes=\"auto, (max-width: 683px) 100vw, 683px\" \/><figcaption class=\"wp-element-caption\">Photo by Ugn\u0117 Matulevi\u010di\u016bt\u0117<\/figcaption><\/figure>\n<\/div>\n\n<div class=\"w-constrained richtext\"><external-link-icon>\n<p><\/p>\n<\/external-link-icon><\/div>\n\n<div class=\"w-constrained\">\n\t<p class=\"mb-4 font-light font-text-font text-large-text leading-large-text md:mb-10\">At EMS September 29&ndash;October 19, 2025<\/p>\n<\/div>\n\n\n<div class=\"w-constrained richtext\"><external-link-icon>\n<p><a href=\"https:\/\/www.adomasp.com\/\">Adomas Palekas<\/a> (Vilnius\/Den Haag) \u2013 sound and bio artist, engineer working at the intersection of the non-human and art. His research focus is on Circuits of Extended Phenotype &#8211; sound devices that invite biotic and abiotic worlds to enact upon the music making process. With self-derived instruments and interfaces, Adomas explores processes beyond our sonic perception: microbial metabolism, (in)organic bodies or chemical reactions, which become the primary compositional forces in his emergent sound works.<\/p>\n<\/external-link-icon><\/div>\n\n<div class=\"w-constrained richtext\"><external-link-icon>\n<p>His approach combines design of musical instruments, microbial research, attention to site and non-human ear, field recordings, sonification, electroacoustic composition and other mediums. Adomas\u2019s works and collaborations have been presented in various spaces across Lithuania, Italy, Belgium, Germany, The Netherlands, UK, Czechia as well as international festivals such as \u201cArs Electronica\u201d, \u201c\u016aM\u0116D\u0116\u201c, \u201cREWIRE 2023\u201c, \u201cGaudeamus\u201c, Venice Architecture Biennial. Currently Adomas is a research associate at the Institute of Sonology. He\u2019s also involved with Lithuanian DIY communities Studium-P and Palanga Street Radio.<\/p>\n<\/external-link-icon><\/div>\n\n<div class=\"w-constrained richtext\"><external-link-icon>\n<p>Support from the&nbsp;<a href=\"https:\/\/www.nkk.org\/en\/funding-for-artist-residencies\/\">Nordic-Baltic Mobility Programme for Culture<\/a>&nbsp;has made it possible for EMS to invite Adomas for a residency.<\/p>\n<\/external-link-icon><\/div>\n\n<div class=\"richtext w-constrained\">\n<figure class=\"wp-block-image size-full is-resized\"><img loading=\"lazy\" decoding=\"async\" width=\"622\" height=\"335\" src=\"https:\/\/elektronmusikstudion.se\/wp-content\/uploads\/sites\/6\/2025\/07\/nordic-baltic-logo-1-grey-rgb-1.png\" alt=\"\" class=\"wp-image-10693\" style=\"width:202px;height:auto\" srcset=\"https:\/\/elektronmusikstudion.se\/wp-content\/uploads\/sites\/6\/2025\/07\/nordic-baltic-logo-1-grey-rgb-1.png 622w, https:\/\/elektronmusikstudion.se\/wp-content\/uploads\/sites\/6\/2025\/07\/nordic-baltic-logo-1-grey-rgb-1-300x162.png 300w\" sizes=\"auto, (max-width: 622px) 100vw, 622px\" \/><\/figure>\n<\/div>","protected":false},"excerpt":{"rendered":"<p>Adomas Palekas (Vilnius\/Den Haag) \u2013 sound and bio artist, engineer working at the intersection of the non-human and art. His research focus is on Circuits of Extended Phenotype &#8211; sound devices that invite biotic and abiotic worlds to enact upon the music making process. With self-derived instruments and interfaces, Adomas explores processes beyond our sonic [&hellip;]<\/p>\n","protected":false},"author":4,"featured_media":0,"parent":684,"menu_order":0,"comment_status":"closed","ping_status":"closed","template":"","meta":{"_acf_changed":false,"footnotes":""},"class_list":["post-8810","page","type-page","status-publish","hentry"],"acf":[],"yoast_head":"<!-- This site is optimized with the Yoast SEO plugin v25.8 - https:\/\/yoast.com\/wordpress\/plugins\/seo\/ -->\n<title>Adomas Palekas - Elektronmusikstudion<\/title>\n<meta name=\"robots\" content=\"index, follow, max-snippet:-1, max-image-preview:large, max-video-preview:-1\" \/>\n<link rel=\"canonical\" href=\"https:\/\/elektronmusikstudion.se\/en\/guest-composers\/guest-composers-2025\/adomas-palekas\/\" \/>\n<meta property=\"og:locale\" content=\"en_US\" \/>\n<meta property=\"og:type\" content=\"article\" \/>\n<meta property=\"og:title\" content=\"Adomas Palekas - Elektronmusikstudion\" \/>\n<meta property=\"og:description\" content=\"Adomas Palekas (Vilnius\/Den Haag) \u2013 sound and bio artist, engineer working at the intersection of the non-human and art. His research focus is on Circuits of Extended Phenotype &#8211; sound devices that invite biotic and abiotic worlds to enact upon the music making process. With self-derived instruments and interfaces, Adomas explores processes beyond our sonic [&hellip;]\" \/>\n<meta property=\"og:url\" content=\"https:\/\/elektronmusikstudion.se\/en\/guest-composers\/guest-composers-2025\/adomas-palekas\/\" \/>\n<meta property=\"og:site_name\" content=\"Elektronmusikstudion\" \/>\n<meta property=\"article:modified_time\" content=\"2025-09-25T14:07:27+00:00\" \/>\n<meta property=\"og:image\" content=\"https:\/\/elektronmusikstudion.se\/wp-content\/uploads\/sites\/6\/2025\/02\/me-by-Ugne-uma-scaled.jpg\" \/>\n\t<meta property=\"og:image:width\" content=\"1707\" \/>\n\t<meta property=\"og:image:height\" content=\"2560\" \/>\n\t<meta property=\"og:image:type\" content=\"image\/jpeg\" \/>\n<meta name=\"twitter:card\" content=\"summary_large_image\" \/>\n<meta name=\"twitter:label1\" content=\"Est. reading time\" \/>\n\t<meta name=\"twitter:data1\" content=\"2 minutes\" \/>\n<script type=\"application\/ld+json\" class=\"yoast-schema-graph\">{\"@context\":\"https:\/\/schema.org\",\"@graph\":[{\"@type\":\"WebPage\",\"@id\":\"https:\/\/elektronmusikstudion.se\/en\/guest-composers\/guest-composers-2025\/adomas-palekas\/\",\"url\":\"https:\/\/elektronmusikstudion.se\/en\/guest-composers\/guest-composers-2025\/adomas-palekas\/\",\"name\":\"Adomas Palekas - Elektronmusikstudion\",\"isPartOf\":{\"@id\":\"https:\/\/elektronmusikstudion.se\/#website\"},\"primaryImageOfPage\":{\"@id\":\"https:\/\/elektronmusikstudion.se\/en\/guest-composers\/guest-composers-2025\/adomas-palekas\/#primaryimage\"},\"image\":{\"@id\":\"https:\/\/elektronmusikstudion.se\/en\/guest-composers\/guest-composers-2025\/adomas-palekas\/#primaryimage\"},\"thumbnailUrl\":\"https:\/\/elektronmusikstudion.se\/wp-content\/uploads\/sites\/6\/2025\/02\/me-by-Ugne-uma-683x1024.jpg\",\"datePublished\":\"2025-02-11T10:48:46+00:00\",\"dateModified\":\"2025-09-25T14:07:27+00:00\",\"breadcrumb\":{\"@id\":\"https:\/\/elektronmusikstudion.se\/en\/guest-composers\/guest-composers-2025\/adomas-palekas\/#breadcrumb\"},\"inLanguage\":\"en-US\",\"potentialAction\":[{\"@type\":\"ReadAction\",\"target\":[\"https:\/\/elektronmusikstudion.se\/en\/guest-composers\/guest-composers-2025\/adomas-palekas\/\"]}]},{\"@type\":\"ImageObject\",\"inLanguage\":\"en-US\",\"@id\":\"https:\/\/elektronmusikstudion.se\/en\/guest-composers\/guest-composers-2025\/adomas-palekas\/#primaryimage\",\"url\":\"https:\/\/elektronmusikstudion.se\/wp-content\/uploads\/sites\/6\/2025\/02\/me-by-Ugne-uma-683x1024.jpg\",\"contentUrl\":\"https:\/\/elektronmusikstudion.se\/wp-content\/uploads\/sites\/6\/2025\/02\/me-by-Ugne-uma-683x1024.jpg\"},{\"@type\":\"BreadcrumbList\",\"@id\":\"https:\/\/elektronmusikstudion.se\/en\/guest-composers\/guest-composers-2025\/adomas-palekas\/#breadcrumb\",\"itemListElement\":[{\"@type\":\"ListItem\",\"position\":1,\"name\":\"Home\",\"item\":\"https:\/\/elektronmusikstudion.se\/en\/\"},{\"@type\":\"ListItem\",\"position\":2,\"name\":\"Guest Composers\",\"item\":\"https:\/\/elektronmusikstudion.se\/en\/guest-composers\/\"},{\"@type\":\"ListItem\",\"position\":3,\"name\":\"Guest Composers 2025\",\"item\":\"https:\/\/elektronmusikstudion.se\/en\/guest-composers\/guest-composers-2025\/\"},{\"@type\":\"ListItem\",\"position\":4,\"name\":\"Adomas Palekas\"}]},{\"@type\":\"WebSite\",\"@id\":\"https:\/\/elektronmusikstudion.se\/#website\",\"url\":\"https:\/\/elektronmusikstudion.se\/\",\"name\":\"Elektronmusikstudion\",\"description\":\"\",\"potentialAction\":[{\"@type\":\"SearchAction\",\"target\":{\"@type\":\"EntryPoint\",\"urlTemplate\":\"https:\/\/elektronmusikstudion.se\/?s={search_term_string}\"},\"query-input\":{\"@type\":\"PropertyValueSpecification\",\"valueRequired\":true,\"valueName\":\"search_term_string\"}}],\"inLanguage\":\"en-US\"}]}<\/script>\n<!-- \/ Yoast SEO plugin. -->","yoast_head_json":{"title":"Adomas Palekas - Elektronmusikstudion","robots":{"index":"index","follow":"follow","max-snippet":"max-snippet:-1","max-image-preview":"max-image-preview:large","max-video-preview":"max-video-preview:-1"},"canonical":"https:\/\/elektronmusikstudion.se\/en\/guest-composers\/guest-composers-2025\/adomas-palekas\/","og_locale":"en_US","og_type":"article","og_title":"Adomas Palekas - Elektronmusikstudion","og_description":"Adomas Palekas (Vilnius\/Den Haag) \u2013 sound and bio artist, engineer working at the intersection of the non-human and art. His research focus is on Circuits of Extended Phenotype &#8211; sound devices that invite biotic and abiotic worlds to enact upon the music making process. With self-derived instruments and interfaces, Adomas explores processes beyond our sonic [&hellip;]","og_url":"https:\/\/elektronmusikstudion.se\/en\/guest-composers\/guest-composers-2025\/adomas-palekas\/","og_site_name":"Elektronmusikstudion","article_modified_time":"2025-09-25T14:07:27+00:00","og_image":[{"width":1707,"height":2560,"url":"https:\/\/elektronmusikstudion.se\/wp-content\/uploads\/sites\/6\/2025\/02\/me-by-Ugne-uma-scaled.jpg","type":"image\/jpeg"}],"twitter_card":"summary_large_image","twitter_misc":{"Est. reading time":"2 minutes"},"schema":{"@context":"https:\/\/schema.org","@graph":[{"@type":"WebPage","@id":"https:\/\/elektronmusikstudion.se\/en\/guest-composers\/guest-composers-2025\/adomas-palekas\/","url":"https:\/\/elektronmusikstudion.se\/en\/guest-composers\/guest-composers-2025\/adomas-palekas\/","name":"Adomas Palekas - Elektronmusikstudion","isPartOf":{"@id":"https:\/\/elektronmusikstudion.se\/#website"},"primaryImageOfPage":{"@id":"https:\/\/elektronmusikstudion.se\/en\/guest-composers\/guest-composers-2025\/adomas-palekas\/#primaryimage"},"image":{"@id":"https:\/\/elektronmusikstudion.se\/en\/guest-composers\/guest-composers-2025\/adomas-palekas\/#primaryimage"},"thumbnailUrl":"https:\/\/elektronmusikstudion.se\/wp-content\/uploads\/sites\/6\/2025\/02\/me-by-Ugne-uma-683x1024.jpg","datePublished":"2025-02-11T10:48:46+00:00","dateModified":"2025-09-25T14:07:27+00:00","breadcrumb":{"@id":"https:\/\/elektronmusikstudion.se\/en\/guest-composers\/guest-composers-2025\/adomas-palekas\/#breadcrumb"},"inLanguage":"en-US","potentialAction":[{"@type":"ReadAction","target":["https:\/\/elektronmusikstudion.se\/en\/guest-composers\/guest-composers-2025\/adomas-palekas\/"]}]},{"@type":"ImageObject","inLanguage":"en-US","@id":"https:\/\/elektronmusikstudion.se\/en\/guest-composers\/guest-composers-2025\/adomas-palekas\/#primaryimage","url":"https:\/\/elektronmusikstudion.se\/wp-content\/uploads\/sites\/6\/2025\/02\/me-by-Ugne-uma-683x1024.jpg","contentUrl":"https:\/\/elektronmusikstudion.se\/wp-content\/uploads\/sites\/6\/2025\/02\/me-by-Ugne-uma-683x1024.jpg"},{"@type":"BreadcrumbList","@id":"https:\/\/elektronmusikstudion.se\/en\/guest-composers\/guest-composers-2025\/adomas-palekas\/#breadcrumb","itemListElement":[{"@type":"ListItem","position":1,"name":"Home","item":"https:\/\/elektronmusikstudion.se\/en\/"},{"@type":"ListItem","position":2,"name":"Guest Composers","item":"https:\/\/elektronmusikstudion.se\/en\/guest-composers\/"},{"@type":"ListItem","position":3,"name":"Guest Composers 2025","item":"https:\/\/elektronmusikstudion.se\/en\/guest-composers\/guest-composers-2025\/"},{"@type":"ListItem","position":4,"name":"Adomas Palekas"}]},{"@type":"WebSite","@id":"https:\/\/elektronmusikstudion.se\/#website","url":"https:\/\/elektronmusikstudion.se\/","name":"Elektronmusikstudion","description":"","potentialAction":[{"@type":"SearchAction","target":{"@type":"EntryPoint","urlTemplate":"https:\/\/elektronmusikstudion.se\/?s={search_term_string}"},"query-input":{"@type":"PropertyValueSpecification","valueRequired":true,"valueName":"search_term_string"}}],"inLanguage":"en-US"}]}},"_links":{"self":[{"href":"https:\/\/elektronmusikstudion.se\/en\/wp-json\/wp\/v2\/pages\/8810","targetHints":{"allow":["GET"]}}],"collection":[{"href":"https:\/\/elektronmusikstudion.se\/en\/wp-json\/wp\/v2\/pages"}],"about":[{"href":"https:\/\/elektronmusikstudion.se\/en\/wp-json\/wp\/v2\/types\/page"}],"author":[{"embeddable":true,"href":"https:\/\/elektronmusikstudion.se\/en\/wp-json\/wp\/v2\/users\/4"}],"replies":[{"embeddable":true,"href":"https:\/\/elektronmusikstudion.se\/en\/wp-json\/wp\/v2\/comments?post=8810"}],"version-history":[{"count":5,"href":"https:\/\/elektronmusikstudion.se\/en\/wp-json\/wp\/v2\/pages\/8810\/revisions"}],"predecessor-version":[{"id":11706,"href":"https:\/\/elektronmusikstudion.se\/en\/wp-json\/wp\/v2\/pages\/8810\/revisions\/11706"}],"up":[{"embeddable":true,"href":"https:\/\/elektronmusikstudion.se\/en\/wp-json\/wp\/v2\/pages\/684"}],"wp:attachment":[{"href":"https:\/\/elektronmusikstudion.se\/en\/wp-json\/wp\/v2\/media?parent=8810"}],"curies":[{"name":"wp","href":"https:\/\/api.w.org\/{rel}","templated":true}]}}