{"id":8038,"date":"2025-02-04T12:03:54","date_gmt":"2025-02-04T11:03:54","guid":{"rendered":"https:\/\/elektronmusikstudion.se\/?page_id=8038"},"modified":"2025-06-23T15:37:08","modified_gmt":"2025-06-23T13:37:08","slug":"estelle-schorpp","status":"publish","type":"page","link":"https:\/\/elektronmusikstudion.se\/en\/guest-composers\/guest-composers-2025\/estelle-schorpp\/","title":{"rendered":"Estelle Schorpp"},"content":{"rendered":"<div class=\"w-constrained\">\n\t<p class=\"mb-4 font-light font-text-font text-large-text leading-large-text md:mb-10\">At EMS June 30&ndash;July 10, 2025<\/p>\n<\/div>\n\n\n<div class=\"richtext w-constrained\">\n<figure class=\"wp-block-image size-large\"><img loading=\"lazy\" decoding=\"async\" width=\"1024\" height=\"683\" src=\"https:\/\/elektronmusikstudion.se\/wp-content\/uploads\/sites\/6\/2025\/02\/EstelleSchorpp-\u00a9-GabrielleGodbout2023-1024x683.jpeg\" alt=\"\" class=\"wp-image-8039\" srcset=\"https:\/\/elektronmusikstudion.se\/wp-content\/uploads\/sites\/6\/2025\/02\/EstelleSchorpp-\u00a9-GabrielleGodbout2023-1024x683.jpeg 1024w, https:\/\/elektronmusikstudion.se\/wp-content\/uploads\/sites\/6\/2025\/02\/EstelleSchorpp-\u00a9-GabrielleGodbout2023-300x200.jpeg 300w, https:\/\/elektronmusikstudion.se\/wp-content\/uploads\/sites\/6\/2025\/02\/EstelleSchorpp-\u00a9-GabrielleGodbout2023-768x512.jpeg 768w, https:\/\/elektronmusikstudion.se\/wp-content\/uploads\/sites\/6\/2025\/02\/EstelleSchorpp-\u00a9-GabrielleGodbout2023-1536x1024.jpeg 1536w, https:\/\/elektronmusikstudion.se\/wp-content\/uploads\/sites\/6\/2025\/02\/EstelleSchorpp-\u00a9-GabrielleGodbout2023-2048x1365.jpeg 2048w\" sizes=\"auto, (max-width: 1024px) 100vw, 1024px\" \/><figcaption class=\"wp-element-caption\">Photo by Gabrielle Godbout<\/figcaption><\/figure>\n<\/div>\n\n<div class=\"w-constrained richtext\"><external-link-icon>\n<p>Estelle Schorpp is a French-born and Montreal-based sound artist, composer and researcher active in the field of experimental music and sound ecology.<br>She uses the tools and methods of research-creation to set up projects that take a critical and creative look at our relationship with the sonic environment. Integrating concepts from disciplines such as sound ecology, sound studies, media theory, history of science, acoustics and psychoacoustics, her polymorphous approach combines performance, sound installation and algorithmic composition, as well as academic communication and the writing of articles.<\/p>\n<\/external-link-icon><\/div>\n\n<div class=\"w-constrained richtext\"><external-link-icon>\n<p>Her ever-changing and immersive sonic landscapes, characterized by their ambiguous shimmering sounds and the use of field recordings, seek both a physical and intellectual experience where listening is central.<\/p>\n<\/external-link-icon><\/div>\n\n<div class=\"w-constrained richtext\"><external-link-icon>\n<p>Her work is founded by several research and creation grants and has been presented internationnaly at festivals such as La Biennale di Venezia (IT), Ars Electronica (AT), MUTEK (MX, CA, AR, JP), Akousma (CA), FIMAV (CA), Le Mans Sonore (FR), Exhibitronic (FR, DE), MuTeFest (FI) and at galleries such as Centre d&#8217;Exposition de l&#8217;Universit\u00e9 de Montr\u00e9al (CA), Palais des Beaux-Arts de Paris (FR) and Exhibition Laboratory (FI). Her research has been presented in several symposiums at ISEA22 (SP), CIRMMT (CA), Universit\u00e9 de Montr\u00e9al (CA) and EHESS (FR) and she regularly publishes peer-reviewed papers as main author or co-author. In 2016 she received the first Exhibitronic award for her electroacoustic composition Bagdad 9\u00e8me si\u00e8cle. Estelle Schorpp graduated from \u00c9cole Nationale Sup\u00e9rieure des Beaux-Arts de Paris (MFA) and from the Music Faculty of Universit\u00e9 de Montr\u00e9al (Master of Music).<\/p>\n<\/external-link-icon><\/div>\n\n<div class=\"w-constrained richtext\"><external-link-icon>\n<p>During her residency she will be one of three artists in\u00a0<a href=\"https:\/\/norbergfestival.com\/artist\/ems-showcase\">EMS\u2019 showcase at this years Norberg Festival<\/a>.<\/p>\n<\/external-link-icon><\/div>","protected":false},"excerpt":{"rendered":"<p>Estelle Schorpp is a French-born and Montreal-based sound artist, composer and researcher active in the field of experimental music and sound ecology.She uses the tools and methods of research-creation to set up projects that take a critical and creative look at our relationship with the sonic environment. Integrating concepts from disciplines such as sound ecology, [&hellip;]<\/p>\n","protected":false},"author":4,"featured_media":0,"parent":684,"menu_order":0,"comment_status":"closed","ping_status":"closed","template":"","meta":{"_acf_changed":false,"footnotes":""},"class_list":["post-8038","page","type-page","status-publish","hentry"],"acf":[],"yoast_head":"<!-- This site is optimized with the Yoast SEO plugin v25.8 - https:\/\/yoast.com\/wordpress\/plugins\/seo\/ -->\n<title>Estelle Schorpp - Elektronmusikstudion<\/title>\n<meta name=\"robots\" content=\"index, follow, max-snippet:-1, max-image-preview:large, max-video-preview:-1\" \/>\n<link rel=\"canonical\" href=\"https:\/\/elektronmusikstudion.se\/en\/guest-composers\/guest-composers-2025\/estelle-schorpp\/\" \/>\n<meta property=\"og:locale\" content=\"en_US\" \/>\n<meta property=\"og:type\" content=\"article\" \/>\n<meta property=\"og:title\" content=\"Estelle Schorpp - Elektronmusikstudion\" \/>\n<meta property=\"og:description\" content=\"Estelle Schorpp is a French-born and Montreal-based sound artist, composer and researcher active in the field of experimental music and sound ecology.She uses the tools and methods of research-creation to set up projects that take a critical and creative look at our relationship with the sonic environment. Integrating concepts from disciplines such as sound ecology, [&hellip;]\" \/>\n<meta property=\"og:url\" content=\"https:\/\/elektronmusikstudion.se\/en\/guest-composers\/guest-composers-2025\/estelle-schorpp\/\" \/>\n<meta property=\"og:site_name\" content=\"Elektronmusikstudion\" \/>\n<meta property=\"article:modified_time\" content=\"2025-06-23T13:37:08+00:00\" \/>\n<meta name=\"twitter:card\" content=\"summary_large_image\" \/>\n<meta name=\"twitter:label1\" content=\"Est. reading time\" \/>\n\t<meta name=\"twitter:data1\" content=\"2 minutes\" \/>\n<script type=\"application\/ld+json\" class=\"yoast-schema-graph\">{\"@context\":\"https:\/\/schema.org\",\"@graph\":[{\"@type\":\"WebPage\",\"@id\":\"https:\/\/elektronmusikstudion.se\/en\/guest-composers\/guest-composers-2025\/estelle-schorpp\/\",\"url\":\"https:\/\/elektronmusikstudion.se\/en\/guest-composers\/guest-composers-2025\/estelle-schorpp\/\",\"name\":\"Estelle Schorpp - Elektronmusikstudion\",\"isPartOf\":{\"@id\":\"https:\/\/elektronmusikstudion.se\/#website\"},\"datePublished\":\"2025-02-04T11:03:54+00:00\",\"dateModified\":\"2025-06-23T13:37:08+00:00\",\"breadcrumb\":{\"@id\":\"https:\/\/elektronmusikstudion.se\/en\/guest-composers\/guest-composers-2025\/estelle-schorpp\/#breadcrumb\"},\"inLanguage\":\"en-US\",\"potentialAction\":[{\"@type\":\"ReadAction\",\"target\":[\"https:\/\/elektronmusikstudion.se\/en\/guest-composers\/guest-composers-2025\/estelle-schorpp\/\"]}]},{\"@type\":\"BreadcrumbList\",\"@id\":\"https:\/\/elektronmusikstudion.se\/en\/guest-composers\/guest-composers-2025\/estelle-schorpp\/#breadcrumb\",\"itemListElement\":[{\"@type\":\"ListItem\",\"position\":1,\"name\":\"Home\",\"item\":\"https:\/\/elektronmusikstudion.se\/en\/\"},{\"@type\":\"ListItem\",\"position\":2,\"name\":\"Guest Composers\",\"item\":\"https:\/\/elektronmusikstudion.se\/en\/guest-composers\/\"},{\"@type\":\"ListItem\",\"position\":3,\"name\":\"Guest Composers 2025\",\"item\":\"https:\/\/elektronmusikstudion.se\/en\/guest-composers\/guest-composers-2025\/\"},{\"@type\":\"ListItem\",\"position\":4,\"name\":\"Estelle Schorpp\"}]},{\"@type\":\"WebSite\",\"@id\":\"https:\/\/elektronmusikstudion.se\/#website\",\"url\":\"https:\/\/elektronmusikstudion.se\/\",\"name\":\"Elektronmusikstudion\",\"description\":\"\",\"potentialAction\":[{\"@type\":\"SearchAction\",\"target\":{\"@type\":\"EntryPoint\",\"urlTemplate\":\"https:\/\/elektronmusikstudion.se\/?s={search_term_string}\"},\"query-input\":{\"@type\":\"PropertyValueSpecification\",\"valueRequired\":true,\"valueName\":\"search_term_string\"}}],\"inLanguage\":\"en-US\"}]}<\/script>\n<!-- \/ Yoast SEO plugin. -->","yoast_head_json":{"title":"Estelle Schorpp - Elektronmusikstudion","robots":{"index":"index","follow":"follow","max-snippet":"max-snippet:-1","max-image-preview":"max-image-preview:large","max-video-preview":"max-video-preview:-1"},"canonical":"https:\/\/elektronmusikstudion.se\/en\/guest-composers\/guest-composers-2025\/estelle-schorpp\/","og_locale":"en_US","og_type":"article","og_title":"Estelle Schorpp - Elektronmusikstudion","og_description":"Estelle Schorpp is a French-born and Montreal-based sound artist, composer and researcher active in the field of experimental music and sound ecology.She uses the tools and methods of research-creation to set up projects that take a critical and creative look at our relationship with the sonic environment. Integrating concepts from disciplines such as sound ecology, [&hellip;]","og_url":"https:\/\/elektronmusikstudion.se\/en\/guest-composers\/guest-composers-2025\/estelle-schorpp\/","og_site_name":"Elektronmusikstudion","article_modified_time":"2025-06-23T13:37:08+00:00","twitter_card":"summary_large_image","twitter_misc":{"Est. reading time":"2 minutes"},"schema":{"@context":"https:\/\/schema.org","@graph":[{"@type":"WebPage","@id":"https:\/\/elektronmusikstudion.se\/en\/guest-composers\/guest-composers-2025\/estelle-schorpp\/","url":"https:\/\/elektronmusikstudion.se\/en\/guest-composers\/guest-composers-2025\/estelle-schorpp\/","name":"Estelle Schorpp - Elektronmusikstudion","isPartOf":{"@id":"https:\/\/elektronmusikstudion.se\/#website"},"datePublished":"2025-02-04T11:03:54+00:00","dateModified":"2025-06-23T13:37:08+00:00","breadcrumb":{"@id":"https:\/\/elektronmusikstudion.se\/en\/guest-composers\/guest-composers-2025\/estelle-schorpp\/#breadcrumb"},"inLanguage":"en-US","potentialAction":[{"@type":"ReadAction","target":["https:\/\/elektronmusikstudion.se\/en\/guest-composers\/guest-composers-2025\/estelle-schorpp\/"]}]},{"@type":"BreadcrumbList","@id":"https:\/\/elektronmusikstudion.se\/en\/guest-composers\/guest-composers-2025\/estelle-schorpp\/#breadcrumb","itemListElement":[{"@type":"ListItem","position":1,"name":"Home","item":"https:\/\/elektronmusikstudion.se\/en\/"},{"@type":"ListItem","position":2,"name":"Guest Composers","item":"https:\/\/elektronmusikstudion.se\/en\/guest-composers\/"},{"@type":"ListItem","position":3,"name":"Guest Composers 2025","item":"https:\/\/elektronmusikstudion.se\/en\/guest-composers\/guest-composers-2025\/"},{"@type":"ListItem","position":4,"name":"Estelle Schorpp"}]},{"@type":"WebSite","@id":"https:\/\/elektronmusikstudion.se\/#website","url":"https:\/\/elektronmusikstudion.se\/","name":"Elektronmusikstudion","description":"","potentialAction":[{"@type":"SearchAction","target":{"@type":"EntryPoint","urlTemplate":"https:\/\/elektronmusikstudion.se\/?s={search_term_string}"},"query-input":{"@type":"PropertyValueSpecification","valueRequired":true,"valueName":"search_term_string"}}],"inLanguage":"en-US"}]}},"_links":{"self":[{"href":"https:\/\/elektronmusikstudion.se\/en\/wp-json\/wp\/v2\/pages\/8038","targetHints":{"allow":["GET"]}}],"collection":[{"href":"https:\/\/elektronmusikstudion.se\/en\/wp-json\/wp\/v2\/pages"}],"about":[{"href":"https:\/\/elektronmusikstudion.se\/en\/wp-json\/wp\/v2\/types\/page"}],"author":[{"embeddable":true,"href":"https:\/\/elektronmusikstudion.se\/en\/wp-json\/wp\/v2\/users\/4"}],"replies":[{"embeddable":true,"href":"https:\/\/elektronmusikstudion.se\/en\/wp-json\/wp\/v2\/comments?post=8038"}],"version-history":[{"count":3,"href":"https:\/\/elektronmusikstudion.se\/en\/wp-json\/wp\/v2\/pages\/8038\/revisions"}],"predecessor-version":[{"id":10495,"href":"https:\/\/elektronmusikstudion.se\/en\/wp-json\/wp\/v2\/pages\/8038\/revisions\/10495"}],"up":[{"embeddable":true,"href":"https:\/\/elektronmusikstudion.se\/en\/wp-json\/wp\/v2\/pages\/684"}],"wp:attachment":[{"href":"https:\/\/elektronmusikstudion.se\/en\/wp-json\/wp\/v2\/media?parent=8038"}],"curies":[{"name":"wp","href":"https:\/\/api.w.org\/{rel}","templated":true}]}}