{"id":8029,"date":"2025-02-04T12:00:34","date_gmt":"2025-02-04T11:00:34","guid":{"rendered":"https:\/\/elektronmusikstudion.se\/?page_id=8029"},"modified":"2025-07-22T12:02:13","modified_gmt":"2025-07-22T10:02:13","slug":"aleksandra-slyz","status":"publish","type":"page","link":"https:\/\/elektronmusikstudion.se\/en\/guest-composers\/guest-composers-2025\/aleksandra-slyz\/","title":{"rendered":"Aleksandra S\u0142y\u017c"},"content":{"rendered":"<div class=\"w-constrained\">\n\t<p class=\"mb-4 font-light font-text-font text-large-text leading-large-text md:mb-10\">At EMS August 11&ndash;18, 2025<\/p>\n<\/div>\n\n\n<div class=\"richtext w-constrained\">\n<figure class=\"wp-block-image size-large\"><img loading=\"lazy\" decoding=\"async\" width=\"1024\" height=\"682\" src=\"https:\/\/elektronmusikstudion.se\/wp-content\/uploads\/sites\/6\/2025\/02\/A-Slyz-pht-Kacper-Krzetowski-01-1024x682.jpg\" alt=\"\" class=\"wp-image-8030\" srcset=\"https:\/\/elektronmusikstudion.se\/wp-content\/uploads\/sites\/6\/2025\/02\/A-Slyz-pht-Kacper-Krzetowski-01-1024x682.jpg 1024w, https:\/\/elektronmusikstudion.se\/wp-content\/uploads\/sites\/6\/2025\/02\/A-Slyz-pht-Kacper-Krzetowski-01-300x200.jpg 300w, https:\/\/elektronmusikstudion.se\/wp-content\/uploads\/sites\/6\/2025\/02\/A-Slyz-pht-Kacper-Krzetowski-01-768x511.jpg 768w, https:\/\/elektronmusikstudion.se\/wp-content\/uploads\/sites\/6\/2025\/02\/A-Slyz-pht-Kacper-Krzetowski-01-1536x1022.jpg 1536w, https:\/\/elektronmusikstudion.se\/wp-content\/uploads\/sites\/6\/2025\/02\/A-Slyz-pht-Kacper-Krzetowski-01.jpg 2048w\" sizes=\"auto, (max-width: 1024px) 100vw, 1024px\" \/><figcaption class=\"wp-element-caption\">Photo by Kacper Krzetowski<\/figcaption><\/figure>\n<\/div>\n\n<div class=\"w-constrained richtext\"><external-link-icon>\n<p>Aleksandra S\u0142y\u017c is a Polish composer, musician and sound engineer. She holds degrees from the University of A. Mickiewicz in Pozna\u0144, the Pozna\u0144 Academy of Music, and the Royal College of Music in Stockholm.<\/p>\n<\/external-link-icon><\/div>\n\n<div class=\"w-constrained richtext\"><external-link-icon>\n<p>In her compositions, S\u0142y\u017c explores the relationships between acoustic and synthetic sounds. This process is often rooted in natural tuning systems, through which she constructs rich, complex drone structures that highlight the power of microtonal, electroacoustic tensions.<\/p>\n<\/external-link-icon><\/div>\n\n<div class=\"w-constrained richtext\"><external-link-icon>\n<p>Interactive sonication systems are another large part of her artistic practice. Between 2017 and 2022 S\u0142y conducted artistic research involving practical experiments on movement sonication and various types of interaction.<\/p>\n<\/external-link-icon><\/div>\n\n<div class=\"w-constrained richtext\"><external-link-icon>\n<p>Her works have been presented at the most important European music festivals and in various major venues including Rewire Festival; CTM; Aarhus Festival; Unsound; Fiber Festival; NODE; Warsaw Autumn; Kyiv Music Fest; OSA Festival; ORF musikprotokoll; The Royal Concertgebouw; Fylkingen; Ancienne Belgique; The National Polish Radio Symphony Orchestra; Stadtcasino Basel; Kunsthalle Helsinki; Meet Factory; Dom im Berg; Silent Green; Kunsthal Gent.<\/p>\n<\/external-link-icon><\/div>\n\n<div class=\"w-constrained richtext\"><external-link-icon>\n<p>Aleksandra\u2019s compositions have been featured by exeptional contemporary orchestras and ensembles like the National Polish Radio Symphony Orchestra, the Basel Sinfonietta, the Sinfonietta Cracovia, the Orchestra of Futurist Noise Intoners or the Spoldzielnia Muzyczna contemporary ensemble.<\/p>\n<\/external-link-icon><\/div>","protected":false},"excerpt":{"rendered":"<p>Aleksandra S\u0142y\u017c is a Polish composer, musician and sound engineer. She holds degrees from the University of A. Mickiewicz in Pozna\u0144, the Pozna\u0144 Academy of Music, and the Royal College of Music in Stockholm. In her compositions, S\u0142y\u017c explores the relationships between acoustic and synthetic sounds. This process is often rooted in natural tuning systems, [&hellip;]<\/p>\n","protected":false},"author":4,"featured_media":0,"parent":684,"menu_order":0,"comment_status":"closed","ping_status":"closed","template":"","meta":{"_acf_changed":false,"footnotes":""},"class_list":["post-8029","page","type-page","status-publish","hentry"],"acf":[],"yoast_head":"<!-- This site is optimized with the Yoast SEO plugin v25.8 - https:\/\/yoast.com\/wordpress\/plugins\/seo\/ -->\n<title>Aleksandra S\u0142y\u017c - Elektronmusikstudion<\/title>\n<meta name=\"robots\" content=\"index, follow, max-snippet:-1, max-image-preview:large, max-video-preview:-1\" \/>\n<link rel=\"canonical\" href=\"https:\/\/elektronmusikstudion.se\/en\/guest-composers\/guest-composers-2025\/aleksandra-slyz\/\" \/>\n<meta property=\"og:locale\" content=\"en_US\" \/>\n<meta property=\"og:type\" content=\"article\" \/>\n<meta property=\"og:title\" content=\"Aleksandra S\u0142y\u017c - Elektronmusikstudion\" \/>\n<meta property=\"og:description\" content=\"Aleksandra S\u0142y\u017c is a Polish composer, musician and sound engineer. She holds degrees from the University of A. Mickiewicz in Pozna\u0144, the Pozna\u0144 Academy of Music, and the Royal College of Music in Stockholm. In her compositions, S\u0142y\u017c explores the relationships between acoustic and synthetic sounds. This process is often rooted in natural tuning systems, [&hellip;]\" \/>\n<meta property=\"og:url\" content=\"https:\/\/elektronmusikstudion.se\/en\/guest-composers\/guest-composers-2025\/aleksandra-slyz\/\" \/>\n<meta property=\"og:site_name\" content=\"Elektronmusikstudion\" \/>\n<meta property=\"article:modified_time\" content=\"2025-07-22T10:02:13+00:00\" \/>\n<meta property=\"og:image\" content=\"https:\/\/elektronmusikstudion.se\/wp-content\/uploads\/sites\/6\/2025\/02\/A-Slyz-pht-Kacper-Krzetowski-01.jpg\" \/>\n\t<meta property=\"og:image:width\" content=\"2048\" \/>\n\t<meta property=\"og:image:height\" content=\"1363\" \/>\n\t<meta property=\"og:image:type\" content=\"image\/jpeg\" \/>\n<meta name=\"twitter:card\" content=\"summary_large_image\" \/>\n<meta name=\"twitter:label1\" content=\"Est. reading time\" \/>\n\t<meta name=\"twitter:data1\" content=\"2 minutes\" \/>\n<script type=\"application\/ld+json\" class=\"yoast-schema-graph\">{\"@context\":\"https:\/\/schema.org\",\"@graph\":[{\"@type\":\"WebPage\",\"@id\":\"https:\/\/elektronmusikstudion.se\/en\/guest-composers\/guest-composers-2025\/aleksandra-slyz\/\",\"url\":\"https:\/\/elektronmusikstudion.se\/en\/guest-composers\/guest-composers-2025\/aleksandra-slyz\/\",\"name\":\"Aleksandra S\u0142y\u017c - Elektronmusikstudion\",\"isPartOf\":{\"@id\":\"https:\/\/elektronmusikstudion.se\/#website\"},\"primaryImageOfPage\":{\"@id\":\"https:\/\/elektronmusikstudion.se\/en\/guest-composers\/guest-composers-2025\/aleksandra-slyz\/#primaryimage\"},\"image\":{\"@id\":\"https:\/\/elektronmusikstudion.se\/en\/guest-composers\/guest-composers-2025\/aleksandra-slyz\/#primaryimage\"},\"thumbnailUrl\":\"https:\/\/elektronmusikstudion.se\/wp-content\/uploads\/sites\/6\/2025\/02\/A-Slyz-pht-Kacper-Krzetowski-01-1024x682.jpg\",\"datePublished\":\"2025-02-04T11:00:34+00:00\",\"dateModified\":\"2025-07-22T10:02:13+00:00\",\"breadcrumb\":{\"@id\":\"https:\/\/elektronmusikstudion.se\/en\/guest-composers\/guest-composers-2025\/aleksandra-slyz\/#breadcrumb\"},\"inLanguage\":\"en-US\",\"potentialAction\":[{\"@type\":\"ReadAction\",\"target\":[\"https:\/\/elektronmusikstudion.se\/en\/guest-composers\/guest-composers-2025\/aleksandra-slyz\/\"]}]},{\"@type\":\"ImageObject\",\"inLanguage\":\"en-US\",\"@id\":\"https:\/\/elektronmusikstudion.se\/en\/guest-composers\/guest-composers-2025\/aleksandra-slyz\/#primaryimage\",\"url\":\"https:\/\/elektronmusikstudion.se\/wp-content\/uploads\/sites\/6\/2025\/02\/A-Slyz-pht-Kacper-Krzetowski-01-1024x682.jpg\",\"contentUrl\":\"https:\/\/elektronmusikstudion.se\/wp-content\/uploads\/sites\/6\/2025\/02\/A-Slyz-pht-Kacper-Krzetowski-01-1024x682.jpg\"},{\"@type\":\"BreadcrumbList\",\"@id\":\"https:\/\/elektronmusikstudion.se\/en\/guest-composers\/guest-composers-2025\/aleksandra-slyz\/#breadcrumb\",\"itemListElement\":[{\"@type\":\"ListItem\",\"position\":1,\"name\":\"Home\",\"item\":\"https:\/\/elektronmusikstudion.se\/en\/\"},{\"@type\":\"ListItem\",\"position\":2,\"name\":\"Guest Composers\",\"item\":\"https:\/\/elektronmusikstudion.se\/en\/guest-composers\/\"},{\"@type\":\"ListItem\",\"position\":3,\"name\":\"Guest Composers 2025\",\"item\":\"https:\/\/elektronmusikstudion.se\/en\/guest-composers\/guest-composers-2025\/\"},{\"@type\":\"ListItem\",\"position\":4,\"name\":\"Aleksandra S\u0142y\u017c\"}]},{\"@type\":\"WebSite\",\"@id\":\"https:\/\/elektronmusikstudion.se\/#website\",\"url\":\"https:\/\/elektronmusikstudion.se\/\",\"name\":\"Elektronmusikstudion\",\"description\":\"\",\"potentialAction\":[{\"@type\":\"SearchAction\",\"target\":{\"@type\":\"EntryPoint\",\"urlTemplate\":\"https:\/\/elektronmusikstudion.se\/?s={search_term_string}\"},\"query-input\":{\"@type\":\"PropertyValueSpecification\",\"valueRequired\":true,\"valueName\":\"search_term_string\"}}],\"inLanguage\":\"en-US\"}]}<\/script>\n<!-- \/ Yoast SEO plugin. -->","yoast_head_json":{"title":"Aleksandra S\u0142y\u017c - Elektronmusikstudion","robots":{"index":"index","follow":"follow","max-snippet":"max-snippet:-1","max-image-preview":"max-image-preview:large","max-video-preview":"max-video-preview:-1"},"canonical":"https:\/\/elektronmusikstudion.se\/en\/guest-composers\/guest-composers-2025\/aleksandra-slyz\/","og_locale":"en_US","og_type":"article","og_title":"Aleksandra S\u0142y\u017c - Elektronmusikstudion","og_description":"Aleksandra S\u0142y\u017c is a Polish composer, musician and sound engineer. She holds degrees from the University of A. Mickiewicz in Pozna\u0144, the Pozna\u0144 Academy of Music, and the Royal College of Music in Stockholm. In her compositions, S\u0142y\u017c explores the relationships between acoustic and synthetic sounds. This process is often rooted in natural tuning systems, [&hellip;]","og_url":"https:\/\/elektronmusikstudion.se\/en\/guest-composers\/guest-composers-2025\/aleksandra-slyz\/","og_site_name":"Elektronmusikstudion","article_modified_time":"2025-07-22T10:02:13+00:00","og_image":[{"width":2048,"height":1363,"url":"https:\/\/elektronmusikstudion.se\/wp-content\/uploads\/sites\/6\/2025\/02\/A-Slyz-pht-Kacper-Krzetowski-01.jpg","type":"image\/jpeg"}],"twitter_card":"summary_large_image","twitter_misc":{"Est. reading time":"2 minutes"},"schema":{"@context":"https:\/\/schema.org","@graph":[{"@type":"WebPage","@id":"https:\/\/elektronmusikstudion.se\/en\/guest-composers\/guest-composers-2025\/aleksandra-slyz\/","url":"https:\/\/elektronmusikstudion.se\/en\/guest-composers\/guest-composers-2025\/aleksandra-slyz\/","name":"Aleksandra S\u0142y\u017c - Elektronmusikstudion","isPartOf":{"@id":"https:\/\/elektronmusikstudion.se\/#website"},"primaryImageOfPage":{"@id":"https:\/\/elektronmusikstudion.se\/en\/guest-composers\/guest-composers-2025\/aleksandra-slyz\/#primaryimage"},"image":{"@id":"https:\/\/elektronmusikstudion.se\/en\/guest-composers\/guest-composers-2025\/aleksandra-slyz\/#primaryimage"},"thumbnailUrl":"https:\/\/elektronmusikstudion.se\/wp-content\/uploads\/sites\/6\/2025\/02\/A-Slyz-pht-Kacper-Krzetowski-01-1024x682.jpg","datePublished":"2025-02-04T11:00:34+00:00","dateModified":"2025-07-22T10:02:13+00:00","breadcrumb":{"@id":"https:\/\/elektronmusikstudion.se\/en\/guest-composers\/guest-composers-2025\/aleksandra-slyz\/#breadcrumb"},"inLanguage":"en-US","potentialAction":[{"@type":"ReadAction","target":["https:\/\/elektronmusikstudion.se\/en\/guest-composers\/guest-composers-2025\/aleksandra-slyz\/"]}]},{"@type":"ImageObject","inLanguage":"en-US","@id":"https:\/\/elektronmusikstudion.se\/en\/guest-composers\/guest-composers-2025\/aleksandra-slyz\/#primaryimage","url":"https:\/\/elektronmusikstudion.se\/wp-content\/uploads\/sites\/6\/2025\/02\/A-Slyz-pht-Kacper-Krzetowski-01-1024x682.jpg","contentUrl":"https:\/\/elektronmusikstudion.se\/wp-content\/uploads\/sites\/6\/2025\/02\/A-Slyz-pht-Kacper-Krzetowski-01-1024x682.jpg"},{"@type":"BreadcrumbList","@id":"https:\/\/elektronmusikstudion.se\/en\/guest-composers\/guest-composers-2025\/aleksandra-slyz\/#breadcrumb","itemListElement":[{"@type":"ListItem","position":1,"name":"Home","item":"https:\/\/elektronmusikstudion.se\/en\/"},{"@type":"ListItem","position":2,"name":"Guest Composers","item":"https:\/\/elektronmusikstudion.se\/en\/guest-composers\/"},{"@type":"ListItem","position":3,"name":"Guest Composers 2025","item":"https:\/\/elektronmusikstudion.se\/en\/guest-composers\/guest-composers-2025\/"},{"@type":"ListItem","position":4,"name":"Aleksandra S\u0142y\u017c"}]},{"@type":"WebSite","@id":"https:\/\/elektronmusikstudion.se\/#website","url":"https:\/\/elektronmusikstudion.se\/","name":"Elektronmusikstudion","description":"","potentialAction":[{"@type":"SearchAction","target":{"@type":"EntryPoint","urlTemplate":"https:\/\/elektronmusikstudion.se\/?s={search_term_string}"},"query-input":{"@type":"PropertyValueSpecification","valueRequired":true,"valueName":"search_term_string"}}],"inLanguage":"en-US"}]}},"_links":{"self":[{"href":"https:\/\/elektronmusikstudion.se\/en\/wp-json\/wp\/v2\/pages\/8029","targetHints":{"allow":["GET"]}}],"collection":[{"href":"https:\/\/elektronmusikstudion.se\/en\/wp-json\/wp\/v2\/pages"}],"about":[{"href":"https:\/\/elektronmusikstudion.se\/en\/wp-json\/wp\/v2\/types\/page"}],"author":[{"embeddable":true,"href":"https:\/\/elektronmusikstudion.se\/en\/wp-json\/wp\/v2\/users\/4"}],"replies":[{"embeddable":true,"href":"https:\/\/elektronmusikstudion.se\/en\/wp-json\/wp\/v2\/comments?post=8029"}],"version-history":[{"count":4,"href":"https:\/\/elektronmusikstudion.se\/en\/wp-json\/wp\/v2\/pages\/8029\/revisions"}],"predecessor-version":[{"id":10742,"href":"https:\/\/elektronmusikstudion.se\/en\/wp-json\/wp\/v2\/pages\/8029\/revisions\/10742"}],"up":[{"embeddable":true,"href":"https:\/\/elektronmusikstudion.se\/en\/wp-json\/wp\/v2\/pages\/684"}],"wp:attachment":[{"href":"https:\/\/elektronmusikstudion.se\/en\/wp-json\/wp\/v2\/media?parent=8029"}],"curies":[{"name":"wp","href":"https:\/\/api.w.org\/{rel}","templated":true}]}}