{"id":8019,"date":"2025-02-03T14:42:51","date_gmt":"2025-02-03T13:42:51","guid":{"rendered":"https:\/\/elektronmusikstudion.se\/workshop-diy-pcbsnr\/"},"modified":"2025-10-28T10:03:38","modified_gmt":"2025-10-28T09:03:38","slug":"workshop-diy-pcbsnr","status":"publish","type":"page","link":"https:\/\/elektronmusikstudion.se\/en\/courses\/workshops-and-seminars\/workshop-diy-pcbsnr\/","title":{"rendered":"Workshop DIY PCBSNR"},"content":{"rendered":"\n\n<div class=\"w-constrained richtext\"><external-link-icon>\n<h2 class=\"wp-block-heading\">OBS! WORKSHOPEN \u00c4R UTS\u00c5LD<\/h2>\n<\/external-link-icon><\/div>\n\n<div class=\"w-constrained richtext\"><external-link-icon>\n<p><strong>Tid<\/strong>:\u202fL\u00f6rdag 1 mars kl. 13.00-17.00, 2025<br><strong>Plats<\/strong>:\u202fElektronmusikstudion, S\u00f6der M\u00e4larstrand 61, Stockholm<br><strong>Workshopledare: <\/strong>Max Wainwright<br><strong>Kursavgift<\/strong>: 500 SEK (inkl.moms)<em> <strong>Workshopen<\/strong><\/em><strong><em> \u00e4r uts\u00e5ld.<\/em><\/strong><br><strong>F\u00f6rkunskapskrav: <\/strong>Ingen erfarenhet av l\u00f6dning eller elektronik kr\u00e4vs, nyb\u00f6rjare \u00e4r v\u00e4lkomna. Du ska ha fyllt 18 \u00e5r. Undervisningen sker p\u00e5 svenska\/ engelska.<\/p>\n<\/external-link-icon><\/div>\n\n<div class=\"w-constrained richtext\"><external-link-icon>\n<p>I den h\u00e4r workshopen f\u00e5r du bygga din egen noisesynt, Simple n Radical eller SNR. SNR \u00e4r en kaotisk digital synt som bygger p\u00e5 Radical Chip (skapat i samarbete med Dirty Electronics). Den har 64 olika program som skapar allehanda brusljud och tonklanger, frekvensmodulerade r\u00f6ror, glitchigt datatrasande och h\u00f6gfrekventa hack.<br><br>Workshopen riktar sig till dig som g\u00f6r elektroakustisk musik, elektronisk musik, noise eller bara gillar syntar och vill bygga en egen oljudsmaskin.<\/p>\n<\/external-link-icon><\/div>\n\n<div class=\"my-10 w-constrained richtext\"><external-link-icon>\n<figure class=\"wp-block-video\"><video controls src=\"https:\/\/elektronmusikstudion.se\/wp-content\/uploads\/sites\/6\/2025\/02\/snr-yes-input-short.mov\"><\/video><figcaption class=\"wp-element-caption\">Workshop PCBSNR med Max Wainwright <\/figcaption><\/figure>\n<\/external-link-icon><\/div>\n\n<div class=\"w-constrained richtext\"><external-link-icon>\n<p>En knapp v\u00e4ljer slumpm\u00e4ssigt en av algoritmerna, medan de tv\u00e5 kontrollerna p\u00e5verkar varandra och g\u00f6r ryckiga f\u00f6r\u00e4ndringar till olikartade ljud. SNR \u00e4r inte n\u00e5got du styr, utan snarare en apparat f\u00f6r utforskande, att ta dj\u00e4rva beslut och acceptera slumpen.<br><br>F\u00f6rutom det slumpm\u00e4ssiga valet av algoritmer finns ingen slump i koden \u2013 allt bygger p\u00e5 snabba utr\u00e4kningar, datafel och matematisk rundg\u00e5ng. Koden \u00e4r fritt tillg\u00e4nglig och \u00e4r rolig att hacka. En kortare genomg\u00e5ng av hur den fungerar kommer g\u00f6ras. (observera att programmering kr\u00e4ver s\u00e4rskild mjukvara och en h\u00e5rdvaruprogrammerare, men id\u00e9erna g\u00e5r att applicera i andra milj\u00f6er).<br><\/p>\n<\/external-link-icon><\/div>\n\n<div class=\"w-constrained richtext\"><external-link-icon>\n<p><\/p>\n<\/external-link-icon><\/div>\n\n<div class=\"w-constrained richtext\"><external-link-icon>\n<h2 class=\"wp-block-heading\">Om workshopledaren<\/h2>\n<\/external-link-icon><\/div>\n\n<div class=\"w-constrained richtext\"><external-link-icon>\n<p><a href=\"http:\/\/www.maxwainwright.com\">Max Wainwright<\/a> g\u00f6r experimentell elektronisk och akustisk musik, med improvisation, rundg\u00e5ng och en fysisk n\u00e4rvaro. Han har upptr\u00e4tt live och i samarbeten, gjort installationer, radioverk och kammarmusik och med visuella uttryck.<br><br>Som konstn\u00e4r \u00e4r han intresserad av f\u00f6r\u00e4nderliga tillst\u00e5nd, ljudliga extremer, brist p\u00e5 kontroll och att framtr\u00e4da genom inaktivitet. Hans musik \u00e4r t\u00e4tt sammanfl\u00e4tat med att instrumentdesign, d\u00e4r han fr\u00e4mst fokuserar p\u00e5 rundg\u00e5ng, brus och distorsion \u2013 med elektronik, kod eller fysiska f\u00f6rem\u00e5l. Vissa instrument s\u00e4ljes under namnet noise.technology, medan andra \u00e4r privata.<\/p>\n<\/external-link-icon><\/div>\n\n<div class=\"w-constrained richtext\"><external-link-icon>\n<p><\/p>\n<\/external-link-icon><\/div>\n\n<div class=\"w-constrained richtext\"><external-link-icon>\n<h2 class=\"wp-block-heading\">Anm\u00e4l dig h\u00e4r<\/h2>\n<\/external-link-icon><\/div>\n\n<div class=\"w-constrained richtext\"><external-link-icon>\n<p><s>Workshopen har ett begr\u00e4nsat antal platser. Anm\u00e4lan \u00e4r bindande. Anm\u00e4l dig genom att k\u00f6pa en biljett till workshopen h\u00e4r. <\/s><em><strong>Workshopen \u00e4r uts\u00e5ld<\/strong>.<strong> Vi tar inte emot anm\u00e4lningar till <\/strong><\/em><strong><em>k\u00f6plats<\/em><\/strong>.<br><br>F\u00f6r fr\u00e5gor om kursen, kontakta Elektronmusikstudions utbildningskoordinator:\u202flisa.stenberg(at)elektronmusikstudion.se<\/p>\n<\/external-link-icon><\/div>","protected":false},"excerpt":{"rendered":"<p>OBS! WORKSHOPEN \u00c4R UTS\u00c5LD Tid:\u202fL\u00f6rdag 1 mars kl. 13.00-17.00, 2025Plats:\u202fElektronmusikstudion, S\u00f6der M\u00e4larstrand 61, StockholmWorkshopledare: Max WainwrightKursavgift: 500 SEK (inkl.moms) Workshopen \u00e4r uts\u00e5ld.F\u00f6rkunskapskrav: Ingen erfarenhet av l\u00f6dning eller elektronik kr\u00e4vs, nyb\u00f6rjare \u00e4r v\u00e4lkomna. Du ska ha fyllt 18 \u00e5r. Undervisningen sker p\u00e5 svenska\/ engelska. I den h\u00e4r workshopen f\u00e5r du bygga din egen noisesynt, Simple n [&hellip;]<\/p>\n","protected":false},"author":13,"featured_media":0,"parent":9034,"menu_order":0,"comment_status":"closed","ping_status":"closed","template":"","meta":{"_acf_changed":false,"footnotes":""},"class_list":["post-8019","page","type-page","status-publish","hentry"],"acf":[],"yoast_head":"<!-- This site is optimized with the Yoast SEO plugin v25.8 - https:\/\/yoast.com\/wordpress\/plugins\/seo\/ -->\n<title>Workshop DIY PCBSNR - Elektronmusikstudion<\/title>\n<meta name=\"robots\" content=\"index, follow, max-snippet:-1, max-image-preview:large, max-video-preview:-1\" \/>\n<link rel=\"canonical\" href=\"https:\/\/elektronmusikstudion.se\/en\/courses\/workshops-and-seminars\/workshop-diy-pcbsnr\/\" \/>\n<meta property=\"og:locale\" content=\"en_US\" \/>\n<meta property=\"og:type\" content=\"article\" \/>\n<meta property=\"og:title\" content=\"Workshop DIY PCBSNR - Elektronmusikstudion\" \/>\n<meta property=\"og:description\" content=\"OBS! WORKSHOPEN \u00c4R UTS\u00c5LD Tid:\u202fL\u00f6rdag 1 mars kl. 13.00-17.00, 2025Plats:\u202fElektronmusikstudion, S\u00f6der M\u00e4larstrand 61, StockholmWorkshopledare: Max WainwrightKursavgift: 500 SEK (inkl.moms) Workshopen \u00e4r uts\u00e5ld.F\u00f6rkunskapskrav: Ingen erfarenhet av l\u00f6dning eller elektronik kr\u00e4vs, nyb\u00f6rjare \u00e4r v\u00e4lkomna. Du ska ha fyllt 18 \u00e5r. Undervisningen sker p\u00e5 svenska\/ engelska. I den h\u00e4r workshopen f\u00e5r du bygga din egen noisesynt, Simple n [&hellip;]\" \/>\n<meta property=\"og:url\" content=\"https:\/\/elektronmusikstudion.se\/en\/courses\/workshops-and-seminars\/workshop-diy-pcbsnr\/\" \/>\n<meta property=\"og:site_name\" content=\"Elektronmusikstudion\" \/>\n<meta property=\"article:modified_time\" content=\"2025-10-28T09:03:38+00:00\" \/>\n<meta name=\"twitter:card\" content=\"summary_large_image\" \/>\n<meta name=\"twitter:label1\" content=\"Est. reading time\" \/>\n\t<meta name=\"twitter:data1\" content=\"2 minutes\" \/>\n<script type=\"application\/ld+json\" class=\"yoast-schema-graph\">{\"@context\":\"https:\/\/schema.org\",\"@graph\":[{\"@type\":\"WebPage\",\"@id\":\"https:\/\/elektronmusikstudion.se\/en\/courses\/workshops-and-seminars\/workshop-diy-pcbsnr\/\",\"url\":\"https:\/\/elektronmusikstudion.se\/en\/courses\/workshops-and-seminars\/workshop-diy-pcbsnr\/\",\"name\":\"Workshop DIY PCBSNR - Elektronmusikstudion\",\"isPartOf\":{\"@id\":\"https:\/\/elektronmusikstudion.se\/#website\"},\"datePublished\":\"2025-02-03T13:42:51+00:00\",\"dateModified\":\"2025-10-28T09:03:38+00:00\",\"breadcrumb\":{\"@id\":\"https:\/\/elektronmusikstudion.se\/en\/courses\/workshops-and-seminars\/workshop-diy-pcbsnr\/#breadcrumb\"},\"inLanguage\":\"en-US\",\"potentialAction\":[{\"@type\":\"ReadAction\",\"target\":[\"https:\/\/elektronmusikstudion.se\/en\/courses\/workshops-and-seminars\/workshop-diy-pcbsnr\/\"]}]},{\"@type\":\"BreadcrumbList\",\"@id\":\"https:\/\/elektronmusikstudion.se\/en\/courses\/workshops-and-seminars\/workshop-diy-pcbsnr\/#breadcrumb\",\"itemListElement\":[{\"@type\":\"ListItem\",\"position\":1,\"name\":\"Home\",\"item\":\"https:\/\/elektronmusikstudion.se\/en\/\"},{\"@type\":\"ListItem\",\"position\":2,\"name\":\"Courses\",\"item\":\"https:\/\/elektronmusikstudion.se\/en\/courses\/\"},{\"@type\":\"ListItem\",\"position\":3,\"name\":\"Workshops and presentations\",\"item\":\"https:\/\/elektronmusikstudion.se\/en\/courses\/workshops-and-seminars\/\"},{\"@type\":\"ListItem\",\"position\":4,\"name\":\"Workshop DIY PCBSNR\"}]},{\"@type\":\"WebSite\",\"@id\":\"https:\/\/elektronmusikstudion.se\/#website\",\"url\":\"https:\/\/elektronmusikstudion.se\/\",\"name\":\"Elektronmusikstudion\",\"description\":\"\",\"potentialAction\":[{\"@type\":\"SearchAction\",\"target\":{\"@type\":\"EntryPoint\",\"urlTemplate\":\"https:\/\/elektronmusikstudion.se\/?s={search_term_string}\"},\"query-input\":{\"@type\":\"PropertyValueSpecification\",\"valueRequired\":true,\"valueName\":\"search_term_string\"}}],\"inLanguage\":\"en-US\"}]}<\/script>\n<!-- \/ Yoast SEO plugin. -->","yoast_head_json":{"title":"Workshop DIY PCBSNR - Elektronmusikstudion","robots":{"index":"index","follow":"follow","max-snippet":"max-snippet:-1","max-image-preview":"max-image-preview:large","max-video-preview":"max-video-preview:-1"},"canonical":"https:\/\/elektronmusikstudion.se\/en\/courses\/workshops-and-seminars\/workshop-diy-pcbsnr\/","og_locale":"en_US","og_type":"article","og_title":"Workshop DIY PCBSNR - Elektronmusikstudion","og_description":"OBS! WORKSHOPEN \u00c4R UTS\u00c5LD Tid:\u202fL\u00f6rdag 1 mars kl. 13.00-17.00, 2025Plats:\u202fElektronmusikstudion, S\u00f6der M\u00e4larstrand 61, StockholmWorkshopledare: Max WainwrightKursavgift: 500 SEK (inkl.moms) Workshopen \u00e4r uts\u00e5ld.F\u00f6rkunskapskrav: Ingen erfarenhet av l\u00f6dning eller elektronik kr\u00e4vs, nyb\u00f6rjare \u00e4r v\u00e4lkomna. Du ska ha fyllt 18 \u00e5r. Undervisningen sker p\u00e5 svenska\/ engelska. I den h\u00e4r workshopen f\u00e5r du bygga din egen noisesynt, Simple n [&hellip;]","og_url":"https:\/\/elektronmusikstudion.se\/en\/courses\/workshops-and-seminars\/workshop-diy-pcbsnr\/","og_site_name":"Elektronmusikstudion","article_modified_time":"2025-10-28T09:03:38+00:00","twitter_card":"summary_large_image","twitter_misc":{"Est. reading time":"2 minutes"},"schema":{"@context":"https:\/\/schema.org","@graph":[{"@type":"WebPage","@id":"https:\/\/elektronmusikstudion.se\/en\/courses\/workshops-and-seminars\/workshop-diy-pcbsnr\/","url":"https:\/\/elektronmusikstudion.se\/en\/courses\/workshops-and-seminars\/workshop-diy-pcbsnr\/","name":"Workshop DIY PCBSNR - Elektronmusikstudion","isPartOf":{"@id":"https:\/\/elektronmusikstudion.se\/#website"},"datePublished":"2025-02-03T13:42:51+00:00","dateModified":"2025-10-28T09:03:38+00:00","breadcrumb":{"@id":"https:\/\/elektronmusikstudion.se\/en\/courses\/workshops-and-seminars\/workshop-diy-pcbsnr\/#breadcrumb"},"inLanguage":"en-US","potentialAction":[{"@type":"ReadAction","target":["https:\/\/elektronmusikstudion.se\/en\/courses\/workshops-and-seminars\/workshop-diy-pcbsnr\/"]}]},{"@type":"BreadcrumbList","@id":"https:\/\/elektronmusikstudion.se\/en\/courses\/workshops-and-seminars\/workshop-diy-pcbsnr\/#breadcrumb","itemListElement":[{"@type":"ListItem","position":1,"name":"Home","item":"https:\/\/elektronmusikstudion.se\/en\/"},{"@type":"ListItem","position":2,"name":"Courses","item":"https:\/\/elektronmusikstudion.se\/en\/courses\/"},{"@type":"ListItem","position":3,"name":"Workshops and presentations","item":"https:\/\/elektronmusikstudion.se\/en\/courses\/workshops-and-seminars\/"},{"@type":"ListItem","position":4,"name":"Workshop DIY PCBSNR"}]},{"@type":"WebSite","@id":"https:\/\/elektronmusikstudion.se\/#website","url":"https:\/\/elektronmusikstudion.se\/","name":"Elektronmusikstudion","description":"","potentialAction":[{"@type":"SearchAction","target":{"@type":"EntryPoint","urlTemplate":"https:\/\/elektronmusikstudion.se\/?s={search_term_string}"},"query-input":{"@type":"PropertyValueSpecification","valueRequired":true,"valueName":"search_term_string"}}],"inLanguage":"en-US"}]}},"_links":{"self":[{"href":"https:\/\/elektronmusikstudion.se\/en\/wp-json\/wp\/v2\/pages\/8019","targetHints":{"allow":["GET"]}}],"collection":[{"href":"https:\/\/elektronmusikstudion.se\/en\/wp-json\/wp\/v2\/pages"}],"about":[{"href":"https:\/\/elektronmusikstudion.se\/en\/wp-json\/wp\/v2\/types\/page"}],"author":[{"embeddable":true,"href":"https:\/\/elektronmusikstudion.se\/en\/wp-json\/wp\/v2\/users\/13"}],"replies":[{"embeddable":true,"href":"https:\/\/elektronmusikstudion.se\/en\/wp-json\/wp\/v2\/comments?post=8019"}],"version-history":[{"count":5,"href":"https:\/\/elektronmusikstudion.se\/en\/wp-json\/wp\/v2\/pages\/8019\/revisions"}],"predecessor-version":[{"id":11934,"href":"https:\/\/elektronmusikstudion.se\/en\/wp-json\/wp\/v2\/pages\/8019\/revisions\/11934"}],"up":[{"embeddable":true,"href":"https:\/\/elektronmusikstudion.se\/en\/wp-json\/wp\/v2\/pages\/9034"}],"wp:attachment":[{"href":"https:\/\/elektronmusikstudion.se\/en\/wp-json\/wp\/v2\/media?parent=8019"}],"curies":[{"name":"wp","href":"https:\/\/api.w.org\/{rel}","templated":true}]}}