{"id":686,"date":"2024-12-03T11:36:50","date_gmt":"2024-12-03T10:36:50","guid":{"rendered":"https:\/\/elektronmusikstudion.se\/?page_id=686"},"modified":"2025-01-16T13:12:23","modified_gmt":"2025-01-16T12:12:23","slug":"youmna-saba","status":"publish","type":"page","link":"https:\/\/elektronmusikstudion.se\/en\/guest-composers\/guest-composers-2025\/youmna-saba\/","title":{"rendered":"Youmna Saba"},"content":{"rendered":"<div class=\"w-constrained\">\n\t<p class=\"mb-4 font-light font-text-font text-large-text leading-large-text md:mb-10\">At EMS 16&ndash;30 January, 2025<\/p>\n<\/div>\n\n\n<div class=\"richtext w-constrained\">\n<figure class=\"wp-block-image size-large\"><img loading=\"lazy\" decoding=\"async\" width=\"1024\" height=\"626\" src=\"https:\/\/elektronmusikstudion.se\/wp-content\/uploads\/sites\/6\/2024\/12\/youmna_By_Nasri_Sayegh_2-2-1024x626.jpg\" alt=\"\" class=\"wp-image-746\" srcset=\"https:\/\/elektronmusikstudion.se\/wp-content\/uploads\/sites\/6\/2024\/12\/youmna_By_Nasri_Sayegh_2-2-1024x626.jpg 1024w, https:\/\/elektronmusikstudion.se\/wp-content\/uploads\/sites\/6\/2024\/12\/youmna_By_Nasri_Sayegh_2-2-300x183.jpg 300w, https:\/\/elektronmusikstudion.se\/wp-content\/uploads\/sites\/6\/2024\/12\/youmna_By_Nasri_Sayegh_2-2-768x470.jpg 768w, https:\/\/elektronmusikstudion.se\/wp-content\/uploads\/sites\/6\/2024\/12\/youmna_By_Nasri_Sayegh_2-2-1536x939.jpg 1536w, https:\/\/elektronmusikstudion.se\/wp-content\/uploads\/sites\/6\/2024\/12\/youmna_By_Nasri_Sayegh_2-2.jpg 1580w\" sizes=\"auto, (max-width: 1024px) 100vw, 1024px\" \/><figcaption class=\"wp-element-caption\">Photo by Nasri Sayegh<\/figcaption><\/figure>\n<\/div>\n\n<div class=\"w-constrained richtext\"><external-link-icon>\n<p><a href=\"https:\/\/youmnasaba.com\/\">Youmna Saba<\/a>&nbsp;(Beirut 1984) is a musician, composer, and musicologist. She holds a Master\u2019s degree in musicology from Antonine University in Lebanon. Her current research deals with the relationship between electroacoustic music and the Arabic language in its sung form. These explorations manifest themselves in various projects, ranging from musical compositions for her solo project, collaborations, and film music to electroacoustic experiments on new devices designed for voice and her instrument, the oud.<\/p>\n<\/external-link-icon><\/div>\n\n<div class=\"w-constrained richtext\"><external-link-icon>\n<p>She is the laureate of the first sound residency at the Mus\u00e9e du Quai Branly with her project \u201cLa R\u00e9serve des Non-Dits\u201d (2022-2024) and has participated in artist residencies at the Cit\u00e9 Internationale des Arts (Paris 2020-2021), Sharjah Art Foundation (2021), Voce CNCM (2020), GMEM (2020), C\u00e9sar\u00e9 CNCM (2020-2021), Hwaeom Spiritual Music Residency (South Korea, 2017), Sound Development City (Spain, Morocco, 2016), and Gyeonggi Creation Center (South Korea, 2013). Her fifth solo album, \u201cWishah,\u201d was released on the label Touch in 2023.<\/p>\n<\/external-link-icon><\/div>\n\n<div class=\"w-constrained richtext\"><external-link-icon>\n<p>This residency is supported by Culture Moves Europe, a project funded by the European Union.<\/p>\n<\/external-link-icon><\/div>\n\n<div class=\"richtext w-constrained\">\n<figure class=\"wp-block-image size-large\"><img loading=\"lazy\" decoding=\"async\" width=\"1024\" height=\"182\" src=\"https:\/\/elektronmusikstudion.se\/wp-content\/uploads\/sites\/6\/2025\/01\/Logo_horizontal_black-1024x182.png\" alt=\"\" class=\"wp-image-1236\" srcset=\"https:\/\/elektronmusikstudion.se\/wp-content\/uploads\/sites\/6\/2025\/01\/Logo_horizontal_black-1024x182.png 1024w, https:\/\/elektronmusikstudion.se\/wp-content\/uploads\/sites\/6\/2025\/01\/Logo_horizontal_black-300x53.png 300w, https:\/\/elektronmusikstudion.se\/wp-content\/uploads\/sites\/6\/2025\/01\/Logo_horizontal_black-768x136.png 768w, https:\/\/elektronmusikstudion.se\/wp-content\/uploads\/sites\/6\/2025\/01\/Logo_horizontal_black-1536x273.png 1536w, https:\/\/elektronmusikstudion.se\/wp-content\/uploads\/sites\/6\/2025\/01\/Logo_horizontal_black-2048x364.png 2048w\" sizes=\"auto, (max-width: 1024px) 100vw, 1024px\" \/><\/figure>\n<\/div>","protected":false},"excerpt":{"rendered":"<p>Youmna Saba&nbsp;(Beirut 1984) is a musician, composer, and musicologist. She holds a Master\u2019s degree in musicology from Antonine University in Lebanon. Her current research deals with the relationship between electroacoustic music and the Arabic language in its sung form. These explorations manifest themselves in various projects, ranging from musical compositions for her solo project, collaborations, [&hellip;]<\/p>\n","protected":false},"author":2,"featured_media":0,"parent":684,"menu_order":0,"comment_status":"closed","ping_status":"closed","template":"","meta":{"_acf_changed":false,"footnotes":""},"class_list":["post-686","page","type-page","status-publish","hentry"],"acf":[],"yoast_head":"<!-- This site is optimized with the Yoast SEO plugin v25.8 - https:\/\/yoast.com\/wordpress\/plugins\/seo\/ -->\n<title>Youmna Saba - Elektronmusikstudion<\/title>\n<meta name=\"robots\" content=\"index, follow, max-snippet:-1, max-image-preview:large, max-video-preview:-1\" \/>\n<link rel=\"canonical\" href=\"https:\/\/elektronmusikstudion.se\/en\/guest-composers\/guest-composers-2025\/youmna-saba\/\" \/>\n<meta property=\"og:locale\" content=\"en_US\" \/>\n<meta property=\"og:type\" content=\"article\" \/>\n<meta property=\"og:title\" content=\"Youmna Saba - Elektronmusikstudion\" \/>\n<meta property=\"og:description\" content=\"Youmna Saba&nbsp;(Beirut 1984) is a musician, composer, and musicologist. She holds a Master\u2019s degree in musicology from Antonine University in Lebanon. Her current research deals with the relationship between electroacoustic music and the Arabic language in its sung form. These explorations manifest themselves in various projects, ranging from musical compositions for her solo project, collaborations, [&hellip;]\" \/>\n<meta property=\"og:url\" content=\"https:\/\/elektronmusikstudion.se\/en\/guest-composers\/guest-composers-2025\/youmna-saba\/\" \/>\n<meta property=\"og:site_name\" content=\"Elektronmusikstudion\" \/>\n<meta property=\"article:modified_time\" content=\"2025-01-16T12:12:23+00:00\" \/>\n<meta property=\"og:image\" content=\"https:\/\/elektronmusikstudion.se\/wp-content\/uploads\/sites\/6\/2024\/12\/youmna_By_Nasri_Sayegh_2-2-1024x626.jpg\" \/>\n<meta name=\"twitter:card\" content=\"summary_large_image\" \/>\n<meta name=\"twitter:label1\" content=\"Est. reading time\" \/>\n\t<meta name=\"twitter:data1\" content=\"2 minutes\" \/>\n<script type=\"application\/ld+json\" class=\"yoast-schema-graph\">{\"@context\":\"https:\/\/schema.org\",\"@graph\":[{\"@type\":\"WebPage\",\"@id\":\"https:\/\/elektronmusikstudion.se\/en\/guest-composers\/guest-composers-2025\/youmna-saba\/\",\"url\":\"https:\/\/elektronmusikstudion.se\/en\/guest-composers\/guest-composers-2025\/youmna-saba\/\",\"name\":\"Youmna Saba - Elektronmusikstudion\",\"isPartOf\":{\"@id\":\"https:\/\/elektronmusikstudion.se\/#website\"},\"primaryImageOfPage\":{\"@id\":\"https:\/\/elektronmusikstudion.se\/en\/guest-composers\/guest-composers-2025\/youmna-saba\/#primaryimage\"},\"image\":{\"@id\":\"https:\/\/elektronmusikstudion.se\/en\/guest-composers\/guest-composers-2025\/youmna-saba\/#primaryimage\"},\"thumbnailUrl\":\"https:\/\/elektronmusikstudion.se\/wp-content\/uploads\/sites\/6\/2024\/12\/youmna_By_Nasri_Sayegh_2-2-1024x626.jpg\",\"datePublished\":\"2024-12-03T10:36:50+00:00\",\"dateModified\":\"2025-01-16T12:12:23+00:00\",\"breadcrumb\":{\"@id\":\"https:\/\/elektronmusikstudion.se\/en\/guest-composers\/guest-composers-2025\/youmna-saba\/#breadcrumb\"},\"inLanguage\":\"en-US\",\"potentialAction\":[{\"@type\":\"ReadAction\",\"target\":[\"https:\/\/elektronmusikstudion.se\/en\/guest-composers\/guest-composers-2025\/youmna-saba\/\"]}]},{\"@type\":\"ImageObject\",\"inLanguage\":\"en-US\",\"@id\":\"https:\/\/elektronmusikstudion.se\/en\/guest-composers\/guest-composers-2025\/youmna-saba\/#primaryimage\",\"url\":\"https:\/\/elektronmusikstudion.se\/wp-content\/uploads\/sites\/6\/2024\/12\/youmna_By_Nasri_Sayegh_2-2-1024x626.jpg\",\"contentUrl\":\"https:\/\/elektronmusikstudion.se\/wp-content\/uploads\/sites\/6\/2024\/12\/youmna_By_Nasri_Sayegh_2-2-1024x626.jpg\"},{\"@type\":\"BreadcrumbList\",\"@id\":\"https:\/\/elektronmusikstudion.se\/en\/guest-composers\/guest-composers-2025\/youmna-saba\/#breadcrumb\",\"itemListElement\":[{\"@type\":\"ListItem\",\"position\":1,\"name\":\"Home\",\"item\":\"https:\/\/elektronmusikstudion.se\/en\/\"},{\"@type\":\"ListItem\",\"position\":2,\"name\":\"Guest Composers\",\"item\":\"https:\/\/elektronmusikstudion.se\/en\/guest-composers\/\"},{\"@type\":\"ListItem\",\"position\":3,\"name\":\"Guest Composers 2025\",\"item\":\"https:\/\/elektronmusikstudion.se\/en\/guest-composers\/guest-composers-2025\/\"},{\"@type\":\"ListItem\",\"position\":4,\"name\":\"Youmna Saba\"}]},{\"@type\":\"WebSite\",\"@id\":\"https:\/\/elektronmusikstudion.se\/#website\",\"url\":\"https:\/\/elektronmusikstudion.se\/\",\"name\":\"Elektronmusikstudion\",\"description\":\"\",\"potentialAction\":[{\"@type\":\"SearchAction\",\"target\":{\"@type\":\"EntryPoint\",\"urlTemplate\":\"https:\/\/elektronmusikstudion.se\/?s={search_term_string}\"},\"query-input\":{\"@type\":\"PropertyValueSpecification\",\"valueRequired\":true,\"valueName\":\"search_term_string\"}}],\"inLanguage\":\"en-US\"}]}<\/script>\n<!-- \/ Yoast SEO plugin. -->","yoast_head_json":{"title":"Youmna Saba - Elektronmusikstudion","robots":{"index":"index","follow":"follow","max-snippet":"max-snippet:-1","max-image-preview":"max-image-preview:large","max-video-preview":"max-video-preview:-1"},"canonical":"https:\/\/elektronmusikstudion.se\/en\/guest-composers\/guest-composers-2025\/youmna-saba\/","og_locale":"en_US","og_type":"article","og_title":"Youmna Saba - Elektronmusikstudion","og_description":"Youmna Saba&nbsp;(Beirut 1984) is a musician, composer, and musicologist. She holds a Master\u2019s degree in musicology from Antonine University in Lebanon. Her current research deals with the relationship between electroacoustic music and the Arabic language in its sung form. These explorations manifest themselves in various projects, ranging from musical compositions for her solo project, collaborations, [&hellip;]","og_url":"https:\/\/elektronmusikstudion.se\/en\/guest-composers\/guest-composers-2025\/youmna-saba\/","og_site_name":"Elektronmusikstudion","article_modified_time":"2025-01-16T12:12:23+00:00","og_image":[{"url":"https:\/\/elektronmusikstudion.se\/wp-content\/uploads\/sites\/6\/2024\/12\/youmna_By_Nasri_Sayegh_2-2-1024x626.jpg","type":"","width":"","height":""}],"twitter_card":"summary_large_image","twitter_misc":{"Est. reading time":"2 minutes"},"schema":{"@context":"https:\/\/schema.org","@graph":[{"@type":"WebPage","@id":"https:\/\/elektronmusikstudion.se\/en\/guest-composers\/guest-composers-2025\/youmna-saba\/","url":"https:\/\/elektronmusikstudion.se\/en\/guest-composers\/guest-composers-2025\/youmna-saba\/","name":"Youmna Saba - Elektronmusikstudion","isPartOf":{"@id":"https:\/\/elektronmusikstudion.se\/#website"},"primaryImageOfPage":{"@id":"https:\/\/elektronmusikstudion.se\/en\/guest-composers\/guest-composers-2025\/youmna-saba\/#primaryimage"},"image":{"@id":"https:\/\/elektronmusikstudion.se\/en\/guest-composers\/guest-composers-2025\/youmna-saba\/#primaryimage"},"thumbnailUrl":"https:\/\/elektronmusikstudion.se\/wp-content\/uploads\/sites\/6\/2024\/12\/youmna_By_Nasri_Sayegh_2-2-1024x626.jpg","datePublished":"2024-12-03T10:36:50+00:00","dateModified":"2025-01-16T12:12:23+00:00","breadcrumb":{"@id":"https:\/\/elektronmusikstudion.se\/en\/guest-composers\/guest-composers-2025\/youmna-saba\/#breadcrumb"},"inLanguage":"en-US","potentialAction":[{"@type":"ReadAction","target":["https:\/\/elektronmusikstudion.se\/en\/guest-composers\/guest-composers-2025\/youmna-saba\/"]}]},{"@type":"ImageObject","inLanguage":"en-US","@id":"https:\/\/elektronmusikstudion.se\/en\/guest-composers\/guest-composers-2025\/youmna-saba\/#primaryimage","url":"https:\/\/elektronmusikstudion.se\/wp-content\/uploads\/sites\/6\/2024\/12\/youmna_By_Nasri_Sayegh_2-2-1024x626.jpg","contentUrl":"https:\/\/elektronmusikstudion.se\/wp-content\/uploads\/sites\/6\/2024\/12\/youmna_By_Nasri_Sayegh_2-2-1024x626.jpg"},{"@type":"BreadcrumbList","@id":"https:\/\/elektronmusikstudion.se\/en\/guest-composers\/guest-composers-2025\/youmna-saba\/#breadcrumb","itemListElement":[{"@type":"ListItem","position":1,"name":"Home","item":"https:\/\/elektronmusikstudion.se\/en\/"},{"@type":"ListItem","position":2,"name":"Guest Composers","item":"https:\/\/elektronmusikstudion.se\/en\/guest-composers\/"},{"@type":"ListItem","position":3,"name":"Guest Composers 2025","item":"https:\/\/elektronmusikstudion.se\/en\/guest-composers\/guest-composers-2025\/"},{"@type":"ListItem","position":4,"name":"Youmna Saba"}]},{"@type":"WebSite","@id":"https:\/\/elektronmusikstudion.se\/#website","url":"https:\/\/elektronmusikstudion.se\/","name":"Elektronmusikstudion","description":"","potentialAction":[{"@type":"SearchAction","target":{"@type":"EntryPoint","urlTemplate":"https:\/\/elektronmusikstudion.se\/?s={search_term_string}"},"query-input":{"@type":"PropertyValueSpecification","valueRequired":true,"valueName":"search_term_string"}}],"inLanguage":"en-US"}]}},"_links":{"self":[{"href":"https:\/\/elektronmusikstudion.se\/en\/wp-json\/wp\/v2\/pages\/686","targetHints":{"allow":["GET"]}}],"collection":[{"href":"https:\/\/elektronmusikstudion.se\/en\/wp-json\/wp\/v2\/pages"}],"about":[{"href":"https:\/\/elektronmusikstudion.se\/en\/wp-json\/wp\/v2\/types\/page"}],"author":[{"embeddable":true,"href":"https:\/\/elektronmusikstudion.se\/en\/wp-json\/wp\/v2\/users\/2"}],"replies":[{"embeddable":true,"href":"https:\/\/elektronmusikstudion.se\/en\/wp-json\/wp\/v2\/comments?post=686"}],"version-history":[{"count":4,"href":"https:\/\/elektronmusikstudion.se\/en\/wp-json\/wp\/v2\/pages\/686\/revisions"}],"predecessor-version":[{"id":1243,"href":"https:\/\/elektronmusikstudion.se\/en\/wp-json\/wp\/v2\/pages\/686\/revisions\/1243"}],"up":[{"embeddable":true,"href":"https:\/\/elektronmusikstudion.se\/en\/wp-json\/wp\/v2\/pages\/684"}],"wp:attachment":[{"href":"https:\/\/elektronmusikstudion.se\/en\/wp-json\/wp\/v2\/media?parent=686"}],"curies":[{"name":"wp","href":"https:\/\/api.w.org\/{rel}","templated":true}]}}