{"id":510,"date":"2024-11-27T13:26:32","date_gmt":"2024-11-27T12:26:32","guid":{"rendered":"https:\/\/elektronmusikstudion.se\/?page_id=510"},"modified":"2024-12-10T09:16:43","modified_gmt":"2024-12-10T08:16:43","slug":"how-to-get-to-ems","status":"publish","type":"page","link":"https:\/\/elektronmusikstudion.se\/en\/about-elektronmusikstudion-ems\/how-to-get-to-ems\/","title":{"rendered":"How to Get to EMS"},"content":{"rendered":"\n\n<div class=\"w-constrained richtext\"><external-link-icon>\n<h2 class=\"wp-block-heading\">Opening Hours<\/h2>\n<\/external-link-icon><\/div>\n\n<div class=\"w-constrained richtext\"><external-link-icon>\n<p>Our office is open Monday to Friday, 09.00\u201316.00.<br>Our studios are open 24\/7 for studio users. Learn more about how to <a href=\"https:\/\/elektronmusikstudion.se\/en\/our-studios\/\">book our studios here<\/a>.<\/p>\n<\/external-link-icon><\/div>\n\n<div class=\"w-constrained richtext\"><external-link-icon>\n<h2 class=\"wp-block-heading\">Address<\/h2>\n<\/external-link-icon><\/div>\n\n<div class=\"w-constrained richtext\"><external-link-icon>\n<p>Elektronmusikstudion EMS<br><a href=\"https:\/\/www.google.com\/maps\/place\/\/data=!4m2!3m1!1s0x465f77e7665d2c8d:0x48829a8e42d9985f?sa=X&amp;ved=1t:8290&amp;ictx=111\">S\u00f6der M\u00e4larstrand 61<\/a><br>118 25 Stockholm<\/p>\n<\/external-link-icon><\/div>\n\n<div class=\"w-constrained richtext\"><external-link-icon>\n<h2 class=\"wp-block-heading\">Directions<\/h2>\n<\/external-link-icon><\/div>\n\n<div class=\"w-constrained richtext\"><external-link-icon>\n<p>From Mariatorget subway station:<\/p>\n<\/external-link-icon><\/div>\n\n<div class=\"w-constrained richtext\"><external-link-icon>\n<ul class=\"wp-block-list\">\n<li>Exit toward Torkel Knutssonsgatan.<\/li>\n\n\n\n<li>Turn right onto Torkel Knutssonsgatan and follow the road downhill.<\/li>\n\n\n\n<li>Continue past the brick building, M\u00fcnchenbryggeriet, and take the stairs down to S\u00f6der M\u00e4larstrand.<\/li>\n\n\n\n<li>Turn left and walk approximately 240 meters. Look for number 61 with a green front door and the EMS logo.<\/li>\n<\/ul>\n<\/external-link-icon><\/div>","protected":false},"excerpt":{"rendered":"<p>Opening Hours Our office is open Monday to Friday, 09.00\u201316.00.Our studios are open 24\/7 for studio users. Learn more about how to book our studios here. Address Elektronmusikstudion EMSS\u00f6der M\u00e4larstrand 61118 25 Stockholm Directions From Mariatorget subway station:<\/p>\n","protected":false},"author":2,"featured_media":0,"parent":189,"menu_order":0,"comment_status":"closed","ping_status":"closed","template":"","meta":{"_acf_changed":false,"footnotes":""},"class_list":["post-510","page","type-page","status-publish","hentry"],"acf":[],"yoast_head":"<!-- This site is optimized with the Yoast SEO plugin v25.8 - https:\/\/yoast.com\/wordpress\/plugins\/seo\/ -->\n<title>How to Get to EMS - Elektronmusikstudion<\/title>\n<meta name=\"robots\" content=\"index, follow, max-snippet:-1, max-image-preview:large, max-video-preview:-1\" \/>\n<link rel=\"canonical\" href=\"https:\/\/elektronmusikstudion.se\/en\/about-elektronmusikstudion-ems\/how-to-get-to-ems\/\" \/>\n<meta property=\"og:locale\" content=\"en_US\" \/>\n<meta property=\"og:type\" content=\"article\" \/>\n<meta property=\"og:title\" content=\"How to Get to EMS - Elektronmusikstudion\" \/>\n<meta property=\"og:description\" content=\"Opening Hours Our office is open Monday to Friday, 09.00\u201316.00.Our studios are open 24\/7 for studio users. Learn more about how to book our studios here. Address Elektronmusikstudion EMSS\u00f6der M\u00e4larstrand 61118 25 Stockholm Directions From Mariatorget subway station:\" \/>\n<meta property=\"og:url\" content=\"https:\/\/elektronmusikstudion.se\/en\/about-elektronmusikstudion-ems\/how-to-get-to-ems\/\" \/>\n<meta property=\"og:site_name\" content=\"Elektronmusikstudion\" \/>\n<meta property=\"article:modified_time\" content=\"2024-12-10T08:16:43+00:00\" \/>\n<meta name=\"twitter:card\" content=\"summary_large_image\" \/>\n<meta name=\"twitter:label1\" content=\"Est. reading time\" \/>\n\t<meta name=\"twitter:data1\" content=\"1 minute\" \/>\n<script type=\"application\/ld+json\" class=\"yoast-schema-graph\">{\"@context\":\"https:\/\/schema.org\",\"@graph\":[{\"@type\":\"WebPage\",\"@id\":\"https:\/\/elektronmusikstudion.se\/en\/about-elektronmusikstudion-ems\/how-to-get-to-ems\/\",\"url\":\"https:\/\/elektronmusikstudion.se\/en\/about-elektronmusikstudion-ems\/how-to-get-to-ems\/\",\"name\":\"How to Get to EMS - Elektronmusikstudion\",\"isPartOf\":{\"@id\":\"https:\/\/elektronmusikstudion.se\/#website\"},\"datePublished\":\"2024-11-27T12:26:32+00:00\",\"dateModified\":\"2024-12-10T08:16:43+00:00\",\"breadcrumb\":{\"@id\":\"https:\/\/elektronmusikstudion.se\/en\/about-elektronmusikstudion-ems\/how-to-get-to-ems\/#breadcrumb\"},\"inLanguage\":\"en-US\",\"potentialAction\":[{\"@type\":\"ReadAction\",\"target\":[\"https:\/\/elektronmusikstudion.se\/en\/about-elektronmusikstudion-ems\/how-to-get-to-ems\/\"]}]},{\"@type\":\"BreadcrumbList\",\"@id\":\"https:\/\/elektronmusikstudion.se\/en\/about-elektronmusikstudion-ems\/how-to-get-to-ems\/#breadcrumb\",\"itemListElement\":[{\"@type\":\"ListItem\",\"position\":1,\"name\":\"Home\",\"item\":\"https:\/\/elektronmusikstudion.se\/en\/\"},{\"@type\":\"ListItem\",\"position\":2,\"name\":\"About Elektronmusikstudion EMS\",\"item\":\"https:\/\/elektronmusikstudion.se\/en\/about-elektronmusikstudion-ems\/\"},{\"@type\":\"ListItem\",\"position\":3,\"name\":\"How to Get to EMS\"}]},{\"@type\":\"WebSite\",\"@id\":\"https:\/\/elektronmusikstudion.se\/#website\",\"url\":\"https:\/\/elektronmusikstudion.se\/\",\"name\":\"Elektronmusikstudion\",\"description\":\"\",\"potentialAction\":[{\"@type\":\"SearchAction\",\"target\":{\"@type\":\"EntryPoint\",\"urlTemplate\":\"https:\/\/elektronmusikstudion.se\/?s={search_term_string}\"},\"query-input\":{\"@type\":\"PropertyValueSpecification\",\"valueRequired\":true,\"valueName\":\"search_term_string\"}}],\"inLanguage\":\"en-US\"}]}<\/script>\n<!-- \/ Yoast SEO plugin. -->","yoast_head_json":{"title":"How to Get to EMS - Elektronmusikstudion","robots":{"index":"index","follow":"follow","max-snippet":"max-snippet:-1","max-image-preview":"max-image-preview:large","max-video-preview":"max-video-preview:-1"},"canonical":"https:\/\/elektronmusikstudion.se\/en\/about-elektronmusikstudion-ems\/how-to-get-to-ems\/","og_locale":"en_US","og_type":"article","og_title":"How to Get to EMS - Elektronmusikstudion","og_description":"Opening Hours Our office is open Monday to Friday, 09.00\u201316.00.Our studios are open 24\/7 for studio users. Learn more about how to book our studios here. Address Elektronmusikstudion EMSS\u00f6der M\u00e4larstrand 61118 25 Stockholm Directions From Mariatorget subway station:","og_url":"https:\/\/elektronmusikstudion.se\/en\/about-elektronmusikstudion-ems\/how-to-get-to-ems\/","og_site_name":"Elektronmusikstudion","article_modified_time":"2024-12-10T08:16:43+00:00","twitter_card":"summary_large_image","twitter_misc":{"Est. reading time":"1 minute"},"schema":{"@context":"https:\/\/schema.org","@graph":[{"@type":"WebPage","@id":"https:\/\/elektronmusikstudion.se\/en\/about-elektronmusikstudion-ems\/how-to-get-to-ems\/","url":"https:\/\/elektronmusikstudion.se\/en\/about-elektronmusikstudion-ems\/how-to-get-to-ems\/","name":"How to Get to EMS - Elektronmusikstudion","isPartOf":{"@id":"https:\/\/elektronmusikstudion.se\/#website"},"datePublished":"2024-11-27T12:26:32+00:00","dateModified":"2024-12-10T08:16:43+00:00","breadcrumb":{"@id":"https:\/\/elektronmusikstudion.se\/en\/about-elektronmusikstudion-ems\/how-to-get-to-ems\/#breadcrumb"},"inLanguage":"en-US","potentialAction":[{"@type":"ReadAction","target":["https:\/\/elektronmusikstudion.se\/en\/about-elektronmusikstudion-ems\/how-to-get-to-ems\/"]}]},{"@type":"BreadcrumbList","@id":"https:\/\/elektronmusikstudion.se\/en\/about-elektronmusikstudion-ems\/how-to-get-to-ems\/#breadcrumb","itemListElement":[{"@type":"ListItem","position":1,"name":"Home","item":"https:\/\/elektronmusikstudion.se\/en\/"},{"@type":"ListItem","position":2,"name":"About Elektronmusikstudion EMS","item":"https:\/\/elektronmusikstudion.se\/en\/about-elektronmusikstudion-ems\/"},{"@type":"ListItem","position":3,"name":"How to Get to EMS"}]},{"@type":"WebSite","@id":"https:\/\/elektronmusikstudion.se\/#website","url":"https:\/\/elektronmusikstudion.se\/","name":"Elektronmusikstudion","description":"","potentialAction":[{"@type":"SearchAction","target":{"@type":"EntryPoint","urlTemplate":"https:\/\/elektronmusikstudion.se\/?s={search_term_string}"},"query-input":{"@type":"PropertyValueSpecification","valueRequired":true,"valueName":"search_term_string"}}],"inLanguage":"en-US"}]}},"_links":{"self":[{"href":"https:\/\/elektronmusikstudion.se\/en\/wp-json\/wp\/v2\/pages\/510","targetHints":{"allow":["GET"]}}],"collection":[{"href":"https:\/\/elektronmusikstudion.se\/en\/wp-json\/wp\/v2\/pages"}],"about":[{"href":"https:\/\/elektronmusikstudion.se\/en\/wp-json\/wp\/v2\/types\/page"}],"author":[{"embeddable":true,"href":"https:\/\/elektronmusikstudion.se\/en\/wp-json\/wp\/v2\/users\/2"}],"replies":[{"embeddable":true,"href":"https:\/\/elektronmusikstudion.se\/en\/wp-json\/wp\/v2\/comments?post=510"}],"version-history":[{"count":2,"href":"https:\/\/elektronmusikstudion.se\/en\/wp-json\/wp\/v2\/pages\/510\/revisions"}],"predecessor-version":[{"id":965,"href":"https:\/\/elektronmusikstudion.se\/en\/wp-json\/wp\/v2\/pages\/510\/revisions\/965"}],"up":[{"embeddable":true,"href":"https:\/\/elektronmusikstudion.se\/en\/wp-json\/wp\/v2\/pages\/189"}],"wp:attachment":[{"href":"https:\/\/elektronmusikstudion.se\/en\/wp-json\/wp\/v2\/media?parent=510"}],"curies":[{"name":"wp","href":"https:\/\/api.w.org\/{rel}","templated":true}]}}