{"id":2753,"date":"2025-01-21T15:51:49","date_gmt":"2025-01-21T14:51:49","guid":{"rendered":"https:\/\/elektronmusikstudion.se\/?page_id=2753"},"modified":"2025-01-21T15:51:49","modified_gmt":"2025-01-21T14:51:49","slug":"hugo-lioret","status":"publish","type":"page","link":"https:\/\/elektronmusikstudion.se\/en\/guest-composers\/guest-composers-2025\/hugo-lioret\/","title":{"rendered":"Hugo Lioret"},"content":{"rendered":"<div class=\"w-constrained\">\n\t<p class=\"mb-4 font-light font-text-font text-large-text leading-large-text md:mb-10\">EMS 10&ndash;22 February, 2025<\/p>\n<\/div>\n\n\n<div class=\"richtext w-constrained\">\n<figure class=\"wp-block-image size-large\"><img loading=\"lazy\" decoding=\"async\" width=\"1024\" height=\"683\" src=\"https:\/\/elektronmusikstudion.se\/wp-content\/uploads\/sites\/6\/2025\/01\/20231120_Experimontag-HQ-15-3-1024x683.jpg\" alt=\"\" class=\"wp-image-2754\" srcset=\"https:\/\/elektronmusikstudion.se\/wp-content\/uploads\/sites\/6\/2025\/01\/20231120_Experimontag-HQ-15-3-1024x683.jpg 1024w, https:\/\/elektronmusikstudion.se\/wp-content\/uploads\/sites\/6\/2025\/01\/20231120_Experimontag-HQ-15-3-300x200.jpg 300w, https:\/\/elektronmusikstudion.se\/wp-content\/uploads\/sites\/6\/2025\/01\/20231120_Experimontag-HQ-15-3-768x512.jpg 768w, https:\/\/elektronmusikstudion.se\/wp-content\/uploads\/sites\/6\/2025\/01\/20231120_Experimontag-HQ-15-3-1536x1024.jpg 1536w, https:\/\/elektronmusikstudion.se\/wp-content\/uploads\/sites\/6\/2025\/01\/20231120_Experimontag-HQ-15-3-2048x1365.jpg 2048w\" sizes=\"auto, (max-width: 1024px) 100vw, 1024px\" \/><figcaption class=\"wp-element-caption\">Photo by\u00a0Rebeesnaps<\/figcaption><\/figure>\n<\/div>\n\n<div class=\"w-constrained richtext\"><external-link-icon>\n<p>Hugo Lioret is a French sound artist, PhD researcher and mediator based in Paris. His work encompasses electroacoustic composition, free improvisation, audiovisual performances, music for fixed medias, sound\u00a0<em>in situ<\/em>\u00a0through digital processes, field recording and modular approaches.\u00a0<br><br>Hugo Lioret has published several musical works, demonstrating his commitment to questioning the relationship between art, technology and ecology. In addition to his artistic practice, Hugo Lioret is regularly involved in cultural mediation projects. In particular, he has worked with Ensemble 2e2m, INA GRM, La Muse En Circuit, GMEM and Alliance Fran\u00e7aise Rotterdam, to highlight the importance of listening and sound creation in educational contexts.\u00a0<br><br>As a PhD researcher, he is pursuing a sociomusicological action-research project based on bio-inspiration under the supervision of Hyacinthe Ravet (IReMus, Sorbonne University). His academic work includes reflections on field recording as a musical practice and its role as a tool for music mediation. Hugo has developed his relationship to sound in particular with Mathias Delplanque, Henri Landr\u00e9 at JetFM, Herv\u00e9 Bouley at Radio France, at the Institute of Sonology in The Hague and with Gerriet K. Sharma at Sp\u00e6s Lab Berlin.\u00a0<\/p>\n<\/external-link-icon><\/div>","protected":false},"excerpt":{"rendered":"<p>Hugo Lioret is a French sound artist, PhD researcher and mediator based in Paris. His work encompasses electroacoustic composition, free improvisation, audiovisual performances, music for fixed medias, sound\u00a0in situ\u00a0through digital processes, field recording and modular approaches.\u00a0 Hugo Lioret has published several musical works, demonstrating his commitment to questioning the relationship between art, technology and ecology. [&hellip;]<\/p>\n","protected":false},"author":4,"featured_media":0,"parent":684,"menu_order":0,"comment_status":"closed","ping_status":"closed","template":"","meta":{"_acf_changed":false,"footnotes":""},"class_list":["post-2753","page","type-page","status-publish","hentry"],"acf":[],"yoast_head":"<!-- This site is optimized with the Yoast SEO plugin v25.8 - https:\/\/yoast.com\/wordpress\/plugins\/seo\/ -->\n<title>Hugo Lioret - Elektronmusikstudion<\/title>\n<meta name=\"robots\" content=\"index, follow, max-snippet:-1, max-image-preview:large, max-video-preview:-1\" \/>\n<link rel=\"canonical\" href=\"https:\/\/elektronmusikstudion.se\/en\/guest-composers\/guest-composers-2025\/hugo-lioret\/\" \/>\n<meta property=\"og:locale\" content=\"en_US\" \/>\n<meta property=\"og:type\" content=\"article\" \/>\n<meta property=\"og:title\" content=\"Hugo Lioret - Elektronmusikstudion\" \/>\n<meta property=\"og:description\" content=\"Hugo Lioret is a French sound artist, PhD researcher and mediator based in Paris. His work encompasses electroacoustic composition, free improvisation, audiovisual performances, music for fixed medias, sound\u00a0in situ\u00a0through digital processes, field recording and modular approaches.\u00a0 Hugo Lioret has published several musical works, demonstrating his commitment to questioning the relationship between art, technology and ecology. [&hellip;]\" \/>\n<meta property=\"og:url\" content=\"https:\/\/elektronmusikstudion.se\/en\/guest-composers\/guest-composers-2025\/hugo-lioret\/\" \/>\n<meta property=\"og:site_name\" content=\"Elektronmusikstudion\" \/>\n<meta property=\"og:image\" content=\"https:\/\/elektronmusikstudion.se\/wp-content\/uploads\/sites\/6\/2025\/01\/20231120_Experimontag-HQ-15-3-1024x683.jpg\" \/>\n<meta name=\"twitter:card\" content=\"summary_large_image\" \/>\n<meta name=\"twitter:label1\" content=\"Est. reading time\" \/>\n\t<meta name=\"twitter:data1\" content=\"2 minutes\" \/>\n<script type=\"application\/ld+json\" class=\"yoast-schema-graph\">{\"@context\":\"https:\/\/schema.org\",\"@graph\":[{\"@type\":\"WebPage\",\"@id\":\"https:\/\/elektronmusikstudion.se\/en\/guest-composers\/guest-composers-2025\/hugo-lioret\/\",\"url\":\"https:\/\/elektronmusikstudion.se\/en\/guest-composers\/guest-composers-2025\/hugo-lioret\/\",\"name\":\"Hugo Lioret - Elektronmusikstudion\",\"isPartOf\":{\"@id\":\"https:\/\/elektronmusikstudion.se\/#website\"},\"primaryImageOfPage\":{\"@id\":\"https:\/\/elektronmusikstudion.se\/en\/guest-composers\/guest-composers-2025\/hugo-lioret\/#primaryimage\"},\"image\":{\"@id\":\"https:\/\/elektronmusikstudion.se\/en\/guest-composers\/guest-composers-2025\/hugo-lioret\/#primaryimage\"},\"thumbnailUrl\":\"https:\/\/elektronmusikstudion.se\/wp-content\/uploads\/sites\/6\/2025\/01\/20231120_Experimontag-HQ-15-3-1024x683.jpg\",\"datePublished\":\"2025-01-21T14:51:49+00:00\",\"breadcrumb\":{\"@id\":\"https:\/\/elektronmusikstudion.se\/en\/guest-composers\/guest-composers-2025\/hugo-lioret\/#breadcrumb\"},\"inLanguage\":\"en-US\",\"potentialAction\":[{\"@type\":\"ReadAction\",\"target\":[\"https:\/\/elektronmusikstudion.se\/en\/guest-composers\/guest-composers-2025\/hugo-lioret\/\"]}]},{\"@type\":\"ImageObject\",\"inLanguage\":\"en-US\",\"@id\":\"https:\/\/elektronmusikstudion.se\/en\/guest-composers\/guest-composers-2025\/hugo-lioret\/#primaryimage\",\"url\":\"https:\/\/elektronmusikstudion.se\/wp-content\/uploads\/sites\/6\/2025\/01\/20231120_Experimontag-HQ-15-3-1024x683.jpg\",\"contentUrl\":\"https:\/\/elektronmusikstudion.se\/wp-content\/uploads\/sites\/6\/2025\/01\/20231120_Experimontag-HQ-15-3-1024x683.jpg\"},{\"@type\":\"BreadcrumbList\",\"@id\":\"https:\/\/elektronmusikstudion.se\/en\/guest-composers\/guest-composers-2025\/hugo-lioret\/#breadcrumb\",\"itemListElement\":[{\"@type\":\"ListItem\",\"position\":1,\"name\":\"Home\",\"item\":\"https:\/\/elektronmusikstudion.se\/en\/\"},{\"@type\":\"ListItem\",\"position\":2,\"name\":\"Guest Composers\",\"item\":\"https:\/\/elektronmusikstudion.se\/en\/guest-composers\/\"},{\"@type\":\"ListItem\",\"position\":3,\"name\":\"Guest Composers 2025\",\"item\":\"https:\/\/elektronmusikstudion.se\/en\/guest-composers\/guest-composers-2025\/\"},{\"@type\":\"ListItem\",\"position\":4,\"name\":\"Hugo Lioret\"}]},{\"@type\":\"WebSite\",\"@id\":\"https:\/\/elektronmusikstudion.se\/#website\",\"url\":\"https:\/\/elektronmusikstudion.se\/\",\"name\":\"Elektronmusikstudion\",\"description\":\"\",\"potentialAction\":[{\"@type\":\"SearchAction\",\"target\":{\"@type\":\"EntryPoint\",\"urlTemplate\":\"https:\/\/elektronmusikstudion.se\/?s={search_term_string}\"},\"query-input\":{\"@type\":\"PropertyValueSpecification\",\"valueRequired\":true,\"valueName\":\"search_term_string\"}}],\"inLanguage\":\"en-US\"}]}<\/script>\n<!-- \/ Yoast SEO plugin. -->","yoast_head_json":{"title":"Hugo Lioret - Elektronmusikstudion","robots":{"index":"index","follow":"follow","max-snippet":"max-snippet:-1","max-image-preview":"max-image-preview:large","max-video-preview":"max-video-preview:-1"},"canonical":"https:\/\/elektronmusikstudion.se\/en\/guest-composers\/guest-composers-2025\/hugo-lioret\/","og_locale":"en_US","og_type":"article","og_title":"Hugo Lioret - Elektronmusikstudion","og_description":"Hugo Lioret is a French sound artist, PhD researcher and mediator based in Paris. His work encompasses electroacoustic composition, free improvisation, audiovisual performances, music for fixed medias, sound\u00a0in situ\u00a0through digital processes, field recording and modular approaches.\u00a0 Hugo Lioret has published several musical works, demonstrating his commitment to questioning the relationship between art, technology and ecology. [&hellip;]","og_url":"https:\/\/elektronmusikstudion.se\/en\/guest-composers\/guest-composers-2025\/hugo-lioret\/","og_site_name":"Elektronmusikstudion","og_image":[{"url":"https:\/\/elektronmusikstudion.se\/wp-content\/uploads\/sites\/6\/2025\/01\/20231120_Experimontag-HQ-15-3-1024x683.jpg","type":"","width":"","height":""}],"twitter_card":"summary_large_image","twitter_misc":{"Est. reading time":"2 minutes"},"schema":{"@context":"https:\/\/schema.org","@graph":[{"@type":"WebPage","@id":"https:\/\/elektronmusikstudion.se\/en\/guest-composers\/guest-composers-2025\/hugo-lioret\/","url":"https:\/\/elektronmusikstudion.se\/en\/guest-composers\/guest-composers-2025\/hugo-lioret\/","name":"Hugo Lioret - Elektronmusikstudion","isPartOf":{"@id":"https:\/\/elektronmusikstudion.se\/#website"},"primaryImageOfPage":{"@id":"https:\/\/elektronmusikstudion.se\/en\/guest-composers\/guest-composers-2025\/hugo-lioret\/#primaryimage"},"image":{"@id":"https:\/\/elektronmusikstudion.se\/en\/guest-composers\/guest-composers-2025\/hugo-lioret\/#primaryimage"},"thumbnailUrl":"https:\/\/elektronmusikstudion.se\/wp-content\/uploads\/sites\/6\/2025\/01\/20231120_Experimontag-HQ-15-3-1024x683.jpg","datePublished":"2025-01-21T14:51:49+00:00","breadcrumb":{"@id":"https:\/\/elektronmusikstudion.se\/en\/guest-composers\/guest-composers-2025\/hugo-lioret\/#breadcrumb"},"inLanguage":"en-US","potentialAction":[{"@type":"ReadAction","target":["https:\/\/elektronmusikstudion.se\/en\/guest-composers\/guest-composers-2025\/hugo-lioret\/"]}]},{"@type":"ImageObject","inLanguage":"en-US","@id":"https:\/\/elektronmusikstudion.se\/en\/guest-composers\/guest-composers-2025\/hugo-lioret\/#primaryimage","url":"https:\/\/elektronmusikstudion.se\/wp-content\/uploads\/sites\/6\/2025\/01\/20231120_Experimontag-HQ-15-3-1024x683.jpg","contentUrl":"https:\/\/elektronmusikstudion.se\/wp-content\/uploads\/sites\/6\/2025\/01\/20231120_Experimontag-HQ-15-3-1024x683.jpg"},{"@type":"BreadcrumbList","@id":"https:\/\/elektronmusikstudion.se\/en\/guest-composers\/guest-composers-2025\/hugo-lioret\/#breadcrumb","itemListElement":[{"@type":"ListItem","position":1,"name":"Home","item":"https:\/\/elektronmusikstudion.se\/en\/"},{"@type":"ListItem","position":2,"name":"Guest Composers","item":"https:\/\/elektronmusikstudion.se\/en\/guest-composers\/"},{"@type":"ListItem","position":3,"name":"Guest Composers 2025","item":"https:\/\/elektronmusikstudion.se\/en\/guest-composers\/guest-composers-2025\/"},{"@type":"ListItem","position":4,"name":"Hugo Lioret"}]},{"@type":"WebSite","@id":"https:\/\/elektronmusikstudion.se\/#website","url":"https:\/\/elektronmusikstudion.se\/","name":"Elektronmusikstudion","description":"","potentialAction":[{"@type":"SearchAction","target":{"@type":"EntryPoint","urlTemplate":"https:\/\/elektronmusikstudion.se\/?s={search_term_string}"},"query-input":{"@type":"PropertyValueSpecification","valueRequired":true,"valueName":"search_term_string"}}],"inLanguage":"en-US"}]}},"_links":{"self":[{"href":"https:\/\/elektronmusikstudion.se\/en\/wp-json\/wp\/v2\/pages\/2753","targetHints":{"allow":["GET"]}}],"collection":[{"href":"https:\/\/elektronmusikstudion.se\/en\/wp-json\/wp\/v2\/pages"}],"about":[{"href":"https:\/\/elektronmusikstudion.se\/en\/wp-json\/wp\/v2\/types\/page"}],"author":[{"embeddable":true,"href":"https:\/\/elektronmusikstudion.se\/en\/wp-json\/wp\/v2\/users\/4"}],"replies":[{"embeddable":true,"href":"https:\/\/elektronmusikstudion.se\/en\/wp-json\/wp\/v2\/comments?post=2753"}],"version-history":[{"count":2,"href":"https:\/\/elektronmusikstudion.se\/en\/wp-json\/wp\/v2\/pages\/2753\/revisions"}],"predecessor-version":[{"id":2762,"href":"https:\/\/elektronmusikstudion.se\/en\/wp-json\/wp\/v2\/pages\/2753\/revisions\/2762"}],"up":[{"embeddable":true,"href":"https:\/\/elektronmusikstudion.se\/en\/wp-json\/wp\/v2\/pages\/684"}],"wp:attachment":[{"href":"https:\/\/elektronmusikstudion.se\/en\/wp-json\/wp\/v2\/media?parent=2753"}],"curies":[{"name":"wp","href":"https:\/\/api.w.org\/{rel}","templated":true}]}}