{"id":13822,"date":"2026-04-21T14:36:37","date_gmt":"2026-04-21T12:36:37","guid":{"rendered":"https:\/\/elektronmusikstudion.se\/?page_id=13822"},"modified":"2026-04-27T15:01:40","modified_gmt":"2026-04-27T13:01:40","slug":"anna-duo","status":"publish","type":"page","link":"https:\/\/elektronmusikstudion.se\/en\/guest-composers\/guest-composers-2026\/anna-duo\/","title":{"rendered":"\u0101\u00f1\u00f1\u0101 Duo"},"content":{"rendered":"<div class=\"w-constrained\">\n\t<p class=\"mb-4 font-light font-text-font text-large-text leading-large-text md:mb-10\">At EMS May 7&ndash;13, 2026<\/p>\n<\/div>\n\n\n<div class=\"richtext w-constrained\">\n<figure class=\"wp-block-image size-large\"><img loading=\"lazy\" decoding=\"async\" width=\"1024\" height=\"1024\" src=\"https:\/\/elektronmusikstudion.se\/wp-content\/uploads\/sites\/6\/2026\/04\/anna_duo-1-1024x1024.jpg\" alt=\"\" class=\"wp-image-13875\" srcset=\"https:\/\/elektronmusikstudion.se\/wp-content\/uploads\/sites\/6\/2026\/04\/anna_duo-1-1024x1024.jpg 1024w, https:\/\/elektronmusikstudion.se\/wp-content\/uploads\/sites\/6\/2026\/04\/anna_duo-1-300x300.jpg 300w, https:\/\/elektronmusikstudion.se\/wp-content\/uploads\/sites\/6\/2026\/04\/anna_duo-1-150x150.jpg 150w, https:\/\/elektronmusikstudion.se\/wp-content\/uploads\/sites\/6\/2026\/04\/anna_duo-1-768x768.jpg 768w, https:\/\/elektronmusikstudion.se\/wp-content\/uploads\/sites\/6\/2026\/04\/anna_duo-1-1536x1536.jpg 1536w, https:\/\/elektronmusikstudion.se\/wp-content\/uploads\/sites\/6\/2026\/04\/anna_duo-1-2048x2048.jpg 2048w\" sizes=\"auto, (max-width: 1024px) 100vw, 1024px\" \/><figcaption class=\"wp-element-caption\">{&#8220;ARInfo&#8221;:{&#8220;IsUseAR&#8221;:false},&#8221;Version&#8221;:&#8221;1.0.0&#8243;,&#8221;MakeupInfo&#8221;:{&#8220;IsUseMakeup&#8221;:false},&#8221;FaceliftInfo&#8221;:{&#8220;IsChangeEyeLift&#8221;:false,&#8221;IsChangeFacelift&#8221;:false,&#8221;IsChangePostureLift&#8221;:false,&#8221;IsChangeNose&#8221;:false,&#8221;IsChangeFaceChin&#8221;:false,&#8221;IsChangeMouth&#8221;:false,&#8221;IsChangeThinFace&#8221;:false},&#8221;BeautyInfo&#8221;:{&#8220;SwitchMedicatedAcne&#8221;:false,&#8221;IsAIBeauty&#8221;:false,&#8221;IsBrightEyes&#8221;:false,&#8221;IsSharpen&#8221;:false,&#8221;IsOldBeauty&#8221;:false,&#8221;IsReduceBlackEyes&#8221;:false},&#8221;HandlerInfo&#8221;:{&#8220;AppName&#8221;:2},&#8221;FilterInfo&#8221;:{&#8220;IsUseFilter&#8221;:false}}<\/figcaption><\/figure>\n<\/div>\n\n<div class=\"w-constrained richtext\"><external-link-icon>\n<p><a href=\"https:\/\/annaduo.pro\/\">\u0101\u00f1\u00f1\u0101 Duo<\/a> is an interdisciplinary performative duo formed by multimedia artists Dr. <a href=\"https:\/\/www.anqiliu.com\/\">Anqi Liu<\/a> and <a href=\"https:\/\/zhanghanunwalled.com\/\">Han Zhang<\/a>. Their performances investigate cross-sensory perception and relational listening through DIY instrument design, including biosignal and sensor-based systems, paired with live audiovisual processes.<\/p>\n<\/external-link-icon><\/div>\n\n<div class=\"w-constrained richtext\"><external-link-icon>\n<p>Their work is not merely a collaboration, but a continuous merging of lives, thoughts, and psyches\u2014an evolving dreamscape where creative boundaries dissolve and reassemble in perpetual transformation.<\/p>\n<\/external-link-icon><\/div>\n\n<div class=\"w-constrained richtext\"><external-link-icon>\n<p>Recent activities include the BROILER Artistic Residency with Oracle Egg (Los Angeles), where they developed a DIY biosignal instrument within an interactive performative installation, and the Visiting Artist Scholar Designer Residency at Rocky Mountain College of Art + Design (Denver), centered on a DIY sensor-based interactive system. They also presented an experimental laser and sensor live show at the Dogstar Orchestra Festival (Los Angeles), which New Classic LA described as challenging perceptions of free will. They are also invited to the Every Woman Biennale (New York) in 2026. They are currently releasing an experimental film with Music For Your Inbox (Los Angeles), and their debut album is in progress.<\/p>\n<\/external-link-icon><\/div>\n\n<div class=\"w-constrained richtext\"><external-link-icon>\n<p><\/p>\n<\/external-link-icon><\/div>","protected":false},"excerpt":{"rendered":"<p>\u0101\u00f1\u00f1\u0101 Duo is an interdisciplinary performative duo formed by multimedia artists Dr. Anqi Liu and Han Zhang. Their performances investigate cross-sensory perception and relational listening through DIY instrument design, including biosignal and sensor-based systems, paired with live audiovisual processes. Their work is not merely a collaboration, but a continuous merging of lives, thoughts, and psyches\u2014an [&hellip;]<\/p>\n","protected":false},"author":4,"featured_media":0,"parent":11646,"menu_order":0,"comment_status":"closed","ping_status":"closed","template":"","meta":{"_acf_changed":false,"footnotes":""},"class_list":["post-13822","page","type-page","status-publish","hentry"],"acf":[],"yoast_head":"<!-- This site is optimized with the Yoast SEO plugin v25.8 - https:\/\/yoast.com\/wordpress\/plugins\/seo\/ -->\n<title>\u0101\u00f1\u00f1\u0101 Duo - Elektronmusikstudion<\/title>\n<meta name=\"robots\" content=\"index, follow, max-snippet:-1, max-image-preview:large, max-video-preview:-1\" \/>\n<link rel=\"canonical\" href=\"https:\/\/elektronmusikstudion.se\/en\/guest-composers\/guest-composers-2026\/anna-duo\/\" \/>\n<meta property=\"og:locale\" content=\"en_US\" \/>\n<meta property=\"og:type\" content=\"article\" \/>\n<meta property=\"og:title\" content=\"\u0101\u00f1\u00f1\u0101 Duo - Elektronmusikstudion\" \/>\n<meta property=\"og:description\" content=\"\u0101\u00f1\u00f1\u0101 Duo is an interdisciplinary performative duo formed by multimedia artists Dr. Anqi Liu and Han Zhang. Their performances investigate cross-sensory perception and relational listening through DIY instrument design, including biosignal and sensor-based systems, paired with live audiovisual processes. Their work is not merely a collaboration, but a continuous merging of lives, thoughts, and psyches\u2014an [&hellip;]\" \/>\n<meta property=\"og:url\" content=\"https:\/\/elektronmusikstudion.se\/en\/guest-composers\/guest-composers-2026\/anna-duo\/\" \/>\n<meta property=\"og:site_name\" content=\"Elektronmusikstudion\" \/>\n<meta property=\"article:modified_time\" content=\"2026-04-27T13:01:40+00:00\" \/>\n<meta property=\"og:image\" content=\"https:\/\/elektronmusikstudion.se\/wp-content\/uploads\/sites\/6\/2026\/04\/anna_duo-1-scaled.jpg\" \/>\n\t<meta property=\"og:image:width\" content=\"2560\" \/>\n\t<meta property=\"og:image:height\" content=\"2560\" \/>\n\t<meta property=\"og:image:type\" content=\"image\/jpeg\" \/>\n<meta name=\"twitter:card\" content=\"summary_large_image\" \/>\n<meta name=\"twitter:label1\" content=\"Est. reading time\" \/>\n\t<meta name=\"twitter:data1\" content=\"2 minutes\" \/>\n<script type=\"application\/ld+json\" class=\"yoast-schema-graph\">{\"@context\":\"https:\/\/schema.org\",\"@graph\":[{\"@type\":\"WebPage\",\"@id\":\"https:\/\/elektronmusikstudion.se\/en\/guest-composers\/guest-composers-2026\/anna-duo\/\",\"url\":\"https:\/\/elektronmusikstudion.se\/en\/guest-composers\/guest-composers-2026\/anna-duo\/\",\"name\":\"\u0101\u00f1\u00f1\u0101 Duo - Elektronmusikstudion\",\"isPartOf\":{\"@id\":\"https:\/\/elektronmusikstudion.se\/#website\"},\"primaryImageOfPage\":{\"@id\":\"https:\/\/elektronmusikstudion.se\/en\/guest-composers\/guest-composers-2026\/anna-duo\/#primaryimage\"},\"image\":{\"@id\":\"https:\/\/elektronmusikstudion.se\/en\/guest-composers\/guest-composers-2026\/anna-duo\/#primaryimage\"},\"thumbnailUrl\":\"https:\/\/elektronmusikstudion.se\/wp-content\/uploads\/sites\/6\/2026\/04\/anna_duo-1-1024x1024.jpg\",\"datePublished\":\"2026-04-21T12:36:37+00:00\",\"dateModified\":\"2026-04-27T13:01:40+00:00\",\"breadcrumb\":{\"@id\":\"https:\/\/elektronmusikstudion.se\/en\/guest-composers\/guest-composers-2026\/anna-duo\/#breadcrumb\"},\"inLanguage\":\"en-US\",\"potentialAction\":[{\"@type\":\"ReadAction\",\"target\":[\"https:\/\/elektronmusikstudion.se\/en\/guest-composers\/guest-composers-2026\/anna-duo\/\"]}]},{\"@type\":\"ImageObject\",\"inLanguage\":\"en-US\",\"@id\":\"https:\/\/elektronmusikstudion.se\/en\/guest-composers\/guest-composers-2026\/anna-duo\/#primaryimage\",\"url\":\"https:\/\/elektronmusikstudion.se\/wp-content\/uploads\/sites\/6\/2026\/04\/anna_duo-1-1024x1024.jpg\",\"contentUrl\":\"https:\/\/elektronmusikstudion.se\/wp-content\/uploads\/sites\/6\/2026\/04\/anna_duo-1-1024x1024.jpg\"},{\"@type\":\"BreadcrumbList\",\"@id\":\"https:\/\/elektronmusikstudion.se\/en\/guest-composers\/guest-composers-2026\/anna-duo\/#breadcrumb\",\"itemListElement\":[{\"@type\":\"ListItem\",\"position\":1,\"name\":\"Home\",\"item\":\"https:\/\/elektronmusikstudion.se\/en\/\"},{\"@type\":\"ListItem\",\"position\":2,\"name\":\"Guest Composers\",\"item\":\"https:\/\/elektronmusikstudion.se\/en\/guest-composers\/\"},{\"@type\":\"ListItem\",\"position\":3,\"name\":\"Guest Composers 2026\",\"item\":\"https:\/\/elektronmusikstudion.se\/en\/guest-composers\/guest-composers-2026\/\"},{\"@type\":\"ListItem\",\"position\":4,\"name\":\"\u0101\u00f1\u00f1\u0101 Duo\"}]},{\"@type\":\"WebSite\",\"@id\":\"https:\/\/elektronmusikstudion.se\/#website\",\"url\":\"https:\/\/elektronmusikstudion.se\/\",\"name\":\"Elektronmusikstudion\",\"description\":\"\",\"potentialAction\":[{\"@type\":\"SearchAction\",\"target\":{\"@type\":\"EntryPoint\",\"urlTemplate\":\"https:\/\/elektronmusikstudion.se\/?s={search_term_string}\"},\"query-input\":{\"@type\":\"PropertyValueSpecification\",\"valueRequired\":true,\"valueName\":\"search_term_string\"}}],\"inLanguage\":\"en-US\"}]}<\/script>\n<!-- \/ Yoast SEO plugin. -->","yoast_head_json":{"title":"\u0101\u00f1\u00f1\u0101 Duo - Elektronmusikstudion","robots":{"index":"index","follow":"follow","max-snippet":"max-snippet:-1","max-image-preview":"max-image-preview:large","max-video-preview":"max-video-preview:-1"},"canonical":"https:\/\/elektronmusikstudion.se\/en\/guest-composers\/guest-composers-2026\/anna-duo\/","og_locale":"en_US","og_type":"article","og_title":"\u0101\u00f1\u00f1\u0101 Duo - Elektronmusikstudion","og_description":"\u0101\u00f1\u00f1\u0101 Duo is an interdisciplinary performative duo formed by multimedia artists Dr. Anqi Liu and Han Zhang. Their performances investigate cross-sensory perception and relational listening through DIY instrument design, including biosignal and sensor-based systems, paired with live audiovisual processes. Their work is not merely a collaboration, but a continuous merging of lives, thoughts, and psyches\u2014an [&hellip;]","og_url":"https:\/\/elektronmusikstudion.se\/en\/guest-composers\/guest-composers-2026\/anna-duo\/","og_site_name":"Elektronmusikstudion","article_modified_time":"2026-04-27T13:01:40+00:00","og_image":[{"width":2560,"height":2560,"url":"https:\/\/elektronmusikstudion.se\/wp-content\/uploads\/sites\/6\/2026\/04\/anna_duo-1-scaled.jpg","type":"image\/jpeg"}],"twitter_card":"summary_large_image","twitter_misc":{"Est. reading time":"2 minutes"},"schema":{"@context":"https:\/\/schema.org","@graph":[{"@type":"WebPage","@id":"https:\/\/elektronmusikstudion.se\/en\/guest-composers\/guest-composers-2026\/anna-duo\/","url":"https:\/\/elektronmusikstudion.se\/en\/guest-composers\/guest-composers-2026\/anna-duo\/","name":"\u0101\u00f1\u00f1\u0101 Duo - Elektronmusikstudion","isPartOf":{"@id":"https:\/\/elektronmusikstudion.se\/#website"},"primaryImageOfPage":{"@id":"https:\/\/elektronmusikstudion.se\/en\/guest-composers\/guest-composers-2026\/anna-duo\/#primaryimage"},"image":{"@id":"https:\/\/elektronmusikstudion.se\/en\/guest-composers\/guest-composers-2026\/anna-duo\/#primaryimage"},"thumbnailUrl":"https:\/\/elektronmusikstudion.se\/wp-content\/uploads\/sites\/6\/2026\/04\/anna_duo-1-1024x1024.jpg","datePublished":"2026-04-21T12:36:37+00:00","dateModified":"2026-04-27T13:01:40+00:00","breadcrumb":{"@id":"https:\/\/elektronmusikstudion.se\/en\/guest-composers\/guest-composers-2026\/anna-duo\/#breadcrumb"},"inLanguage":"en-US","potentialAction":[{"@type":"ReadAction","target":["https:\/\/elektronmusikstudion.se\/en\/guest-composers\/guest-composers-2026\/anna-duo\/"]}]},{"@type":"ImageObject","inLanguage":"en-US","@id":"https:\/\/elektronmusikstudion.se\/en\/guest-composers\/guest-composers-2026\/anna-duo\/#primaryimage","url":"https:\/\/elektronmusikstudion.se\/wp-content\/uploads\/sites\/6\/2026\/04\/anna_duo-1-1024x1024.jpg","contentUrl":"https:\/\/elektronmusikstudion.se\/wp-content\/uploads\/sites\/6\/2026\/04\/anna_duo-1-1024x1024.jpg"},{"@type":"BreadcrumbList","@id":"https:\/\/elektronmusikstudion.se\/en\/guest-composers\/guest-composers-2026\/anna-duo\/#breadcrumb","itemListElement":[{"@type":"ListItem","position":1,"name":"Home","item":"https:\/\/elektronmusikstudion.se\/en\/"},{"@type":"ListItem","position":2,"name":"Guest Composers","item":"https:\/\/elektronmusikstudion.se\/en\/guest-composers\/"},{"@type":"ListItem","position":3,"name":"Guest Composers 2026","item":"https:\/\/elektronmusikstudion.se\/en\/guest-composers\/guest-composers-2026\/"},{"@type":"ListItem","position":4,"name":"\u0101\u00f1\u00f1\u0101 Duo"}]},{"@type":"WebSite","@id":"https:\/\/elektronmusikstudion.se\/#website","url":"https:\/\/elektronmusikstudion.se\/","name":"Elektronmusikstudion","description":"","potentialAction":[{"@type":"SearchAction","target":{"@type":"EntryPoint","urlTemplate":"https:\/\/elektronmusikstudion.se\/?s={search_term_string}"},"query-input":{"@type":"PropertyValueSpecification","valueRequired":true,"valueName":"search_term_string"}}],"inLanguage":"en-US"}]}},"_links":{"self":[{"href":"https:\/\/elektronmusikstudion.se\/en\/wp-json\/wp\/v2\/pages\/13822","targetHints":{"allow":["GET"]}}],"collection":[{"href":"https:\/\/elektronmusikstudion.se\/en\/wp-json\/wp\/v2\/pages"}],"about":[{"href":"https:\/\/elektronmusikstudion.se\/en\/wp-json\/wp\/v2\/types\/page"}],"author":[{"embeddable":true,"href":"https:\/\/elektronmusikstudion.se\/en\/wp-json\/wp\/v2\/users\/4"}],"replies":[{"embeddable":true,"href":"https:\/\/elektronmusikstudion.se\/en\/wp-json\/wp\/v2\/comments?post=13822"}],"version-history":[{"count":2,"href":"https:\/\/elektronmusikstudion.se\/en\/wp-json\/wp\/v2\/pages\/13822\/revisions"}],"predecessor-version":[{"id":13882,"href":"https:\/\/elektronmusikstudion.se\/en\/wp-json\/wp\/v2\/pages\/13822\/revisions\/13882"}],"up":[{"embeddable":true,"href":"https:\/\/elektronmusikstudion.se\/en\/wp-json\/wp\/v2\/pages\/11646"}],"wp:attachment":[{"href":"https:\/\/elektronmusikstudion.se\/en\/wp-json\/wp\/v2\/media?parent=13822"}],"curies":[{"name":"wp","href":"https:\/\/api.w.org\/{rel}","templated":true}]}}