{"id":12621,"date":"2026-01-21T13:40:45","date_gmt":"2026-01-21T12:40:45","guid":{"rendered":"https:\/\/elektronmusikstudion.se\/about-elektronmusikstudion-ems\/tillganglighet-2\/"},"modified":"2026-03-06T09:31:56","modified_gmt":"2026-03-06T08:31:56","slug":"tillganglighet","status":"publish","type":"page","link":"https:\/\/elektronmusikstudion.se\/en\/about-elektronmusikstudion-ems\/tillganglighet\/","title":{"rendered":"Accessibility"},"content":{"rendered":"\n\n<div class=\"w-constrained richtext\"><external-link-icon>\n<h2 class=\"wp-block-heading\">Getting Here<\/h2>\n<\/external-link-icon><\/div>\n\n<div class=\"w-constrained richtext\"><external-link-icon>\n<h3 class=\"wp-block-heading\">Address<\/h3>\n<\/external-link-icon><\/div>\n\n<div class=\"w-constrained richtext\"><external-link-icon>\n<p>S\u00f6der M\u00e4larstrand 61, Stockholm<br><a href=\"https:\/\/maps.app.goo.gl\/q3mUL8QPsmCWuanq5\">View map<\/a>.<\/p>\n<\/external-link-icon><\/div>\n\n<div class=\"w-constrained richtext\"><external-link-icon>\n<h3 class=\"wp-block-heading\">Bus<\/h3>\n<\/external-link-icon><\/div>\n\n<div class=\"w-constrained richtext\"><external-link-icon>\n<p>Bus 405 stops about 50 metres from our entrance.<br>The stop is called <em>M\u00fcnchenbryggeriet<\/em>.<\/p>\n<\/external-link-icon><\/div>\n\n<div class=\"w-constrained richtext\"><external-link-icon>\n<h3 class=\"wp-block-heading\">Metro<\/h3>\n<\/external-link-icon><\/div>\n\n<div class=\"w-constrained richtext\"><external-link-icon>\n<p>Red Line, Mariatorget station.<\/p>\n<\/external-link-icon><\/div>\n\n<div class=\"w-constrained richtext\"><external-link-icon>\n<p><strong>Directions from Mariatorget:<\/strong><\/p>\n<\/external-link-icon><\/div>\n\n<div class=\"w-constrained richtext\"><external-link-icon>\n<ul class=\"wp-block-list\">\n<li>Take the exit towards Torkel Knutssonsgatan.<\/li>\n\n\n\n<li>Turn right onto Torkel Knutssonsgatan and follow the street downhill.<\/li>\n\n\n\n<li>Continue past the brick building, M\u00fcnchenbryggeriet, and take the stairs down to S\u00f6der M\u00e4larstrand.<\/li>\n\n\n\n<li>Turn left and walk about 240 metres. Look for number 61, with a green front door and the EMS logo.<\/li>\n<\/ul>\n<\/external-link-icon><\/div>\n\n<div class=\"w-constrained richtext\"><external-link-icon>\n<h3 class=\"wp-block-heading\">Car, taxi and transport services<\/h3>\n<\/external-link-icon><\/div>\n\n<div class=\"w-constrained richtext\"><external-link-icon>\n<p>Address: S\u00f6der M\u00e4larstrand 61. Taxis can drive up to the entrance.<\/p>\n<\/external-link-icon><\/div>\n\n<div class=\"w-constrained richtext\"><external-link-icon>\n<p>EMS has a designated parking space outside the entrance. A parking permit can be borrowed from EMS.<\/p>\n<\/external-link-icon><\/div>\n\n<div class=\"w-constrained richtext\"><external-link-icon>\n<p>There are also paid parking spaces outside our entrance.<\/p>\n<\/external-link-icon><\/div>\n\n<div class=\"w-constrained richtext\"><external-link-icon>\n<h2 class=\"wp-block-heading\">Entrance and Doors<\/h2>\n<\/external-link-icon><\/div>\n\n<div class=\"w-constrained richtext\"><external-link-icon>\n<p>Our entrance is at street level. The doors have thresholds and do not have automatic door openers.<\/p>\n<\/external-link-icon><\/div>\n\n<div class=\"w-constrained richtext\"><external-link-icon>\n<h2 class=\"wp-block-heading\">For Wheelchair Users<\/h2>\n<\/external-link-icon><\/div>\n\n<div class=\"w-constrained richtext\"><external-link-icon>\n<p>Unfortunately, there is no elevator in our own premises. During office hours, EMS staff can assist you and unlock access to a stairwell with an elevator. From there, you can reach our upper floor, where Studio 6, Studio 7, the kitchenette, and the library are located.<\/p>\n<\/external-link-icon><\/div>\n\n<div class=\"w-constrained richtext\"><external-link-icon>\n<h2 class=\"wp-block-heading\">Assistance Dogs<\/h2>\n<\/external-link-icon><\/div>\n\n<div class=\"w-constrained richtext\"><external-link-icon>\n<p>Guide dogs, hearing dogs, and other assistance dogs are welcome. Other animals are not permitted on our premises.<\/p>\n<\/external-link-icon><\/div>\n\n<div class=\"w-constrained richtext\"><external-link-icon>\n<h2 class=\"wp-block-heading\">Toilets<\/h2>\n<\/external-link-icon><\/div>\n\n<div class=\"w-constrained richtext\"><external-link-icon>\n<p>There is an accessible toilet on the ground floor. A baby-changing table is also available.<\/p>\n<\/external-link-icon><\/div>\n\n<div class=\"w-constrained richtext\"><external-link-icon>\n<h2 class=\"wp-block-heading\">Feedback and Suggestions<\/h2>\n<\/external-link-icon><\/div>\n\n<div class=\"w-constrained richtext\"><external-link-icon>\n<p>We are continuously working to improve our facilities to make them more accessible.<br>If you have any feedback regarding accessibility, we would be pleased to hear from you. Please contact <a href=\"mailto:tillganglighet@elektronmusikstudion.se\">tillganglighet@elektronmusikstudion.se<\/a>.<\/p>\n<\/external-link-icon><\/div>\n\n<div class=\"w-constrained richtext\"><external-link-icon>\n<h2 class=\"wp-block-heading\">Digital Accessibility<\/h2>\n<\/external-link-icon><\/div>\n\n<div class=\"w-constrained richtext\"><external-link-icon>\n<p>Read more about how we work with <a href=\"https:\/\/elektronmusikstudion.se\/en\/about-the-website\/\">digital accessibility<\/a>. <\/p>\n<\/external-link-icon><\/div>\n\n<div class=\"w-constrained richtext\"><external-link-icon>\n<p><\/p>\n<\/external-link-icon><\/div>","protected":false},"excerpt":{"rendered":"<p>Getting Here Address S\u00f6der M\u00e4larstrand 61, StockholmView map. Bus Bus 405 stops about 50 metres from our entrance.The stop is called M\u00fcnchenbryggeriet. Metro Red Line, Mariatorget station. Directions from Mariatorget: Car, taxi and transport services Address: S\u00f6der M\u00e4larstrand 61. Taxis can drive up to the entrance. EMS has a designated parking space outside the entrance. [&hellip;]<\/p>\n","protected":false},"author":4,"featured_media":0,"parent":189,"menu_order":0,"comment_status":"closed","ping_status":"closed","template":"","meta":{"_acf_changed":false,"footnotes":""},"class_list":["post-12621","page","type-page","status-publish","hentry"],"acf":[],"yoast_head":"<!-- This site is optimized with the Yoast SEO plugin v25.8 - https:\/\/yoast.com\/wordpress\/plugins\/seo\/ -->\n<title>Accessibility - Elektronmusikstudion<\/title>\n<meta name=\"robots\" content=\"index, follow, max-snippet:-1, max-image-preview:large, max-video-preview:-1\" \/>\n<link rel=\"canonical\" href=\"https:\/\/elektronmusikstudion.se\/en\/about-elektronmusikstudion-ems\/tillganglighet\/\" \/>\n<meta property=\"og:locale\" content=\"en_US\" \/>\n<meta property=\"og:type\" content=\"article\" \/>\n<meta property=\"og:title\" content=\"Accessibility - Elektronmusikstudion\" \/>\n<meta property=\"og:description\" content=\"Getting Here Address S\u00f6der M\u00e4larstrand 61, StockholmView map. Bus Bus 405 stops about 50 metres from our entrance.The stop is called M\u00fcnchenbryggeriet. Metro Red Line, Mariatorget station. Directions from Mariatorget: Car, taxi and transport services Address: S\u00f6der M\u00e4larstrand 61. Taxis can drive up to the entrance. EMS has a designated parking space outside the entrance. [&hellip;]\" \/>\n<meta property=\"og:url\" content=\"https:\/\/elektronmusikstudion.se\/en\/about-elektronmusikstudion-ems\/tillganglighet\/\" \/>\n<meta property=\"og:site_name\" content=\"Elektronmusikstudion\" \/>\n<meta property=\"article:modified_time\" content=\"2026-03-06T08:31:56+00:00\" \/>\n<meta name=\"twitter:card\" content=\"summary_large_image\" \/>\n<meta name=\"twitter:label1\" content=\"Est. reading time\" \/>\n\t<meta name=\"twitter:data1\" content=\"2 minutes\" \/>\n<script type=\"application\/ld+json\" class=\"yoast-schema-graph\">{\"@context\":\"https:\/\/schema.org\",\"@graph\":[{\"@type\":\"WebPage\",\"@id\":\"https:\/\/elektronmusikstudion.se\/en\/about-elektronmusikstudion-ems\/tillganglighet\/\",\"url\":\"https:\/\/elektronmusikstudion.se\/en\/about-elektronmusikstudion-ems\/tillganglighet\/\",\"name\":\"Accessibility - Elektronmusikstudion\",\"isPartOf\":{\"@id\":\"https:\/\/elektronmusikstudion.se\/#website\"},\"datePublished\":\"2026-01-21T12:40:45+00:00\",\"dateModified\":\"2026-03-06T08:31:56+00:00\",\"breadcrumb\":{\"@id\":\"https:\/\/elektronmusikstudion.se\/en\/about-elektronmusikstudion-ems\/tillganglighet\/#breadcrumb\"},\"inLanguage\":\"en-US\",\"potentialAction\":[{\"@type\":\"ReadAction\",\"target\":[\"https:\/\/elektronmusikstudion.se\/en\/about-elektronmusikstudion-ems\/tillganglighet\/\"]}]},{\"@type\":\"BreadcrumbList\",\"@id\":\"https:\/\/elektronmusikstudion.se\/en\/about-elektronmusikstudion-ems\/tillganglighet\/#breadcrumb\",\"itemListElement\":[{\"@type\":\"ListItem\",\"position\":1,\"name\":\"Home\",\"item\":\"https:\/\/elektronmusikstudion.se\/en\/\"},{\"@type\":\"ListItem\",\"position\":2,\"name\":\"About Elektronmusikstudion EMS\",\"item\":\"https:\/\/elektronmusikstudion.se\/en\/about-elektronmusikstudion-ems\/\"},{\"@type\":\"ListItem\",\"position\":3,\"name\":\"Accessibility\"}]},{\"@type\":\"WebSite\",\"@id\":\"https:\/\/elektronmusikstudion.se\/#website\",\"url\":\"https:\/\/elektronmusikstudion.se\/\",\"name\":\"Elektronmusikstudion\",\"description\":\"\",\"potentialAction\":[{\"@type\":\"SearchAction\",\"target\":{\"@type\":\"EntryPoint\",\"urlTemplate\":\"https:\/\/elektronmusikstudion.se\/?s={search_term_string}\"},\"query-input\":{\"@type\":\"PropertyValueSpecification\",\"valueRequired\":true,\"valueName\":\"search_term_string\"}}],\"inLanguage\":\"en-US\"}]}<\/script>\n<!-- \/ Yoast SEO plugin. -->","yoast_head_json":{"title":"Accessibility - Elektronmusikstudion","robots":{"index":"index","follow":"follow","max-snippet":"max-snippet:-1","max-image-preview":"max-image-preview:large","max-video-preview":"max-video-preview:-1"},"canonical":"https:\/\/elektronmusikstudion.se\/en\/about-elektronmusikstudion-ems\/tillganglighet\/","og_locale":"en_US","og_type":"article","og_title":"Accessibility - Elektronmusikstudion","og_description":"Getting Here Address S\u00f6der M\u00e4larstrand 61, StockholmView map. Bus Bus 405 stops about 50 metres from our entrance.The stop is called M\u00fcnchenbryggeriet. Metro Red Line, Mariatorget station. Directions from Mariatorget: Car, taxi and transport services Address: S\u00f6der M\u00e4larstrand 61. Taxis can drive up to the entrance. EMS has a designated parking space outside the entrance. [&hellip;]","og_url":"https:\/\/elektronmusikstudion.se\/en\/about-elektronmusikstudion-ems\/tillganglighet\/","og_site_name":"Elektronmusikstudion","article_modified_time":"2026-03-06T08:31:56+00:00","twitter_card":"summary_large_image","twitter_misc":{"Est. reading time":"2 minutes"},"schema":{"@context":"https:\/\/schema.org","@graph":[{"@type":"WebPage","@id":"https:\/\/elektronmusikstudion.se\/en\/about-elektronmusikstudion-ems\/tillganglighet\/","url":"https:\/\/elektronmusikstudion.se\/en\/about-elektronmusikstudion-ems\/tillganglighet\/","name":"Accessibility - Elektronmusikstudion","isPartOf":{"@id":"https:\/\/elektronmusikstudion.se\/#website"},"datePublished":"2026-01-21T12:40:45+00:00","dateModified":"2026-03-06T08:31:56+00:00","breadcrumb":{"@id":"https:\/\/elektronmusikstudion.se\/en\/about-elektronmusikstudion-ems\/tillganglighet\/#breadcrumb"},"inLanguage":"en-US","potentialAction":[{"@type":"ReadAction","target":["https:\/\/elektronmusikstudion.se\/en\/about-elektronmusikstudion-ems\/tillganglighet\/"]}]},{"@type":"BreadcrumbList","@id":"https:\/\/elektronmusikstudion.se\/en\/about-elektronmusikstudion-ems\/tillganglighet\/#breadcrumb","itemListElement":[{"@type":"ListItem","position":1,"name":"Home","item":"https:\/\/elektronmusikstudion.se\/en\/"},{"@type":"ListItem","position":2,"name":"About Elektronmusikstudion EMS","item":"https:\/\/elektronmusikstudion.se\/en\/about-elektronmusikstudion-ems\/"},{"@type":"ListItem","position":3,"name":"Accessibility"}]},{"@type":"WebSite","@id":"https:\/\/elektronmusikstudion.se\/#website","url":"https:\/\/elektronmusikstudion.se\/","name":"Elektronmusikstudion","description":"","potentialAction":[{"@type":"SearchAction","target":{"@type":"EntryPoint","urlTemplate":"https:\/\/elektronmusikstudion.se\/?s={search_term_string}"},"query-input":{"@type":"PropertyValueSpecification","valueRequired":true,"valueName":"search_term_string"}}],"inLanguage":"en-US"}]}},"_links":{"self":[{"href":"https:\/\/elektronmusikstudion.se\/en\/wp-json\/wp\/v2\/pages\/12621","targetHints":{"allow":["GET"]}}],"collection":[{"href":"https:\/\/elektronmusikstudion.se\/en\/wp-json\/wp\/v2\/pages"}],"about":[{"href":"https:\/\/elektronmusikstudion.se\/en\/wp-json\/wp\/v2\/types\/page"}],"author":[{"embeddable":true,"href":"https:\/\/elektronmusikstudion.se\/en\/wp-json\/wp\/v2\/users\/4"}],"replies":[{"embeddable":true,"href":"https:\/\/elektronmusikstudion.se\/en\/wp-json\/wp\/v2\/comments?post=12621"}],"version-history":[{"count":5,"href":"https:\/\/elektronmusikstudion.se\/en\/wp-json\/wp\/v2\/pages\/12621\/revisions"}],"predecessor-version":[{"id":13046,"href":"https:\/\/elektronmusikstudion.se\/en\/wp-json\/wp\/v2\/pages\/12621\/revisions\/13046"}],"up":[{"embeddable":true,"href":"https:\/\/elektronmusikstudion.se\/en\/wp-json\/wp\/v2\/pages\/189"}],"wp:attachment":[{"href":"https:\/\/elektronmusikstudion.se\/en\/wp-json\/wp\/v2\/media?parent=12621"}],"curies":[{"name":"wp","href":"https:\/\/api.w.org\/{rel}","templated":true}]}}