{"id":1207,"date":"2025-01-15T15:34:27","date_gmt":"2025-01-15T14:34:27","guid":{"rendered":"https:\/\/elektronmusikstudion.se\/?page_id=1207"},"modified":"2025-01-15T15:35:40","modified_gmt":"2025-01-15T14:35:40","slug":"mara-schwerdtfeger","status":"publish","type":"page","link":"https:\/\/elektronmusikstudion.se\/en\/guest-composers\/guest-composers-2025\/mara-schwerdtfeger\/","title":{"rendered":"Mara Schwerdtfeger"},"content":{"rendered":"<div class=\"w-constrained\">\n\t<p class=\"mb-4 font-light font-text-font text-large-text leading-large-text md:mb-10\">At EMS 15&ndash;29 April, 2025<\/p>\n<\/div>\n\n\n<div class=\"w-constrained richtext\"><external-link-icon>\n<p>Mara is a composer and curator based in Eora Sydney. She plays the viola and collaborates with her laptop to create live performances and recorded pieces for film, dance, and gallery spaces. Informed by interactions and perspectives within environments, her work questions the coexistence and understanding between those who inhabit them. Her latest album <em><a href=\"https:\/\/eur03.safelinks.protection.outlook.com\/?url=https%3A%2F%2Fmaramaramara.bandcamp.com%2Falbum%2Fat-every-corner&amp;data=05%7C02%7Cmaria.hellqvist%40statensmusikverk.se%7C33fbb648995d420f187808dd3479e812%7C7a843a2ba20c4778929ae209287be0bc%7C0%7C0%7C638724420385932016%7CUnknown%7CTWFpbGZsb3d8eyJFbXB0eU1hcGkiOnRydWUsIlYiOiIwLjAuMDAwMCIsIlAiOiJXaW4zMiIsIkFOIjoiTWFpbCIsIldUIjoyfQ%3D%3D%7C0%7C%7C%7C&amp;sdata=wd8A2kCIIk%2B0dRATbiNZwu5igCWFOXeSlBNSvH%2B6dxo%3D&amp;reserved=0\">At Every Corner<\/a><\/em>&nbsp;is &#8220;a testament to her deep connection to time, place and community, as well as her skill in transforming everyday sounds into immersive auditory adventures.&#8221;<br><br>In 2019 she graduated from RMIT with a Bachelor of Design (Digital Media) and went on to attend LungA School (Sey\u00f0isfj\u00f6r\u00f0ur, IS) in 2020. Since then she has curated three major exhibitions: Cycles (2021, Sheffer); Gathering Geographies (2022, Darren Knight Gallery); and Building the Palace (2023, Blindside). Mara is a resident on Fade Radio with her program <em>Absorbed Terrain <\/em>and&nbsp;works with the Powerhouse Museum as an audio producer and researcher.<\/p>\n<\/external-link-icon><\/div>\n\n<div class=\"richtext w-constrained\">\n<figure class=\"wp-block-image size-large\"><img loading=\"lazy\" decoding=\"async\" width=\"834\" height=\"1024\" src=\"https:\/\/elektronmusikstudion.se\/wp-content\/uploads\/sites\/6\/2025\/01\/Mara-Schwerdtfeger-834x1024.jpg\" alt=\"\" class=\"wp-image-1208\" srcset=\"https:\/\/elektronmusikstudion.se\/wp-content\/uploads\/sites\/6\/2025\/01\/Mara-Schwerdtfeger-834x1024.jpg 834w, https:\/\/elektronmusikstudion.se\/wp-content\/uploads\/sites\/6\/2025\/01\/Mara-Schwerdtfeger-244x300.jpg 244w, https:\/\/elektronmusikstudion.se\/wp-content\/uploads\/sites\/6\/2025\/01\/Mara-Schwerdtfeger-768x943.jpg 768w, https:\/\/elektronmusikstudion.se\/wp-content\/uploads\/sites\/6\/2025\/01\/Mara-Schwerdtfeger-1252x1536.jpg 1252w, https:\/\/elektronmusikstudion.se\/wp-content\/uploads\/sites\/6\/2025\/01\/Mara-Schwerdtfeger.jpg 1580w\" sizes=\"auto, (max-width: 834px) 100vw, 834px\" \/><\/figure>\n<\/div>","protected":false},"excerpt":{"rendered":"<p>Mara is a composer and curator based in Eora Sydney. She plays the viola and collaborates with her laptop to create live performances and recorded pieces for film, dance, and gallery spaces. Informed by interactions and perspectives within environments, her work questions the coexistence and understanding between those who inhabit them. Her latest album At [&hellip;]<\/p>\n","protected":false},"author":2,"featured_media":0,"parent":684,"menu_order":0,"comment_status":"closed","ping_status":"closed","template":"","meta":{"_acf_changed":false,"footnotes":""},"class_list":["post-1207","page","type-page","status-publish","hentry"],"acf":[],"yoast_head":"<!-- This site is optimized with the Yoast SEO plugin v25.8 - https:\/\/yoast.com\/wordpress\/plugins\/seo\/ -->\n<title>Mara Schwerdtfeger - Elektronmusikstudion<\/title>\n<meta name=\"robots\" content=\"index, follow, max-snippet:-1, max-image-preview:large, max-video-preview:-1\" \/>\n<link rel=\"canonical\" href=\"https:\/\/elektronmusikstudion.se\/en\/guest-composers\/guest-composers-2025\/mara-schwerdtfeger\/\" \/>\n<meta property=\"og:locale\" content=\"en_US\" \/>\n<meta property=\"og:type\" content=\"article\" \/>\n<meta property=\"og:title\" content=\"Mara Schwerdtfeger - Elektronmusikstudion\" \/>\n<meta property=\"og:description\" content=\"Mara is a composer and curator based in Eora Sydney. She plays the viola and collaborates with her laptop to create live performances and recorded pieces for film, dance, and gallery spaces. Informed by interactions and perspectives within environments, her work questions the coexistence and understanding between those who inhabit them. Her latest album At [&hellip;]\" \/>\n<meta property=\"og:url\" content=\"https:\/\/elektronmusikstudion.se\/en\/guest-composers\/guest-composers-2025\/mara-schwerdtfeger\/\" \/>\n<meta property=\"og:site_name\" content=\"Elektronmusikstudion\" \/>\n<meta property=\"article:modified_time\" content=\"2025-01-15T14:35:40+00:00\" \/>\n<meta property=\"og:image\" content=\"https:\/\/elektronmusikstudion.se\/wp-content\/uploads\/sites\/6\/2025\/01\/Mara-Schwerdtfeger-834x1024.jpg\" \/>\n<meta name=\"twitter:card\" content=\"summary_large_image\" \/>\n<meta name=\"twitter:label1\" content=\"Est. reading time\" \/>\n\t<meta name=\"twitter:data1\" content=\"1 minute\" \/>\n<script type=\"application\/ld+json\" class=\"yoast-schema-graph\">{\"@context\":\"https:\/\/schema.org\",\"@graph\":[{\"@type\":\"WebPage\",\"@id\":\"https:\/\/elektronmusikstudion.se\/en\/guest-composers\/guest-composers-2025\/mara-schwerdtfeger\/\",\"url\":\"https:\/\/elektronmusikstudion.se\/en\/guest-composers\/guest-composers-2025\/mara-schwerdtfeger\/\",\"name\":\"Mara Schwerdtfeger - Elektronmusikstudion\",\"isPartOf\":{\"@id\":\"https:\/\/elektronmusikstudion.se\/#website\"},\"primaryImageOfPage\":{\"@id\":\"https:\/\/elektronmusikstudion.se\/en\/guest-composers\/guest-composers-2025\/mara-schwerdtfeger\/#primaryimage\"},\"image\":{\"@id\":\"https:\/\/elektronmusikstudion.se\/en\/guest-composers\/guest-composers-2025\/mara-schwerdtfeger\/#primaryimage\"},\"thumbnailUrl\":\"https:\/\/elektronmusikstudion.se\/wp-content\/uploads\/sites\/6\/2025\/01\/Mara-Schwerdtfeger-834x1024.jpg\",\"datePublished\":\"2025-01-15T14:34:27+00:00\",\"dateModified\":\"2025-01-15T14:35:40+00:00\",\"breadcrumb\":{\"@id\":\"https:\/\/elektronmusikstudion.se\/en\/guest-composers\/guest-composers-2025\/mara-schwerdtfeger\/#breadcrumb\"},\"inLanguage\":\"en-US\",\"potentialAction\":[{\"@type\":\"ReadAction\",\"target\":[\"https:\/\/elektronmusikstudion.se\/en\/guest-composers\/guest-composers-2025\/mara-schwerdtfeger\/\"]}]},{\"@type\":\"ImageObject\",\"inLanguage\":\"en-US\",\"@id\":\"https:\/\/elektronmusikstudion.se\/en\/guest-composers\/guest-composers-2025\/mara-schwerdtfeger\/#primaryimage\",\"url\":\"https:\/\/elektronmusikstudion.se\/wp-content\/uploads\/sites\/6\/2025\/01\/Mara-Schwerdtfeger-834x1024.jpg\",\"contentUrl\":\"https:\/\/elektronmusikstudion.se\/wp-content\/uploads\/sites\/6\/2025\/01\/Mara-Schwerdtfeger-834x1024.jpg\"},{\"@type\":\"BreadcrumbList\",\"@id\":\"https:\/\/elektronmusikstudion.se\/en\/guest-composers\/guest-composers-2025\/mara-schwerdtfeger\/#breadcrumb\",\"itemListElement\":[{\"@type\":\"ListItem\",\"position\":1,\"name\":\"Home\",\"item\":\"https:\/\/elektronmusikstudion.se\/en\/\"},{\"@type\":\"ListItem\",\"position\":2,\"name\":\"Guest Composers\",\"item\":\"https:\/\/elektronmusikstudion.se\/en\/guest-composers\/\"},{\"@type\":\"ListItem\",\"position\":3,\"name\":\"Guest Composers 2025\",\"item\":\"https:\/\/elektronmusikstudion.se\/en\/guest-composers\/guest-composers-2025\/\"},{\"@type\":\"ListItem\",\"position\":4,\"name\":\"Mara Schwerdtfeger\"}]},{\"@type\":\"WebSite\",\"@id\":\"https:\/\/elektronmusikstudion.se\/#website\",\"url\":\"https:\/\/elektronmusikstudion.se\/\",\"name\":\"Elektronmusikstudion\",\"description\":\"\",\"potentialAction\":[{\"@type\":\"SearchAction\",\"target\":{\"@type\":\"EntryPoint\",\"urlTemplate\":\"https:\/\/elektronmusikstudion.se\/?s={search_term_string}\"},\"query-input\":{\"@type\":\"PropertyValueSpecification\",\"valueRequired\":true,\"valueName\":\"search_term_string\"}}],\"inLanguage\":\"en-US\"}]}<\/script>\n<!-- \/ Yoast SEO plugin. -->","yoast_head_json":{"title":"Mara Schwerdtfeger - Elektronmusikstudion","robots":{"index":"index","follow":"follow","max-snippet":"max-snippet:-1","max-image-preview":"max-image-preview:large","max-video-preview":"max-video-preview:-1"},"canonical":"https:\/\/elektronmusikstudion.se\/en\/guest-composers\/guest-composers-2025\/mara-schwerdtfeger\/","og_locale":"en_US","og_type":"article","og_title":"Mara Schwerdtfeger - Elektronmusikstudion","og_description":"Mara is a composer and curator based in Eora Sydney. She plays the viola and collaborates with her laptop to create live performances and recorded pieces for film, dance, and gallery spaces. Informed by interactions and perspectives within environments, her work questions the coexistence and understanding between those who inhabit them. Her latest album At [&hellip;]","og_url":"https:\/\/elektronmusikstudion.se\/en\/guest-composers\/guest-composers-2025\/mara-schwerdtfeger\/","og_site_name":"Elektronmusikstudion","article_modified_time":"2025-01-15T14:35:40+00:00","og_image":[{"url":"https:\/\/elektronmusikstudion.se\/wp-content\/uploads\/sites\/6\/2025\/01\/Mara-Schwerdtfeger-834x1024.jpg","type":"","width":"","height":""}],"twitter_card":"summary_large_image","twitter_misc":{"Est. reading time":"1 minute"},"schema":{"@context":"https:\/\/schema.org","@graph":[{"@type":"WebPage","@id":"https:\/\/elektronmusikstudion.se\/en\/guest-composers\/guest-composers-2025\/mara-schwerdtfeger\/","url":"https:\/\/elektronmusikstudion.se\/en\/guest-composers\/guest-composers-2025\/mara-schwerdtfeger\/","name":"Mara Schwerdtfeger - Elektronmusikstudion","isPartOf":{"@id":"https:\/\/elektronmusikstudion.se\/#website"},"primaryImageOfPage":{"@id":"https:\/\/elektronmusikstudion.se\/en\/guest-composers\/guest-composers-2025\/mara-schwerdtfeger\/#primaryimage"},"image":{"@id":"https:\/\/elektronmusikstudion.se\/en\/guest-composers\/guest-composers-2025\/mara-schwerdtfeger\/#primaryimage"},"thumbnailUrl":"https:\/\/elektronmusikstudion.se\/wp-content\/uploads\/sites\/6\/2025\/01\/Mara-Schwerdtfeger-834x1024.jpg","datePublished":"2025-01-15T14:34:27+00:00","dateModified":"2025-01-15T14:35:40+00:00","breadcrumb":{"@id":"https:\/\/elektronmusikstudion.se\/en\/guest-composers\/guest-composers-2025\/mara-schwerdtfeger\/#breadcrumb"},"inLanguage":"en-US","potentialAction":[{"@type":"ReadAction","target":["https:\/\/elektronmusikstudion.se\/en\/guest-composers\/guest-composers-2025\/mara-schwerdtfeger\/"]}]},{"@type":"ImageObject","inLanguage":"en-US","@id":"https:\/\/elektronmusikstudion.se\/en\/guest-composers\/guest-composers-2025\/mara-schwerdtfeger\/#primaryimage","url":"https:\/\/elektronmusikstudion.se\/wp-content\/uploads\/sites\/6\/2025\/01\/Mara-Schwerdtfeger-834x1024.jpg","contentUrl":"https:\/\/elektronmusikstudion.se\/wp-content\/uploads\/sites\/6\/2025\/01\/Mara-Schwerdtfeger-834x1024.jpg"},{"@type":"BreadcrumbList","@id":"https:\/\/elektronmusikstudion.se\/en\/guest-composers\/guest-composers-2025\/mara-schwerdtfeger\/#breadcrumb","itemListElement":[{"@type":"ListItem","position":1,"name":"Home","item":"https:\/\/elektronmusikstudion.se\/en\/"},{"@type":"ListItem","position":2,"name":"Guest Composers","item":"https:\/\/elektronmusikstudion.se\/en\/guest-composers\/"},{"@type":"ListItem","position":3,"name":"Guest Composers 2025","item":"https:\/\/elektronmusikstudion.se\/en\/guest-composers\/guest-composers-2025\/"},{"@type":"ListItem","position":4,"name":"Mara Schwerdtfeger"}]},{"@type":"WebSite","@id":"https:\/\/elektronmusikstudion.se\/#website","url":"https:\/\/elektronmusikstudion.se\/","name":"Elektronmusikstudion","description":"","potentialAction":[{"@type":"SearchAction","target":{"@type":"EntryPoint","urlTemplate":"https:\/\/elektronmusikstudion.se\/?s={search_term_string}"},"query-input":{"@type":"PropertyValueSpecification","valueRequired":true,"valueName":"search_term_string"}}],"inLanguage":"en-US"}]}},"_links":{"self":[{"href":"https:\/\/elektronmusikstudion.se\/en\/wp-json\/wp\/v2\/pages\/1207","targetHints":{"allow":["GET"]}}],"collection":[{"href":"https:\/\/elektronmusikstudion.se\/en\/wp-json\/wp\/v2\/pages"}],"about":[{"href":"https:\/\/elektronmusikstudion.se\/en\/wp-json\/wp\/v2\/types\/page"}],"author":[{"embeddable":true,"href":"https:\/\/elektronmusikstudion.se\/en\/wp-json\/wp\/v2\/users\/2"}],"replies":[{"embeddable":true,"href":"https:\/\/elektronmusikstudion.se\/en\/wp-json\/wp\/v2\/comments?post=1207"}],"version-history":[{"count":2,"href":"https:\/\/elektronmusikstudion.se\/en\/wp-json\/wp\/v2\/pages\/1207\/revisions"}],"predecessor-version":[{"id":1216,"href":"https:\/\/elektronmusikstudion.se\/en\/wp-json\/wp\/v2\/pages\/1207\/revisions\/1216"}],"up":[{"embeddable":true,"href":"https:\/\/elektronmusikstudion.se\/en\/wp-json\/wp\/v2\/pages\/684"}],"wp:attachment":[{"href":"https:\/\/elektronmusikstudion.se\/en\/wp-json\/wp\/v2\/media?parent=1207"}],"curies":[{"name":"wp","href":"https:\/\/api.w.org\/{rel}","templated":true}]}}