{"id":11707,"date":"2025-09-26T17:06:42","date_gmt":"2025-09-26T15:06:42","guid":{"rendered":"https:\/\/elektronmusikstudion.se\/?page_id=11707"},"modified":"2025-09-26T17:07:32","modified_gmt":"2025-09-26T15:07:32","slug":"basak-gunak-3","status":"publish","type":"page","link":"https:\/\/elektronmusikstudion.se\/en\/guest-composers\/guest-composers-2025\/basak-gunak-3\/","title":{"rendered":"Ba\u015fak G\u00fcnak"},"content":{"rendered":"<div class=\"w-constrained richtext\"><external-link-icon>\n<p>At EMS 8-11 October 2025<\/p>\n<\/external-link-icon><\/div>\n\n<div class=\"richtext w-constrained\">\n<figure class=\"wp-block-image size-large\"><img loading=\"lazy\" decoding=\"async\" width=\"1024\" height=\"576\" src=\"https:\/\/elektronmusikstudion.se\/wp-content\/uploads\/sites\/6\/2025\/09\/Basak-Gunak_Ah-Kosmos_Photo-Credit-Arda-Funda-1024x576.jpg\" alt=\"\" class=\"wp-image-11708\" srcset=\"https:\/\/elektronmusikstudion.se\/wp-content\/uploads\/sites\/6\/2025\/09\/Basak-Gunak_Ah-Kosmos_Photo-Credit-Arda-Funda-1024x576.jpg 1024w, https:\/\/elektronmusikstudion.se\/wp-content\/uploads\/sites\/6\/2025\/09\/Basak-Gunak_Ah-Kosmos_Photo-Credit-Arda-Funda-300x169.jpg 300w, https:\/\/elektronmusikstudion.se\/wp-content\/uploads\/sites\/6\/2025\/09\/Basak-Gunak_Ah-Kosmos_Photo-Credit-Arda-Funda-768x432.jpg 768w, https:\/\/elektronmusikstudion.se\/wp-content\/uploads\/sites\/6\/2025\/09\/Basak-Gunak_Ah-Kosmos_Photo-Credit-Arda-Funda-1536x864.jpg 1536w, https:\/\/elektronmusikstudion.se\/wp-content\/uploads\/sites\/6\/2025\/09\/Basak-Gunak_Ah-Kosmos_Photo-Credit-Arda-Funda-2048x1152.jpg 2048w\" sizes=\"auto, (max-width: 1024px) 100vw, 1024px\" \/><figcaption class=\"wp-element-caption\">Photo by Arda Funda<\/figcaption><\/figure>\n<\/div>\n\n<div class=\"w-constrained richtext\"><external-link-icon>\n<p><a href=\"https:\/\/www.basakgunak.com\/\">Ba\u015fak G\u00fcnak<\/a> is a sound artist and composer, internationally known as AH! KOSMOS in the field of electronic music. Her work includes sound art, performance, sound installation, composition for theater &amp; contemporary dance.\u00a0<br><br>She released three solo LPs from Subtext, Compost Records &amp; Denovali Records, two collaborative LPs with and numerous EPs. Her album \u2018Beautiful Swamp\u2019 listed as Best Albums of 2018 by Deutschlandfunk Kultur and \u2018Bluets\u2019 was selected by Byte.FM as Best Albums of 2022. Both timeless and otherworldly, G\u00fcnak\u2019s work unconsciously defies being tied to a genre, tapping into something beyond an immediate surrounding or experience to communicate something more transcendental. G\u00fcnak uses test equipment, acoustic instruments and found sounds to build a sonic realm.\u00a0<br><br>In addition to her musical compositions with AH! KOSMOS, G\u00fcnak pursues her sound experimentations as a sound artist, composing soundscapes for theatre, contemporary dance, film and visual art projects, and realising site-specific performances. Her works have been featured worldwide in several festivals and institutions, such as Barbican Theatre (UK), Martin-Gropius Bau(DE), Royal Theater Carr\u00e9 (NL), Sonar Festival (SP), Berlin CTM Festival (DE), Rotterdamse Schouwburg (NL) and Prague Quadrennial (CZ). In 2020, she presented her latest solo sound installation THE WELL, a piece for 11 speakers and performance in VKV Museum Istanbul. She has done composition for Martin-Gropius Bau, Berlin State Museums, Kunstmuseum Basel, Your Data Mirror which was awarded for 2 Webby Awards in Activism.\u00a0<br><br>She has been invited to artist residencies at Callie&#8217;s Berlin, INA GRM Paris, Elektronmusikstudion Stockholm, Bijloke Academy, and HELLERAU \u2013 European Center for the Arts. Most recently, she was invited by the Dutch National Opera and commissioned a sound installation by Sharjah Biennial 16.<\/p>\n<\/external-link-icon><\/div>","protected":false},"excerpt":{"rendered":"<p>At EMS 8-11 October 2025 Ba\u015fak G\u00fcnak is a sound artist and composer, internationally known as AH! KOSMOS in the field of electronic music. Her work includes sound art, performance, sound installation, composition for theater &amp; contemporary dance.\u00a0 She released three solo LPs from Subtext, Compost Records &amp; Denovali Records, two collaborative LPs with and [&hellip;]<\/p>\n","protected":false},"author":12,"featured_media":0,"parent":684,"menu_order":0,"comment_status":"closed","ping_status":"closed","template":"","meta":{"_acf_changed":false,"footnotes":""},"class_list":["post-11707","page","type-page","status-publish","hentry"],"acf":[],"yoast_head":"<!-- This site is optimized with the Yoast SEO plugin v25.8 - https:\/\/yoast.com\/wordpress\/plugins\/seo\/ -->\n<title>Ba\u015fak G\u00fcnak - Elektronmusikstudion<\/title>\n<meta name=\"robots\" content=\"index, follow, max-snippet:-1, max-image-preview:large, max-video-preview:-1\" \/>\n<link rel=\"canonical\" href=\"https:\/\/elektronmusikstudion.se\/en\/guest-composers\/guest-composers-2025\/basak-gunak-3\/\" \/>\n<meta property=\"og:locale\" content=\"en_US\" \/>\n<meta property=\"og:type\" content=\"article\" \/>\n<meta property=\"og:title\" content=\"Ba\u015fak G\u00fcnak - Elektronmusikstudion\" \/>\n<meta property=\"og:description\" content=\"At EMS 8-11 October 2025 Ba\u015fak G\u00fcnak is a sound artist and composer, internationally known as AH! KOSMOS in the field of electronic music. Her work includes sound art, performance, sound installation, composition for theater &amp; contemporary dance.\u00a0 She released three solo LPs from Subtext, Compost Records &amp; Denovali Records, two collaborative LPs with and [&hellip;]\" \/>\n<meta property=\"og:url\" content=\"https:\/\/elektronmusikstudion.se\/en\/guest-composers\/guest-composers-2025\/basak-gunak-3\/\" \/>\n<meta property=\"og:site_name\" content=\"Elektronmusikstudion\" \/>\n<meta property=\"article:modified_time\" content=\"2025-09-26T15:07:32+00:00\" \/>\n<meta property=\"og:image\" content=\"https:\/\/elektronmusikstudion.se\/wp-content\/uploads\/sites\/6\/2025\/09\/Basak-Gunak_Ah-Kosmos_Photo-Credit-Arda-Funda-scaled.jpg\" \/>\n\t<meta property=\"og:image:width\" content=\"2560\" \/>\n\t<meta property=\"og:image:height\" content=\"1440\" \/>\n\t<meta property=\"og:image:type\" content=\"image\/jpeg\" \/>\n<meta name=\"twitter:card\" content=\"summary_large_image\" \/>\n<meta name=\"twitter:label1\" content=\"Est. reading time\" \/>\n\t<meta name=\"twitter:data1\" content=\"2 minutes\" \/>\n<script type=\"application\/ld+json\" class=\"yoast-schema-graph\">{\"@context\":\"https:\/\/schema.org\",\"@graph\":[{\"@type\":\"WebPage\",\"@id\":\"https:\/\/elektronmusikstudion.se\/en\/guest-composers\/guest-composers-2025\/basak-gunak-3\/\",\"url\":\"https:\/\/elektronmusikstudion.se\/en\/guest-composers\/guest-composers-2025\/basak-gunak-3\/\",\"name\":\"Ba\u015fak G\u00fcnak - Elektronmusikstudion\",\"isPartOf\":{\"@id\":\"https:\/\/elektronmusikstudion.se\/#website\"},\"primaryImageOfPage\":{\"@id\":\"https:\/\/elektronmusikstudion.se\/en\/guest-composers\/guest-composers-2025\/basak-gunak-3\/#primaryimage\"},\"image\":{\"@id\":\"https:\/\/elektronmusikstudion.se\/en\/guest-composers\/guest-composers-2025\/basak-gunak-3\/#primaryimage\"},\"thumbnailUrl\":\"https:\/\/elektronmusikstudion.se\/wp-content\/uploads\/sites\/6\/2025\/09\/Basak-Gunak_Ah-Kosmos_Photo-Credit-Arda-Funda-1024x576.jpg\",\"datePublished\":\"2025-09-26T15:06:42+00:00\",\"dateModified\":\"2025-09-26T15:07:32+00:00\",\"breadcrumb\":{\"@id\":\"https:\/\/elektronmusikstudion.se\/en\/guest-composers\/guest-composers-2025\/basak-gunak-3\/#breadcrumb\"},\"inLanguage\":\"en-US\",\"potentialAction\":[{\"@type\":\"ReadAction\",\"target\":[\"https:\/\/elektronmusikstudion.se\/en\/guest-composers\/guest-composers-2025\/basak-gunak-3\/\"]}]},{\"@type\":\"ImageObject\",\"inLanguage\":\"en-US\",\"@id\":\"https:\/\/elektronmusikstudion.se\/en\/guest-composers\/guest-composers-2025\/basak-gunak-3\/#primaryimage\",\"url\":\"https:\/\/elektronmusikstudion.se\/wp-content\/uploads\/sites\/6\/2025\/09\/Basak-Gunak_Ah-Kosmos_Photo-Credit-Arda-Funda-1024x576.jpg\",\"contentUrl\":\"https:\/\/elektronmusikstudion.se\/wp-content\/uploads\/sites\/6\/2025\/09\/Basak-Gunak_Ah-Kosmos_Photo-Credit-Arda-Funda-1024x576.jpg\"},{\"@type\":\"BreadcrumbList\",\"@id\":\"https:\/\/elektronmusikstudion.se\/en\/guest-composers\/guest-composers-2025\/basak-gunak-3\/#breadcrumb\",\"itemListElement\":[{\"@type\":\"ListItem\",\"position\":1,\"name\":\"Home\",\"item\":\"https:\/\/elektronmusikstudion.se\/en\/\"},{\"@type\":\"ListItem\",\"position\":2,\"name\":\"Guest Composers\",\"item\":\"https:\/\/elektronmusikstudion.se\/en\/guest-composers\/\"},{\"@type\":\"ListItem\",\"position\":3,\"name\":\"Guest Composers 2025\",\"item\":\"https:\/\/elektronmusikstudion.se\/en\/guest-composers\/guest-composers-2025\/\"},{\"@type\":\"ListItem\",\"position\":4,\"name\":\"Ba\u015fak G\u00fcnak\"}]},{\"@type\":\"WebSite\",\"@id\":\"https:\/\/elektronmusikstudion.se\/#website\",\"url\":\"https:\/\/elektronmusikstudion.se\/\",\"name\":\"Elektronmusikstudion\",\"description\":\"\",\"potentialAction\":[{\"@type\":\"SearchAction\",\"target\":{\"@type\":\"EntryPoint\",\"urlTemplate\":\"https:\/\/elektronmusikstudion.se\/?s={search_term_string}\"},\"query-input\":{\"@type\":\"PropertyValueSpecification\",\"valueRequired\":true,\"valueName\":\"search_term_string\"}}],\"inLanguage\":\"en-US\"}]}<\/script>\n<!-- \/ Yoast SEO plugin. -->","yoast_head_json":{"title":"Ba\u015fak G\u00fcnak - Elektronmusikstudion","robots":{"index":"index","follow":"follow","max-snippet":"max-snippet:-1","max-image-preview":"max-image-preview:large","max-video-preview":"max-video-preview:-1"},"canonical":"https:\/\/elektronmusikstudion.se\/en\/guest-composers\/guest-composers-2025\/basak-gunak-3\/","og_locale":"en_US","og_type":"article","og_title":"Ba\u015fak G\u00fcnak - Elektronmusikstudion","og_description":"At EMS 8-11 October 2025 Ba\u015fak G\u00fcnak is a sound artist and composer, internationally known as AH! KOSMOS in the field of electronic music. Her work includes sound art, performance, sound installation, composition for theater &amp; contemporary dance.\u00a0 She released three solo LPs from Subtext, Compost Records &amp; Denovali Records, two collaborative LPs with and [&hellip;]","og_url":"https:\/\/elektronmusikstudion.se\/en\/guest-composers\/guest-composers-2025\/basak-gunak-3\/","og_site_name":"Elektronmusikstudion","article_modified_time":"2025-09-26T15:07:32+00:00","og_image":[{"width":2560,"height":1440,"url":"https:\/\/elektronmusikstudion.se\/wp-content\/uploads\/sites\/6\/2025\/09\/Basak-Gunak_Ah-Kosmos_Photo-Credit-Arda-Funda-scaled.jpg","type":"image\/jpeg"}],"twitter_card":"summary_large_image","twitter_misc":{"Est. reading time":"2 minutes"},"schema":{"@context":"https:\/\/schema.org","@graph":[{"@type":"WebPage","@id":"https:\/\/elektronmusikstudion.se\/en\/guest-composers\/guest-composers-2025\/basak-gunak-3\/","url":"https:\/\/elektronmusikstudion.se\/en\/guest-composers\/guest-composers-2025\/basak-gunak-3\/","name":"Ba\u015fak G\u00fcnak - Elektronmusikstudion","isPartOf":{"@id":"https:\/\/elektronmusikstudion.se\/#website"},"primaryImageOfPage":{"@id":"https:\/\/elektronmusikstudion.se\/en\/guest-composers\/guest-composers-2025\/basak-gunak-3\/#primaryimage"},"image":{"@id":"https:\/\/elektronmusikstudion.se\/en\/guest-composers\/guest-composers-2025\/basak-gunak-3\/#primaryimage"},"thumbnailUrl":"https:\/\/elektronmusikstudion.se\/wp-content\/uploads\/sites\/6\/2025\/09\/Basak-Gunak_Ah-Kosmos_Photo-Credit-Arda-Funda-1024x576.jpg","datePublished":"2025-09-26T15:06:42+00:00","dateModified":"2025-09-26T15:07:32+00:00","breadcrumb":{"@id":"https:\/\/elektronmusikstudion.se\/en\/guest-composers\/guest-composers-2025\/basak-gunak-3\/#breadcrumb"},"inLanguage":"en-US","potentialAction":[{"@type":"ReadAction","target":["https:\/\/elektronmusikstudion.se\/en\/guest-composers\/guest-composers-2025\/basak-gunak-3\/"]}]},{"@type":"ImageObject","inLanguage":"en-US","@id":"https:\/\/elektronmusikstudion.se\/en\/guest-composers\/guest-composers-2025\/basak-gunak-3\/#primaryimage","url":"https:\/\/elektronmusikstudion.se\/wp-content\/uploads\/sites\/6\/2025\/09\/Basak-Gunak_Ah-Kosmos_Photo-Credit-Arda-Funda-1024x576.jpg","contentUrl":"https:\/\/elektronmusikstudion.se\/wp-content\/uploads\/sites\/6\/2025\/09\/Basak-Gunak_Ah-Kosmos_Photo-Credit-Arda-Funda-1024x576.jpg"},{"@type":"BreadcrumbList","@id":"https:\/\/elektronmusikstudion.se\/en\/guest-composers\/guest-composers-2025\/basak-gunak-3\/#breadcrumb","itemListElement":[{"@type":"ListItem","position":1,"name":"Home","item":"https:\/\/elektronmusikstudion.se\/en\/"},{"@type":"ListItem","position":2,"name":"Guest Composers","item":"https:\/\/elektronmusikstudion.se\/en\/guest-composers\/"},{"@type":"ListItem","position":3,"name":"Guest Composers 2025","item":"https:\/\/elektronmusikstudion.se\/en\/guest-composers\/guest-composers-2025\/"},{"@type":"ListItem","position":4,"name":"Ba\u015fak G\u00fcnak"}]},{"@type":"WebSite","@id":"https:\/\/elektronmusikstudion.se\/#website","url":"https:\/\/elektronmusikstudion.se\/","name":"Elektronmusikstudion","description":"","potentialAction":[{"@type":"SearchAction","target":{"@type":"EntryPoint","urlTemplate":"https:\/\/elektronmusikstudion.se\/?s={search_term_string}"},"query-input":{"@type":"PropertyValueSpecification","valueRequired":true,"valueName":"search_term_string"}}],"inLanguage":"en-US"}]}},"_links":{"self":[{"href":"https:\/\/elektronmusikstudion.se\/en\/wp-json\/wp\/v2\/pages\/11707","targetHints":{"allow":["GET"]}}],"collection":[{"href":"https:\/\/elektronmusikstudion.se\/en\/wp-json\/wp\/v2\/pages"}],"about":[{"href":"https:\/\/elektronmusikstudion.se\/en\/wp-json\/wp\/v2\/types\/page"}],"author":[{"embeddable":true,"href":"https:\/\/elektronmusikstudion.se\/en\/wp-json\/wp\/v2\/users\/12"}],"replies":[{"embeddable":true,"href":"https:\/\/elektronmusikstudion.se\/en\/wp-json\/wp\/v2\/comments?post=11707"}],"version-history":[{"count":2,"href":"https:\/\/elektronmusikstudion.se\/en\/wp-json\/wp\/v2\/pages\/11707\/revisions"}],"predecessor-version":[{"id":11716,"href":"https:\/\/elektronmusikstudion.se\/en\/wp-json\/wp\/v2\/pages\/11707\/revisions\/11716"}],"up":[{"embeddable":true,"href":"https:\/\/elektronmusikstudion.se\/en\/wp-json\/wp\/v2\/pages\/684"}],"wp:attachment":[{"href":"https:\/\/elektronmusikstudion.se\/en\/wp-json\/wp\/v2\/media?parent=11707"}],"curies":[{"name":"wp","href":"https:\/\/api.w.org\/{rel}","templated":true}]}}