{"id":10795,"date":"2025-09-10T10:03:59","date_gmt":"2025-09-10T08:03:59","guid":{"rendered":"https:\/\/elektronmusikstudion.se\/?page_id=10795"},"modified":"2025-10-07T14:20:11","modified_gmt":"2025-10-07T12:20:11","slug":"open-studio-ama","status":"publish","type":"page","link":"https:\/\/elektronmusikstudion.se\/en\/courses\/workshops-and-seminars\/open-studio-ama\/","title":{"rendered":"Open Studio: AMA"},"content":{"rendered":"\n\n<div class=\"w-constrained richtext\"><external-link-icon>\n<p><strong>When:\u202f<\/strong>Wednesday October 8, kl. 18.00-20.00, 2025<br><strong>Where:<\/strong>\u202fElektronmusikstudion, S\u00f6der M\u00e4larstrand 61, Stockholm<br><strong>Fee<\/strong>: No fee.<br><strong>Sign up: <\/strong><s>The Open Studio presentation has a limited number of seats. Sign up link at the bottom of the website.<\/s>  The presentation is fully booked.<br><strong>Prerequisities<\/strong>: Language is English. <br><\/p>\n<\/external-link-icon><\/div>\n\n<div class=\"w-constrained richtext\"><external-link-icon>\n<p>Welcome to an Open Studio presentation at EMS with AMA.<br><br>AMA is the duo of visual artist Marie-Louise Andersson and sound artist Laure Boer. In their collaboration,&nbsp;they work at the intersection of sound, sunlight, performance, sound sculptures, and experimental music.&nbsp;Since 2023, they have been developing the sound piece ECHO PHOS, which premiered 2024 in Br\u00f8nsh\u00f8j Vandt\u00e5rn&nbsp;\u2014 a former water tower in Copenhagen (DK).&nbsp;During their stay at EMS, the artists will continue the development of ECHO PHOS.<br><br>On October 8, they&nbsp;will open their studio to present the sound sculptures and share insights into their process at Elektronmusikstudion.<\/p>\n<\/external-link-icon><\/div>\n\n<div class=\"grid gap-7 w-constrained-xl mx-auto my-10 md:my-20  lg:grid-cols-3 sm:grid-cols-2 grid-cols-1 \">\n\t  <div class=\"group mb-4 md:mb-0 \">\n <clickable-area>\n <div class=\"w-full  md:h-[21.25rem] h-[15.563rem] overflow-hidden\">\n <img decoding=\"async\" src=\"https:\/\/elektronmusikstudion.se\/wp-content\/uploads\/sites\/6\/2025\/08\/AMA-Andersson-Boer-1800-768x1024.jpg\"\n alt=\"\"\n class=\"w-full object-cover  md:h-[21.25rem] h-[15.563rem] \">\n <\/div>\n <div class=\"pt-2\">\n <h2 class=\"mb-2  decoration-2 font-heading-font font-weight-heading text-large-display-text leading-large-display-text\">\n  &#8211;\n  <\/h2>\n  <\/div>\n <\/clickable-area>\n <\/div>\n  <div class=\"group mb-4 md:mb-0 \">\n <clickable-area>\n <div class=\"w-full  md:h-[21.25rem] h-[15.563rem] overflow-hidden\">\n <img decoding=\"async\" src=\"https:\/\/elektronmusikstudion.se\/wp-content\/uploads\/sites\/6\/2025\/09\/AMA-Andersson-Boer-1-SVFK-IMG_3920-1800-768x1024.jpg\"\n alt=\"\"\n class=\"w-full object-cover  md:h-[21.25rem] h-[15.563rem] \">\n <\/div>\n <div class=\"pt-2\">\n <h2 class=\"mb-2  decoration-2 font-heading-font font-weight-heading text-large-display-text leading-large-display-text\">\n  &#8211;\n  <\/h2>\n  <\/div>\n <\/clickable-area>\n <\/div>\n  <div class=\"group mb-4 md:mb-0 \">\n <clickable-area>\n <div class=\"w-full  md:h-[21.25rem] h-[15.563rem] overflow-hidden\">\n <img decoding=\"async\" src=\"https:\/\/elektronmusikstudion.se\/wp-content\/uploads\/sites\/6\/2025\/08\/AMA-Andersson-Boer-SAL-IMG_4253-1800-768x1024.jpg\"\n alt=\"\"\n class=\"w-full object-cover  md:h-[21.25rem] h-[15.563rem] \">\n <\/div>\n <div class=\"pt-2\">\n <h2 class=\"mb-2  decoration-2 font-heading-font font-weight-heading text-large-display-text leading-large-display-text\">\n  &#8211;\n  <\/h2>\n  <\/div>\n <\/clickable-area>\n <\/div>\n \t<\/div>\n\n\n<div class=\"w-constrained richtext\"><external-link-icon>\n<p><em>ECHO PHOS is based on the resonance between brass sound sculptures, space, movement and sunlight.&nbsp;The sculptures act as a sonic mediation \u2013 between the sunlight and the exhibition space.&nbsp;When performing with the sculptures we&nbsp;convert the sunlight into moving frequencies, at the same time,&nbsp;the sculptures produce their own resonance \u2013 bouncing back the acoustics of the space.&nbsp;Creating a hyper-attentive environment in which each sound is maximally charged.&nbsp;In ECHO PHOS we explore light and materials potential for sound with a focus on the tactility of sound. We approach tactility as a way to listen with the skin.&nbsp;The skin is possibly, not the actual limit of where the body ends and everything else begins.&nbsp;<\/em><br><\/p>\n<\/external-link-icon><\/div>\n\n<div class=\"w-constrained richtext\"><external-link-icon>\n<h2 class=\"wp-block-heading\">Sign up here<\/h2>\n<\/external-link-icon><\/div>\n\n<div class=\"w-constrained richtext\"><external-link-icon>\n<p><s>The Open Studio presentation has a limited number of seats. Register here:<\/s> <br>The presentation is fully booked.<\/p>\n<\/external-link-icon><\/div>\n\n<div class=\"w-constrained richtext\"><external-link-icon>\n<p><br>For inquiries about the Open Studio, please contact the Education Coordinator at Elektronmusikstudion: lisa.stenberg@elektronmusikstudion.se<\/p>\n<\/external-link-icon><\/div>\n\n<div class=\"w-constrained richtext\"><external-link-icon>\n<p>AMA&#8217;s residency is kindly supported by the French Institute in Sweden \/&nbsp;<a href=\"https:\/\/ifsuede.com\/\">Institut fran\u00e7ais de Su\u00e8de \u2013 Institut Fran\u00e7ais de Su\u00e8de<\/a>,&nbsp;<a href=\"https:\/\/www.kunst.dk\/english\/\">Danish Arts foundation\/Statens Kunstfond<\/a>&nbsp;and&nbsp;<a href=\"https:\/\/artmusicdenmark.org\/en\/frontpage\/\">Art Music Denmark<\/a>.<\/p>\n<\/external-link-icon><\/div>","protected":false},"excerpt":{"rendered":"<p>When:\u202fWednesday October 8, kl. 18.00-20.00, 2025Where:\u202fElektronmusikstudion, S\u00f6der M\u00e4larstrand 61, StockholmFee: No fee.Sign up: The Open Studio presentation has a limited number of seats. Sign up link at the bottom of the website. The presentation is fully booked.Prerequisities: Language is English. Welcome to an Open Studio presentation at EMS with AMA. AMA is the duo of [&hellip;]<\/p>\n","protected":false},"author":13,"featured_media":0,"parent":9034,"menu_order":0,"comment_status":"closed","ping_status":"closed","template":"","meta":{"_acf_changed":false,"footnotes":""},"class_list":["post-10795","page","type-page","status-publish","hentry"],"acf":[],"yoast_head":"<!-- This site is optimized with the Yoast SEO plugin v25.8 - https:\/\/yoast.com\/wordpress\/plugins\/seo\/ -->\n<title>Open Studio: AMA - Elektronmusikstudion<\/title>\n<meta name=\"robots\" content=\"index, follow, max-snippet:-1, max-image-preview:large, max-video-preview:-1\" \/>\n<link rel=\"canonical\" href=\"https:\/\/elektronmusikstudion.se\/en\/courses\/workshops-and-seminars\/open-studio-ama\/\" \/>\n<meta property=\"og:locale\" content=\"en_US\" \/>\n<meta property=\"og:type\" content=\"article\" \/>\n<meta property=\"og:title\" content=\"Open Studio: AMA - Elektronmusikstudion\" \/>\n<meta property=\"og:description\" content=\"When:\u202fWednesday October 8, kl. 18.00-20.00, 2025Where:\u202fElektronmusikstudion, S\u00f6der M\u00e4larstrand 61, StockholmFee: No fee.Sign up: The Open Studio presentation has a limited number of seats. Sign up link at the bottom of the website. The presentation is fully booked.Prerequisities: Language is English. Welcome to an Open Studio presentation at EMS with AMA. AMA is the duo of [&hellip;]\" \/>\n<meta property=\"og:url\" content=\"https:\/\/elektronmusikstudion.se\/en\/courses\/workshops-and-seminars\/open-studio-ama\/\" \/>\n<meta property=\"og:site_name\" content=\"Elektronmusikstudion\" \/>\n<meta property=\"article:modified_time\" content=\"2025-10-07T12:20:11+00:00\" \/>\n<meta name=\"twitter:card\" content=\"summary_large_image\" \/>\n<meta name=\"twitter:label1\" content=\"Est. reading time\" \/>\n\t<meta name=\"twitter:data1\" content=\"2 minutes\" \/>\n<script type=\"application\/ld+json\" class=\"yoast-schema-graph\">{\"@context\":\"https:\/\/schema.org\",\"@graph\":[{\"@type\":\"WebPage\",\"@id\":\"https:\/\/elektronmusikstudion.se\/en\/courses\/workshops-and-seminars\/open-studio-ama\/\",\"url\":\"https:\/\/elektronmusikstudion.se\/en\/courses\/workshops-and-seminars\/open-studio-ama\/\",\"name\":\"Open Studio: AMA - Elektronmusikstudion\",\"isPartOf\":{\"@id\":\"https:\/\/elektronmusikstudion.se\/#website\"},\"datePublished\":\"2025-09-10T08:03:59+00:00\",\"dateModified\":\"2025-10-07T12:20:11+00:00\",\"breadcrumb\":{\"@id\":\"https:\/\/elektronmusikstudion.se\/en\/courses\/workshops-and-seminars\/open-studio-ama\/#breadcrumb\"},\"inLanguage\":\"en-US\",\"potentialAction\":[{\"@type\":\"ReadAction\",\"target\":[\"https:\/\/elektronmusikstudion.se\/en\/courses\/workshops-and-seminars\/open-studio-ama\/\"]}]},{\"@type\":\"BreadcrumbList\",\"@id\":\"https:\/\/elektronmusikstudion.se\/en\/courses\/workshops-and-seminars\/open-studio-ama\/#breadcrumb\",\"itemListElement\":[{\"@type\":\"ListItem\",\"position\":1,\"name\":\"Home\",\"item\":\"https:\/\/elektronmusikstudion.se\/en\/\"},{\"@type\":\"ListItem\",\"position\":2,\"name\":\"Courses\",\"item\":\"https:\/\/elektronmusikstudion.se\/en\/courses\/\"},{\"@type\":\"ListItem\",\"position\":3,\"name\":\"Workshops and presentations\",\"item\":\"https:\/\/elektronmusikstudion.se\/en\/courses\/workshops-and-seminars\/\"},{\"@type\":\"ListItem\",\"position\":4,\"name\":\"Open Studio: AMA\"}]},{\"@type\":\"WebSite\",\"@id\":\"https:\/\/elektronmusikstudion.se\/#website\",\"url\":\"https:\/\/elektronmusikstudion.se\/\",\"name\":\"Elektronmusikstudion\",\"description\":\"\",\"potentialAction\":[{\"@type\":\"SearchAction\",\"target\":{\"@type\":\"EntryPoint\",\"urlTemplate\":\"https:\/\/elektronmusikstudion.se\/?s={search_term_string}\"},\"query-input\":{\"@type\":\"PropertyValueSpecification\",\"valueRequired\":true,\"valueName\":\"search_term_string\"}}],\"inLanguage\":\"en-US\"}]}<\/script>\n<!-- \/ Yoast SEO plugin. -->","yoast_head_json":{"title":"Open Studio: AMA - Elektronmusikstudion","robots":{"index":"index","follow":"follow","max-snippet":"max-snippet:-1","max-image-preview":"max-image-preview:large","max-video-preview":"max-video-preview:-1"},"canonical":"https:\/\/elektronmusikstudion.se\/en\/courses\/workshops-and-seminars\/open-studio-ama\/","og_locale":"en_US","og_type":"article","og_title":"Open Studio: AMA - Elektronmusikstudion","og_description":"When:\u202fWednesday October 8, kl. 18.00-20.00, 2025Where:\u202fElektronmusikstudion, S\u00f6der M\u00e4larstrand 61, StockholmFee: No fee.Sign up: The Open Studio presentation has a limited number of seats. Sign up link at the bottom of the website. The presentation is fully booked.Prerequisities: Language is English. Welcome to an Open Studio presentation at EMS with AMA. AMA is the duo of [&hellip;]","og_url":"https:\/\/elektronmusikstudion.se\/en\/courses\/workshops-and-seminars\/open-studio-ama\/","og_site_name":"Elektronmusikstudion","article_modified_time":"2025-10-07T12:20:11+00:00","twitter_card":"summary_large_image","twitter_misc":{"Est. reading time":"2 minutes"},"schema":{"@context":"https:\/\/schema.org","@graph":[{"@type":"WebPage","@id":"https:\/\/elektronmusikstudion.se\/en\/courses\/workshops-and-seminars\/open-studio-ama\/","url":"https:\/\/elektronmusikstudion.se\/en\/courses\/workshops-and-seminars\/open-studio-ama\/","name":"Open Studio: AMA - Elektronmusikstudion","isPartOf":{"@id":"https:\/\/elektronmusikstudion.se\/#website"},"datePublished":"2025-09-10T08:03:59+00:00","dateModified":"2025-10-07T12:20:11+00:00","breadcrumb":{"@id":"https:\/\/elektronmusikstudion.se\/en\/courses\/workshops-and-seminars\/open-studio-ama\/#breadcrumb"},"inLanguage":"en-US","potentialAction":[{"@type":"ReadAction","target":["https:\/\/elektronmusikstudion.se\/en\/courses\/workshops-and-seminars\/open-studio-ama\/"]}]},{"@type":"BreadcrumbList","@id":"https:\/\/elektronmusikstudion.se\/en\/courses\/workshops-and-seminars\/open-studio-ama\/#breadcrumb","itemListElement":[{"@type":"ListItem","position":1,"name":"Home","item":"https:\/\/elektronmusikstudion.se\/en\/"},{"@type":"ListItem","position":2,"name":"Courses","item":"https:\/\/elektronmusikstudion.se\/en\/courses\/"},{"@type":"ListItem","position":3,"name":"Workshops and presentations","item":"https:\/\/elektronmusikstudion.se\/en\/courses\/workshops-and-seminars\/"},{"@type":"ListItem","position":4,"name":"Open Studio: AMA"}]},{"@type":"WebSite","@id":"https:\/\/elektronmusikstudion.se\/#website","url":"https:\/\/elektronmusikstudion.se\/","name":"Elektronmusikstudion","description":"","potentialAction":[{"@type":"SearchAction","target":{"@type":"EntryPoint","urlTemplate":"https:\/\/elektronmusikstudion.se\/?s={search_term_string}"},"query-input":{"@type":"PropertyValueSpecification","valueRequired":true,"valueName":"search_term_string"}}],"inLanguage":"en-US"}]}},"_links":{"self":[{"href":"https:\/\/elektronmusikstudion.se\/en\/wp-json\/wp\/v2\/pages\/10795","targetHints":{"allow":["GET"]}}],"collection":[{"href":"https:\/\/elektronmusikstudion.se\/en\/wp-json\/wp\/v2\/pages"}],"about":[{"href":"https:\/\/elektronmusikstudion.se\/en\/wp-json\/wp\/v2\/types\/page"}],"author":[{"embeddable":true,"href":"https:\/\/elektronmusikstudion.se\/en\/wp-json\/wp\/v2\/users\/13"}],"replies":[{"embeddable":true,"href":"https:\/\/elektronmusikstudion.se\/en\/wp-json\/wp\/v2\/comments?post=10795"}],"version-history":[{"count":4,"href":"https:\/\/elektronmusikstudion.se\/en\/wp-json\/wp\/v2\/pages\/10795\/revisions"}],"predecessor-version":[{"id":11876,"href":"https:\/\/elektronmusikstudion.se\/en\/wp-json\/wp\/v2\/pages\/10795\/revisions\/11876"}],"up":[{"embeddable":true,"href":"https:\/\/elektronmusikstudion.se\/en\/wp-json\/wp\/v2\/pages\/9034"}],"wp:attachment":[{"href":"https:\/\/elektronmusikstudion.se\/en\/wp-json\/wp\/v2\/media?parent=10795"}],"curies":[{"name":"wp","href":"https:\/\/api.w.org\/{rel}","templated":true}]}}